{"id":906,"date":"2020-08-10T08:23:04","date_gmt":"2020-08-10T06:23:04","guid":{"rendered":"https:\/\/newnordicinvestor.com\/var-historia\/"},"modified":"2020-08-10T08:23:04","modified_gmt":"2020-08-10T06:23:04","slug":"var-historia","status":"publish","type":"page","link":"https:\/\/newnordicinvestor.com\/sv\/var-historia\/","title":{"rendered":"V\u00e5r historia"},"content":{"rendered":"<div class=\"wpb-content-wrapper\">[vc_row][vc_column]<div class=\"norebro-heading-sc heading text-center\"\n\tid=\"norebro-custom-69dec1466f94f\" \n\t \n\t>\n\t\n\t\n\t\n\t<h3 class=\"title\">\n\t\tOUR HISTORY\t<\/h3>\n\n\t\n\t\t\t<p class=\"subtitle\">\n\t\t\t\t\t<\/p>\n\t\t\n<\/div>[\/vc_column][\/vc_row][vc_row][vc_column][vc_single_image image=&#8221;863&#8243; img_size=&#8221;full&#8221; alignment=&#8221;center&#8221;][\/vc_column][\/vc_row][vc_row][vc_column][vc_column_text]<strong>Inspirerad av glada och friska m\u00e4nniskor<\/strong><br \/>\n Karl Kristian Bergman Jensen har arbetat inom h\u00e4lso- och sjukv\u00e5rdsbranschen sedan mitten av 1980-talet. Han var internationell s\u00e4ljare och produktutvecklare. N\u00e4r han reste runt i v\u00e4rlden och s\u00e5lde naturliga v\u00e4xtprodukter inspirerades han att \u00e4gna sitt liv \u00e5t att utveckla v\u00e4xtbaserade l\u00e4kemedel och kosttillskott f\u00f6r att \u00f6ka m\u00e4nniskors livskraft. \u201dJag s\u00e5g hur m\u00e4nniskor fr\u00e5n olika kulturer f\u00f6rb\u00e4ttrade sin dagliga livskvalitet genom att placera \u00f6rter och frukter i sin diet. Deras lycka utl\u00f6ste min passion f\u00f6r v\u00e4xtbaserade produkter. Min dr\u00f6m var att bygga ett f\u00f6retag som kunde utveckla \u00f6rtprodukter f\u00f6r b\u00e4ttre vitalitet och l\u00e4ngre liv. Produkter som \u00e4r s\u00e5 effektiva att det skulle f\u00f6r\u00e4ndra m\u00e4nniskors liv.\u201d Vid 27 \u00e5rs \u00e5lder och fast besluten att f\u00f6lja sin passion grundade Karl Kristian New Nordic i oktober 1990.<\/p>\n<p> <strong>Ett namn med betydelse<\/strong><br \/>\nF\u00f6retaget fick namnet New Nordic f\u00f6r att \u00e5terspegla en dynamisk och innovativ verksamhet baserad p\u00e5 nordisk tradition av att leva n\u00e4ra naturen och vara kreativa resande handelsm\u00e4n fr\u00e5n vikingatiden. Senare, 1997, lades det karakteristiska Silvertree till som logotyp. Tr\u00e4det symboliserar Yggdrasil, livets tr\u00e4d fr\u00e5n den nordiska mytologin. Silvret \u00e4r gl\u00e4nsande, modernt och h\u00f6gteknologiskt \u00e5 ena sidan, men det har ocks\u00e5 en feminin energi relaterad till m\u00e5nen och ebb och flod \u2013 det \u00e4r flytande, emotionellt, k\u00e4nsligt och mystiskt. Det \u00e4r lugnande, lindrande och renande. (Bild p\u00e5 New Nordic-loggan p\u00e5 b\u00e4rkasse eller produkter p\u00e5 hylla: Produkterna fr\u00e5n New Nordic levereras i olika f\u00f6rpackningar men alla b\u00e4r den karakteristiska Silvertree-logotypen.)<\/p>\n<p> <strong>Passion f\u00f6r innovation<\/strong><br \/>\nEfter att f\u00f6retaget etablerats inleddes forsknings- och produktutvecklingsarbetet. Det f\u00f6rsta verkliga genombrottet var Frutin\u00ae, en \u00f6rtmedicin f\u00f6r behandling av halsbr\u00e4nna och matsm\u00e4ltningsbesv\u00e4r. Baserat p\u00e5 ett extrakt av apelsiner skulle denna tuggbara tablett ge ett skummande lugnande skikt som flyter ovanp\u00e5 maginneh\u00e5llet och skyddar slemhinnorna i esofagus fr\u00e5n den irriterande magsyran som leder till halsbr\u00e4nna. Frutin erbj\u00f6d inte bara effektiv lindring p\u00e5 n\u00e5gra minuter eller till och med sekunder, utan l\u00e4t \u00e4ven magsaften bibeh\u00e5lla den syra som beh\u00f6vs f\u00f6r korrekt nedbrytning och filtrering av skadliga bakterier. Id\u00e9n och mekanismen med Frutin var banbrytande i en tid n\u00e4r l\u00e4kemedelsf\u00f6retagen registrerade om sina receptbelagda mags\u00e5rsl\u00e4kemedel till OTC-halsbr\u00e4nnel\u00e4kemedel. Detta berodde p\u00e5 uppt\u00e4ckten att mags\u00e5r inte bara orsakades av f\u00f6r mycket magsyra utan \u00e4ven av bakterien helicobacter pylori, som kunde bek\u00e4mpas med antibiotika. Frutin introducerades i Danmark 1992 som naturmedicin.<\/p>\n<p> <strong>Pionj\u00e4rpartner<\/strong><br \/>\nAktiviteterna \u00f6kade och i september 1992 ansl\u00f6t sig Marinus Bl\u00e5bjerg S\u00f8rensen, en tidigare kollega till Karl Kristian, till f\u00f6retaget som partner. Marinus, som ocks\u00e5 arbetat inom naturproduktbranschen sedan 80-talet, gav teamet stora ledarskapserfarenheter. Tillsammans reste de tv\u00e5 runt i v\u00e4rlden f\u00f6r att etablera samarbeten med l\u00e4kemedelsf\u00f6retag som var intresserade av att introducera denna nya och naturliga medicin p\u00e5 sin marknad. Under 90-talet var skepticismen mot naturliga produkter fortfarande h\u00f6g och m\u00e5nga l\u00e4kare f\u00f6redrog de kemiska l\u00f6sningarna. De naturliga produktdistribut\u00f6rerna var dock ivriga att lansera Frutin och snart s\u00e5lde New Nordic Frutin med stor framg\u00e5ng genom distribut\u00f6rer i m\u00e5nga l\u00e4nder, inklusive avl\u00e4gsna marknader som Kanada, USA och Australien. (Bild Australiensisk Frutin: Frutin, en effektiv naturmedicin f\u00f6r halsbr\u00e4nna och matsm\u00e4ltningsbesv\u00e4r var det f\u00f6rsta innovativa genombrottet f\u00f6r New Nordic.)<\/p>\n<p> <strong>Aktivering av livsprocesser<\/strong><br \/>\nDe tv\u00e5 aff\u00e4rspartnerna fortsatte sitt forsknings- och utvecklingsarbete b\u00e5de i Skandinavien med det lokala Roskilde-universitetet och internationellt med universitetssjukhus i Japan och framst\u00e5ende l\u00e4kare och specialister p\u00e5 ett antal europeiska f\u00f6retag. New Nordic byggde upp sin know-how \u2013 s\u00e4rskilt n\u00e4r det g\u00e4ller hur molekyler fr\u00e5n v\u00e4xtriket kan aktivera m\u00e4nskliga cellers livsprocesser. En kunskap som utg\u00f6r en utm\u00e4rkt plattform f\u00f6r att f\u00f6rs\u00f6ka f\u00f6rst\u00e5 hur v\u00e4xter och m\u00e4nniskor interagerar. Genom att f\u00f6rst\u00e5 hur specifika organceller kan aktiveras kan s\u00f6kandet efter v\u00e4xtmolekyler med specifika egenskaper inledas. Detta \u00e4r hemligheten bakom varf\u00f6r New Nordics produkter fungerar s\u00e5 bra och denna know-how \u00e4r unik f\u00f6r New Nordic.<\/p>\n<p> <strong>Id\u00e9n har f\u00e4rdats \u00f6ver hela v\u00e4rlden<\/strong><br \/>\nV\u00e4xtriket har en stark l\u00e4kande och vitalitetsbringande f\u00f6rm\u00e5ga. F\u00f6rdelar som kan hj\u00e4lpa oss att h\u00e5lla oss aktiva och h\u00e5lla ig\u00e5ng \u00e5ret runt. Arbetet med forskning, produktutveckling och testning accelererade och nya innovativa tabletter sl\u00e4pptes ut p\u00e5 marknaden. Vi vill alla k\u00e4nna oss bra och se unga ut, och denna unika metod f\u00f6r att hitta v\u00e4xtingredienser som kan aktivera livsprocesser och h\u00e5lla kroppen och organen ig\u00e5ng medan vi \u00e5ldras \u00e4r banbrytande. Id\u00e9n b\u00f6rjade i Skandinavien, men den spred sig snart runt om i v\u00e4rlden. M\u00e4nniskor fr\u00e5n hela Europa, Kanada och Fj\u00e4rran \u00d6stern ville anv\u00e4nda samma New Nordic-tillskott som m\u00e4nniskor i Danmark, Norge och Sverige tog varje dag. New Nordic hade redan s\u00e5lt Frutin till h\u00e4lsobutikerna i USA i m\u00e5nga \u00e5r, men f\u00f6retaget s\u00e5lde inte sina kosttillskott p\u00e5 apotek som de gjorde i Europa. Ett telefonsamtal under en solig v\u00e5rdag 2010 skulle \u00e4ndra p\u00e5 det. Category Managern p\u00e5 v\u00e4rldens st\u00f6rsta apotekskedja, som \u00e4r baserad i USA, bad att f\u00e5 tr\u00e4ffa chefen f\u00f6r New Nordic: \u201dOm du har en effektiv h\u00e5rtablett i ditt produktsortiment i Skandinavien skulle vi vilja se den\u201d. Detta var b\u00f6rjan p\u00e5 en ny era f\u00f6r New Nordic. I dag s\u00e4ljs New Nordics produkter dagligen i mer \u00e4n 50 000 apotek och h\u00e4lsobutiker i 32 l\u00e4nder fr\u00e5n Kina i \u00f6st till USA i v\u00e4st.<\/p>\n<p> <strong>Hur de g\u00f6r det<\/strong><br \/>\nNew Nordic satsar p\u00e5 kompromissl\u00f6s produktkvalitet, fr\u00e5n f\u00e4lt och skog till f\u00f6rpackningen i butiken. F\u00f6retaget unders\u00f6ker st\u00e4ndigt nya ingredienser och hittar nya s\u00e4tt att anv\u00e4nda befintliga. Inom programmet \u201dFr\u00e5n fr\u00f6 till hj\u00e4rta\u201d planterar de sina egna \u00f6rter och kontrollerar varje steg fr\u00e5n odling p\u00e5 f\u00e4ltet till leverans av den f\u00e4rdiga produkten till apoteket eller h\u00e4lso\u00e5terf\u00f6rs\u00e4ljaren. De samarbetar enbart med p\u00e5litliga odlare och v\u00e4xtf\u00f6r\u00e4dlare fr\u00e5n hela v\u00e4rlden. M\u00e4nniskor med vilka de har byggt n\u00e4ra relationer, baserade p\u00e5 \u00f6msesidigt f\u00f6rtroende.<\/p>\n<p>New Nordic analyserar alla ingredienser i kontrollerade laboratorier f\u00f6r att s\u00e4kerst\u00e4lla produkternas s\u00e4kerhet och effektivitet, genomf\u00f6ra omfattande tester och arbeta endast p\u00e5 grundval av evidensbaserad medicinsk forskning. F\u00f6r att g\u00f6ra detta har de n\u00e4ra kontakt med botaniska, n\u00e4rings- och l\u00e4kemedelsexperter \u00f6ver hela v\u00e4rlden.<\/p>\n<p>N\u00e4r deras produkter har godk\u00e4nts bearbetas de och f\u00f6rpackas i kontrollerade anl\u00e4ggningar under de str\u00e4ngaste kvalitetskontrollerna. Resultatet \u00e4r ett v\u00e4xande utbud av kosttillskott som har visat sig fr\u00e4mja livskraften och skjuta upp \u00e5ldersrelaterade degenereringsprocesser.<\/p>\n<p> <strong>Vitalitetsbringare<\/strong><br \/>\nI takt med att medvetenheten \u00f6kar om hur de \u00e4ldre inte bara kan leva l\u00e4ngre utan hur de ska leva bra, kan de \u00e4ldre i allt h\u00f6gre grad njuta av de n\u00f6jen som vitaliteten medf\u00f6r. \u00c4r det alltid n\u00f6dv\u00e4ndigt att begr\u00e4nsas p\u00e5 grund av sm\u00e4rta i leder och muskler eller bara brist p\u00e5 energi? P\u00e5 New Nordic tror man inte det, och man f\u00f6rs\u00f6ker g\u00f6ra n\u00e5got \u00e5t det. <\/p>\n<p>New Nordic erbjuder ett v\u00e4xande utbud av kosttillskott i form av naturliga h\u00e4lsoprodukter som \u00e4r utformade f\u00f6r att \u00f6ka den vitalitet som m\u00f6jligg\u00f6r ett aktivt liv l\u00e5ngt in i \u00e5lderdomen.<\/p>\n<p>De fem ikonprodukterna som du ser h\u00e4r \u00e4r b\u00e4sts\u00e4ljare. De representerar en del av de vitalitetsbringande v\u00e4xtbaserade och vitaminbaserade produkterna fr\u00e5n New Nordic som deras kunder har l\u00e4rt sig att leta efter i v\u00e4lsorterade butiker och aff\u00e4rer. Produkterna \u00e4r olika, men de \u00e4r alla m\u00e4rkta med kvalitet: Silvertree-m\u00e4rket fr\u00e5n New Nordic!<\/p>\n<p> <strong>Beauty in &#038; Out\u2122<\/strong><br \/>\n2020 hade de inre sk\u00f6nhetstillskotten blivit s\u00e5 framg\u00e5ngsrika f\u00f6r New Nordic att det var naturligt att ta n\u00e4sta steg in i sk\u00f6nhetsbranschen. Apotek och h\u00e4lso- och sk\u00f6nhetsbutiker hade redan en stor New Nordic-kundgrupp f\u00f6r inre sk\u00f6nhet som anv\u00e4nt sk\u00f6nhetstabletterna i m\u00e5nga \u00e5r. Dessa \u00e5terf\u00f6rs\u00e4ljare anv\u00e4ndes som r\u00e5dgivare av New Nordics sk\u00f6nhetstabletter framf\u00f6r andra tillverkares komsmetiska sk\u00f6nhetskr\u00e4mer. S\u00e5 vad var mer naturligt \u00e4n f\u00f6r New Nordic att utveckla naturliga rutiner f\u00f6r en kosmetisk hud- och h\u00e5rprodukt f\u00f6r att anv\u00e4ndas tillsammans med sina sk\u00f6nhetstabletter? Produkter med samma h\u00e4lsosamma \u00f6rtingredienser i b\u00e5de tabletterna och kr\u00e4merna f\u00f6r en holistisk dubbel metod f\u00f6r behandling av hudens hela ekosystem. Beauty In &amp; Out f\u00f6ddes.<\/p>\n<p> <strong>Dit New Nordic \u00e4r p\u00e5 v\u00e4g<\/strong><br \/>\nNew Nordic \u00e4r ett modernt familjedrivet f\u00f6retag. Vi stimulerar kreativitet och spetskompetens och ska s\u00e4kerst\u00e4lla utvecklingen av New Nordic i enlighet med v\u00e5r identitet, v\u00e5rt arv och v\u00e5r expertis. V\u00e5r strategi \u00e4r att utveckla kosttillskott, hudv\u00e5rd och h\u00e5rv\u00e5rd f\u00f6r att tillgodose s\u00e4rskilda h\u00e4lso- och sk\u00f6nhetsbehov och marknadsf\u00f6ra dessa under karakteristiska varum\u00e4rken till ett v\u00e4xande antal konsumenter \u00f6ver hela v\u00e4rlden. Ett antal av v\u00e5ra m\u00e4rkesvaror \u00e4r redan ledande i sin kategori och v\u00e5rt m\u00e5l \u00e4r att etablera v\u00e5ra varum\u00e4rken som de mest rekommenderade och f\u00f6redragna varum\u00e4rkena i sina respektive kategorier p\u00e5 en v\u00e4xande internationell marknad. De har, kort sagt, en v\u00e4xande andel p\u00e5 en v\u00e4xande marknad.<\/p>\n<p> <strong>Att f\u00f6rbli ett fritt och transparent f\u00f6retag<\/strong><br \/>\nI dagens globala ekonomi \u00e4r nyheter om f\u00f6retagsk\u00f6p dagliga rutiner. Men inte f\u00f6r New Nordic. De vill forts\u00e4tta att vara nya nordiska och g\u00f6ra det vi g\u00f6r \u00e4nnu b\u00e4ttre. De vill inte \u00f6vertas. D\u00e4rf\u00f6r introducerade \u00e4garna New Nordic p\u00e5 den svenska aktiemarknaden. I januari 2007 noterades New Nordic p\u00e5 NASDAQ Stockholm, First North. Detta ger ny nordisk tillg\u00e5ng till de finansiella resurser de beh\u00f6ver f\u00f6r att v\u00e4xa i hela v\u00e4rlden utan att beh\u00f6va s\u00e4lja f\u00f6retaget till ett st\u00f6rre l\u00e4kemedelsf\u00f6retag eller riskkapitalbolag. New Nordic \u00e4r oberoende och vill forts\u00e4tta att vara det. Att vara b\u00f6rsnoterad inneb\u00e4r ocks\u00e5 att alla kan k\u00f6pa aktier och bli \u00e4gare i New Nordic. Att finnas p\u00e5 aktiemarknaden inneb\u00e4r ocks\u00e5 att New Nordic m\u00e5ste rapportera allt som p\u00e5g\u00e5r i bolaget till allm\u00e4nheten. P\u00e5 s\u00e5 s\u00e4tt \u00e4r New Nordic ett \u00f6ppet, transparent och modernt f\u00f6retag d\u00e4r alla kan f\u00f6lja vad de g\u00f6r.[\/vc_column_text][\/vc_column][\/vc_row]\n<\/div>","protected":false},"excerpt":{"rendered":"<p>[vc_row][vc_column][\/vc_column][\/vc_row][vc_row][vc_column][vc_single_image image=&#8221;863&#8243; img_size=&#8221;full&#8221; alignment=&#8221;center&#8221;][\/vc_column][\/vc_row][vc_row][vc_column][vc_column_text]Inspirerad av glada och friska m\u00e4nniskor Karl Kristian Bergman Jensen har&#8230;<\/p>\n","protected":false},"author":1,"featured_media":684,"parent":0,"menu_order":0,"comment_status":"closed","ping_status":"closed","template":"","meta":{"_acf_changed":false,"footnotes":""},"class_list":["post-906","page","type-page","status-publish","has-post-thumbnail","hentry"],"acf":[],"yoast_head":"<!-- This site is optimized with the Yoast SEO plugin v27.4 - https:\/\/yoast.com\/product\/yoast-seo-wordpress\/ -->\n<title>V\u00e5r historia - NewNordicInvestor<\/title>\n<meta name=\"robots\" content=\"index, follow, max-snippet:-1, max-image-preview:large, max-video-preview:-1\" \/>\n<link rel=\"canonical\" href=\"https:\/\/newnordicinvestor.com\/sv\/var-historia\/\" \/>\n<meta property=\"og:locale\" content=\"sv_SE\" \/>\n<meta property=\"og:type\" content=\"article\" \/>\n<meta property=\"og:title\" content=\"V\u00e5r historia - NewNordicInvestor\" \/>\n<meta property=\"og:description\" content=\"[vc_row][vc_column][\/vc_column][\/vc_row][vc_row][vc_column][vc_single_image image=&#8221;863&#8243; img_size=&#8221;full&#8221; alignment=&#8221;center&#8221;][\/vc_column][\/vc_row][vc_row][vc_column][vc_column_text]Inspirerad av glada och friska m\u00e4nniskor Karl Kristian Bergman Jensen har...\" \/>\n<meta property=\"og:url\" content=\"https:\/\/newnordicinvestor.com\/sv\/var-historia\/\" \/>\n<meta property=\"og:site_name\" content=\"NewNordicInvestor\" \/>\n<meta property=\"og:image\" content=\"https:\/\/newnordicinvestor.com\/wp-content\/uploads\/2020\/05\/flowers4_investor.png\" \/>\n\t<meta property=\"og:image:width\" content=\"320\" \/>\n\t<meta property=\"og:image:height\" content=\"200\" \/>\n\t<meta property=\"og:image:type\" content=\"image\/png\" \/>\n<meta name=\"twitter:card\" content=\"summary_large_image\" \/>\n<meta name=\"twitter:label1\" content=\"Ber\u00e4knad l\u00e4stid\" \/>\n\t<meta name=\"twitter:data1\" content=\"9 minuter\" \/>\n<script type=\"application\/ld+json\" class=\"yoast-schema-graph\">{\"@context\":\"https:\\\/\\\/schema.org\",\"@graph\":[{\"@type\":\"WebPage\",\"@id\":\"https:\\\/\\\/newnordicinvestor.com\\\/sv\\\/var-historia\\\/\",\"url\":\"https:\\\/\\\/newnordicinvestor.com\\\/sv\\\/var-historia\\\/\",\"name\":\"V\u00e5r historia - NewNordicInvestor\",\"isPartOf\":{\"@id\":\"https:\\\/\\\/newnordicinvestor.com\\\/#website\"},\"primaryImageOfPage\":{\"@id\":\"https:\\\/\\\/newnordicinvestor.com\\\/sv\\\/var-historia\\\/#primaryimage\"},\"image\":{\"@id\":\"https:\\\/\\\/newnordicinvestor.com\\\/sv\\\/var-historia\\\/#primaryimage\"},\"thumbnailUrl\":\"https:\\\/\\\/newnordicinvestor.com\\\/wp-content\\\/uploads\\\/2020\\\/05\\\/flowers4_investor.png\",\"datePublished\":\"2020-08-10T06:23:04+00:00\",\"breadcrumb\":{\"@id\":\"https:\\\/\\\/newnordicinvestor.com\\\/sv\\\/var-historia\\\/#breadcrumb\"},\"inLanguage\":\"sv-SE\",\"potentialAction\":[{\"@type\":\"ReadAction\",\"target\":[\"https:\\\/\\\/newnordicinvestor.com\\\/sv\\\/var-historia\\\/\"]}]},{\"@type\":\"ImageObject\",\"inLanguage\":\"sv-SE\",\"@id\":\"https:\\\/\\\/newnordicinvestor.com\\\/sv\\\/var-historia\\\/#primaryimage\",\"url\":\"https:\\\/\\\/newnordicinvestor.com\\\/wp-content\\\/uploads\\\/2020\\\/05\\\/flowers4_investor.png\",\"contentUrl\":\"https:\\\/\\\/newnordicinvestor.com\\\/wp-content\\\/uploads\\\/2020\\\/05\\\/flowers4_investor.png\",\"width\":320,\"height\":200},{\"@type\":\"BreadcrumbList\",\"@id\":\"https:\\\/\\\/newnordicinvestor.com\\\/sv\\\/var-historia\\\/#breadcrumb\",\"itemListElement\":[{\"@type\":\"ListItem\",\"position\":1,\"name\":\"Home\",\"item\":\"https:\\\/\\\/newnordicinvestor.com\\\/sv\\\/\"},{\"@type\":\"ListItem\",\"position\":2,\"name\":\"V\u00e5r historia\"}]},{\"@type\":\"WebSite\",\"@id\":\"https:\\\/\\\/newnordicinvestor.com\\\/#website\",\"url\":\"https:\\\/\\\/newnordicinvestor.com\\\/\",\"name\":\"New Nordic Investor\",\"description\":\"New Nordic Investor\",\"publisher\":{\"@id\":\"https:\\\/\\\/newnordicinvestor.com\\\/#organization\"},\"potentialAction\":[{\"@type\":\"SearchAction\",\"target\":{\"@type\":\"EntryPoint\",\"urlTemplate\":\"https:\\\/\\\/newnordicinvestor.com\\\/?s={search_term_string}\"},\"query-input\":{\"@type\":\"PropertyValueSpecification\",\"valueRequired\":true,\"valueName\":\"search_term_string\"}}],\"inLanguage\":\"sv-SE\"},{\"@type\":\"Organization\",\"@id\":\"https:\\\/\\\/newnordicinvestor.com\\\/#organization\",\"name\":\"New Nordic Healthbrands\",\"url\":\"https:\\\/\\\/newnordicinvestor.com\\\/\",\"logo\":{\"@type\":\"ImageObject\",\"inLanguage\":\"sv-SE\",\"@id\":\"https:\\\/\\\/newnordicinvestor.com\\\/#\\\/schema\\\/logo\\\/image\\\/\",\"url\":\"https:\\\/\\\/newnordicinvestor.com\\\/wp-content\\\/uploads\\\/2020\\\/04\\\/newnordicreg.jpg\",\"contentUrl\":\"https:\\\/\\\/newnordicinvestor.com\\\/wp-content\\\/uploads\\\/2020\\\/04\\\/newnordicreg.jpg\",\"width\":478,\"height\":478,\"caption\":\"New Nordic Healthbrands\"},\"image\":{\"@id\":\"https:\\\/\\\/newnordicinvestor.com\\\/#\\\/schema\\\/logo\\\/image\\\/\"}}]}<\/script>\n<!-- \/ Yoast SEO plugin. -->","yoast_head_json":{"title":"V\u00e5r historia - NewNordicInvestor","robots":{"index":"index","follow":"follow","max-snippet":"max-snippet:-1","max-image-preview":"max-image-preview:large","max-video-preview":"max-video-preview:-1"},"canonical":"https:\/\/newnordicinvestor.com\/sv\/var-historia\/","og_locale":"sv_SE","og_type":"article","og_title":"V\u00e5r historia - NewNordicInvestor","og_description":"[vc_row][vc_column][\/vc_column][\/vc_row][vc_row][vc_column][vc_single_image image=&#8221;863&#8243; img_size=&#8221;full&#8221; alignment=&#8221;center&#8221;][\/vc_column][\/vc_row][vc_row][vc_column][vc_column_text]Inspirerad av glada och friska m\u00e4nniskor Karl Kristian Bergman Jensen har...","og_url":"https:\/\/newnordicinvestor.com\/sv\/var-historia\/","og_site_name":"NewNordicInvestor","og_image":[{"width":320,"height":200,"url":"https:\/\/newnordicinvestor.com\/wp-content\/uploads\/2020\/05\/flowers4_investor.png","type":"image\/png"}],"twitter_card":"summary_large_image","twitter_misc":{"Ber\u00e4knad l\u00e4stid":"9 minuter"},"schema":{"@context":"https:\/\/schema.org","@graph":[{"@type":"WebPage","@id":"https:\/\/newnordicinvestor.com\/sv\/var-historia\/","url":"https:\/\/newnordicinvestor.com\/sv\/var-historia\/","name":"V\u00e5r historia - NewNordicInvestor","isPartOf":{"@id":"https:\/\/newnordicinvestor.com\/#website"},"primaryImageOfPage":{"@id":"https:\/\/newnordicinvestor.com\/sv\/var-historia\/#primaryimage"},"image":{"@id":"https:\/\/newnordicinvestor.com\/sv\/var-historia\/#primaryimage"},"thumbnailUrl":"https:\/\/newnordicinvestor.com\/wp-content\/uploads\/2020\/05\/flowers4_investor.png","datePublished":"2020-08-10T06:23:04+00:00","breadcrumb":{"@id":"https:\/\/newnordicinvestor.com\/sv\/var-historia\/#breadcrumb"},"inLanguage":"sv-SE","potentialAction":[{"@type":"ReadAction","target":["https:\/\/newnordicinvestor.com\/sv\/var-historia\/"]}]},{"@type":"ImageObject","inLanguage":"sv-SE","@id":"https:\/\/newnordicinvestor.com\/sv\/var-historia\/#primaryimage","url":"https:\/\/newnordicinvestor.com\/wp-content\/uploads\/2020\/05\/flowers4_investor.png","contentUrl":"https:\/\/newnordicinvestor.com\/wp-content\/uploads\/2020\/05\/flowers4_investor.png","width":320,"height":200},{"@type":"BreadcrumbList","@id":"https:\/\/newnordicinvestor.com\/sv\/var-historia\/#breadcrumb","itemListElement":[{"@type":"ListItem","position":1,"name":"Home","item":"https:\/\/newnordicinvestor.com\/sv\/"},{"@type":"ListItem","position":2,"name":"V\u00e5r historia"}]},{"@type":"WebSite","@id":"https:\/\/newnordicinvestor.com\/#website","url":"https:\/\/newnordicinvestor.com\/","name":"New Nordic Investor","description":"New Nordic Investor","publisher":{"@id":"https:\/\/newnordicinvestor.com\/#organization"},"potentialAction":[{"@type":"SearchAction","target":{"@type":"EntryPoint","urlTemplate":"https:\/\/newnordicinvestor.com\/?s={search_term_string}"},"query-input":{"@type":"PropertyValueSpecification","valueRequired":true,"valueName":"search_term_string"}}],"inLanguage":"sv-SE"},{"@type":"Organization","@id":"https:\/\/newnordicinvestor.com\/#organization","name":"New Nordic Healthbrands","url":"https:\/\/newnordicinvestor.com\/","logo":{"@type":"ImageObject","inLanguage":"sv-SE","@id":"https:\/\/newnordicinvestor.com\/#\/schema\/logo\/image\/","url":"https:\/\/newnordicinvestor.com\/wp-content\/uploads\/2020\/04\/newnordicreg.jpg","contentUrl":"https:\/\/newnordicinvestor.com\/wp-content\/uploads\/2020\/04\/newnordicreg.jpg","width":478,"height":478,"caption":"New Nordic Healthbrands"},"image":{"@id":"https:\/\/newnordicinvestor.com\/#\/schema\/logo\/image\/"}}]}},"_links":{"self":[{"href":"https:\/\/newnordicinvestor.com\/sv\/wp-json\/wp\/v2\/pages\/906","targetHints":{"allow":["GET"]}}],"collection":[{"href":"https:\/\/newnordicinvestor.com\/sv\/wp-json\/wp\/v2\/pages"}],"about":[{"href":"https:\/\/newnordicinvestor.com\/sv\/wp-json\/wp\/v2\/types\/page"}],"author":[{"embeddable":true,"href":"https:\/\/newnordicinvestor.com\/sv\/wp-json\/wp\/v2\/users\/1"}],"replies":[{"embeddable":true,"href":"https:\/\/newnordicinvestor.com\/sv\/wp-json\/wp\/v2\/comments?post=906"}],"version-history":[{"count":2,"href":"https:\/\/newnordicinvestor.com\/sv\/wp-json\/wp\/v2\/pages\/906\/revisions"}],"predecessor-version":[{"id":908,"href":"https:\/\/newnordicinvestor.com\/sv\/wp-json\/wp\/v2\/pages\/906\/revisions\/908"}],"wp:featuredmedia":[{"embeddable":true,"href":"https:\/\/newnordicinvestor.com\/sv\/wp-json\/wp\/v2\/media\/684"}],"wp:attachment":[{"href":"https:\/\/newnordicinvestor.com\/sv\/wp-json\/wp\/v2\/media?parent=906"}],"curies":[{"name":"wp","href":"https:\/\/api.w.org\/{rel}","templated":true}]}}