{"id":922,"date":"2020-09-01T10:48:59","date_gmt":"2020-09-01T08:48:59","guid":{"rendered":"https:\/\/newnordicinvestor.com\/bolagsordning\/"},"modified":"2020-09-01T10:48:59","modified_gmt":"2020-09-01T08:48:59","slug":"bolagsordning","status":"publish","type":"page","link":"https:\/\/newnordicinvestor.com\/sv\/bolagsordning\/","title":{"rendered":"Bolagsordning"},"content":{"rendered":"<h1>Bolagsordning<\/h1>\n<p>New Nordic-koncernens bolagsordning antas av bolagsst\u00e4mman och inneh\u00e5ller grundl\u00e4ggande information om bolaget, s\u00e5som vilken typ av verksamhet det kommer att bedriva, dess aktiekapital, antalet emitterade aktier, antalet styrelseledam\u00f6ter och hur bolagsst\u00e4mman skall meddelas. <\/p>\n<p>Bolagsordningen, senast antagen vid bolagsst\u00e4mman den 29 april 2013:<\/p>\n<p> \u00a7 1 Bolaget \u00e4r New Nordic Healthbrands AB (publ), organisationsnummer 556698-0453. <\/p>\n<p>\u00a7 2 Styrelsen skall ha sitt s\u00e4te i Malm\u00f6 kommun, Sk\u00e5ne l\u00e4n. Bolagsst\u00e4mman ska kunna \u00e4ga rum i Malm\u00f6 eller Stockholm. <\/p>\n<p>\u00a7 3 bolaget skall bedriva forskning, utveckling och handel med kosttillskott och l\u00e4kemedel samt sammanh\u00e4ngande verksamhet. <\/p>\n<p>\u00a7 4 Bolagets aktier skall registreras i avst\u00e4mningsregister i enlighet med lagen om kontof\u00f6ring av finansiella instrument (1998: 1479). <\/p>\n<p>\u00a7 5 Aktiekapitalet skall uppg\u00e5 till l\u00e4gst 5 000 000 kronor och h\u00f6gst 20 000 000 kronor. <\/p>\n<p>\u00a7 6 Antalet skall vara l\u00e4gst 5 000 000 och h\u00f6gst 20\u00a0000 000. <\/p>\n<p>7 \u00a7 Styrelsen skall best\u00e5 av minst tre och h\u00f6gst fem ledam\u00f6ter med h\u00f6gst fem suppleanter. <\/p>\n<p>8 \u00a7 Bolaget skall ha en till tv\u00e5 revisorer med eller utan revisorssuppleanter. Den registrerade revisorn kan ocks\u00e5 utses till revisor. Uppdraget som revisor och suppleant g\u00e4ller f\u00f6r tiden fram till n\u00e4sta bolagsst\u00e4mma. <\/p>\n<p>\u00a7 9 Kallelse till ordinarie bolagsst\u00e4mma och extra bolagsst\u00e4mma d\u00e4r \u00e4ndring av bolagsordningen kommer att ske skall utf\u00e4rdas tidigast sex veckor och senast fyra veckor f\u00f6re st\u00e4mman. Kallelse till annan bolagsst\u00e4mma skall utf\u00e4rdas tidigast sex och senast tre veckor f\u00f6re st\u00e4mman. Kallelse till \u00e5rsst\u00e4mma skall ske genom annonsering i Post- och Indian-tidningar samt p\u00e5 bolagets hemsida. Kallelsen har offentliggjorts i Svenska Dagbladet. Om utgivningen av Svenska Dagbladet skulle upph\u00f6ra, ska det ist\u00e4llet ske genom annonsering i Dagens Industri. \u00d6vriga meddelanden till aktie\u00e4garna skall ocks\u00e5 g\u00f6ras genom annonsering enligt ovan eller per brev. <\/p>\n<p>\u00a7 10 Bolagets r\u00e4kenskaps\u00e5r skall vara ett kalender\u00e5r. <\/p>\n<p>\u00a7 11 Bolagsst\u00e4mman h\u00e5lls \u00e5rligen inom sex m\u00e5nader efter r\u00e4kenskaps\u00e5rets utg\u00e5ng. F\u00f6ljande fr\u00e5gor ska diskuteras vid bolagsst\u00e4mman.<br \/>\n1. Val av ordf\u00f6rande vid st\u00e4mman.<br \/>\n2. Fastst\u00e4llande och godk\u00e4nnande av r\u00f6stl\u00e4ngd.<br \/>\n3. Godk\u00e4nnande av dagordning.<br \/>\n4. Val av en eller tv\u00e5 protokolljusterare.<br \/>\n5. Pr\u00f6vning av om st\u00e4mman blivit beh\u00f6rigen utlyst.<br \/>\n6. Framl\u00e4ggande av framlagd \u00e5rsredovisning och revisionsber\u00e4ttelse.<br \/>\n7. Beslut<br \/>\n (a) om fastst\u00e4llande av resultatr\u00e4kningen och balansr\u00e4kningen samt, i f\u00f6rekommande fall, koncernresultatr\u00e4kningen och koncernbalansr\u00e4kningen,<br \/>\n (b) om transaktioner som h\u00e4nf\u00f6r sig till bolagets vinst eller f\u00f6rlust i enlighet med den fastst\u00e4llda balansr\u00e4kningen,<br \/>\nc) ansvarsfrihet f\u00f6r styrelseledam\u00f6ter och verkst\u00e4llande direkt\u00f6ren n\u00e4r s\u00e5 sker.<br \/>\n8. Fastst\u00e4llande av antalet styrelseledam\u00f6ter och suppleanter samt, i f\u00f6rekommande fall, antalet revisorer och revisorssuppleanter.<br \/>\n9. Fastst\u00e4llande av styrelse- och revisionsarvoden.<br \/>\n10. Val av styrelse och, i f\u00f6rekommande fall, revisorer och eventuella suppleanter.<br \/>\n11. Alla andra fr\u00e5gor som ankommer till bolagsst\u00e4mman i enlighet med aktiebolagslagen eller bolagsordningen. <\/p>\n<p>\u00a7 12 F\u00f6r att delta i bolagsst\u00e4mman skall aktie\u00e4gare anm\u00e4la sig till bolaget senast den dag som anges i kallelsen till st\u00e4mman, f\u00f6re kl. 10.00. 16:00. Denna dag f\u00e5r inte vara s\u00f6ndag, helgdag, l\u00f6rdag, midsommarafton, julafton eller ny\u00e5rsafton och f\u00e5r inte infalla tidigare \u00e4n femte vardagen f\u00f6re m\u00f6tet.<\/p>\n","protected":false},"excerpt":{"rendered":"<p>Bolagsordning New Nordic-koncernens bolagsordning antas av bolagsst\u00e4mman och inneh\u00e5ller grundl\u00e4ggande information om bolaget, s\u00e5som&#8230;<\/p>\n","protected":false},"author":1,"featured_media":0,"parent":0,"menu_order":0,"comment_status":"closed","ping_status":"closed","template":"","meta":{"_acf_changed":false,"footnotes":""},"class_list":["post-922","page","type-page","status-publish","hentry"],"acf":[],"yoast_head":"<!-- This site is optimized with the Yoast SEO plugin v27.4 - https:\/\/yoast.com\/product\/yoast-seo-wordpress\/ -->\n<title>Bolagsordning - NewNordicInvestor<\/title>\n<meta name=\"robots\" content=\"index, follow, max-snippet:-1, max-image-preview:large, max-video-preview:-1\" \/>\n<link rel=\"canonical\" href=\"https:\/\/newnordicinvestor.com\/sv\/bolagsordning\/\" \/>\n<meta property=\"og:locale\" content=\"sv_SE\" \/>\n<meta property=\"og:type\" content=\"article\" \/>\n<meta property=\"og:title\" content=\"Bolagsordning - NewNordicInvestor\" \/>\n<meta property=\"og:description\" content=\"Bolagsordning New Nordic-koncernens bolagsordning antas av bolagsst\u00e4mman och inneh\u00e5ller grundl\u00e4ggande information om bolaget, s\u00e5som...\" \/>\n<meta property=\"og:url\" content=\"https:\/\/newnordicinvestor.com\/sv\/bolagsordning\/\" \/>\n<meta property=\"og:site_name\" content=\"NewNordicInvestor\" \/>\n<meta name=\"twitter:card\" content=\"summary_large_image\" \/>\n<meta name=\"twitter:label1\" content=\"Ber\u00e4knad l\u00e4stid\" \/>\n\t<meta name=\"twitter:data1\" content=\"3 minuter\" \/>\n<script type=\"application\/ld+json\" class=\"yoast-schema-graph\">{\"@context\":\"https:\\\/\\\/schema.org\",\"@graph\":[{\"@type\":\"WebPage\",\"@id\":\"https:\\\/\\\/newnordicinvestor.com\\\/sv\\\/bolagsordning\\\/\",\"url\":\"https:\\\/\\\/newnordicinvestor.com\\\/sv\\\/bolagsordning\\\/\",\"name\":\"Bolagsordning - NewNordicInvestor\",\"isPartOf\":{\"@id\":\"https:\\\/\\\/newnordicinvestor.com\\\/#website\"},\"datePublished\":\"2020-09-01T08:48:59+00:00\",\"breadcrumb\":{\"@id\":\"https:\\\/\\\/newnordicinvestor.com\\\/sv\\\/bolagsordning\\\/#breadcrumb\"},\"inLanguage\":\"sv-SE\",\"potentialAction\":[{\"@type\":\"ReadAction\",\"target\":[\"https:\\\/\\\/newnordicinvestor.com\\\/sv\\\/bolagsordning\\\/\"]}]},{\"@type\":\"BreadcrumbList\",\"@id\":\"https:\\\/\\\/newnordicinvestor.com\\\/sv\\\/bolagsordning\\\/#breadcrumb\",\"itemListElement\":[{\"@type\":\"ListItem\",\"position\":1,\"name\":\"Home\",\"item\":\"https:\\\/\\\/newnordicinvestor.com\\\/sv\\\/\"},{\"@type\":\"ListItem\",\"position\":2,\"name\":\"Bolagsordning\"}]},{\"@type\":\"WebSite\",\"@id\":\"https:\\\/\\\/newnordicinvestor.com\\\/#website\",\"url\":\"https:\\\/\\\/newnordicinvestor.com\\\/\",\"name\":\"New Nordic Investor\",\"description\":\"New Nordic Investor\",\"publisher\":{\"@id\":\"https:\\\/\\\/newnordicinvestor.com\\\/#organization\"},\"potentialAction\":[{\"@type\":\"SearchAction\",\"target\":{\"@type\":\"EntryPoint\",\"urlTemplate\":\"https:\\\/\\\/newnordicinvestor.com\\\/?s={search_term_string}\"},\"query-input\":{\"@type\":\"PropertyValueSpecification\",\"valueRequired\":true,\"valueName\":\"search_term_string\"}}],\"inLanguage\":\"sv-SE\"},{\"@type\":\"Organization\",\"@id\":\"https:\\\/\\\/newnordicinvestor.com\\\/#organization\",\"name\":\"New Nordic Healthbrands\",\"url\":\"https:\\\/\\\/newnordicinvestor.com\\\/\",\"logo\":{\"@type\":\"ImageObject\",\"inLanguage\":\"sv-SE\",\"@id\":\"https:\\\/\\\/newnordicinvestor.com\\\/#\\\/schema\\\/logo\\\/image\\\/\",\"url\":\"https:\\\/\\\/newnordicinvestor.com\\\/wp-content\\\/uploads\\\/2020\\\/04\\\/newnordicreg.jpg\",\"contentUrl\":\"https:\\\/\\\/newnordicinvestor.com\\\/wp-content\\\/uploads\\\/2020\\\/04\\\/newnordicreg.jpg\",\"width\":478,\"height\":478,\"caption\":\"New Nordic Healthbrands\"},\"image\":{\"@id\":\"https:\\\/\\\/newnordicinvestor.com\\\/#\\\/schema\\\/logo\\\/image\\\/\"}}]}<\/script>\n<!-- \/ Yoast SEO plugin. -->","yoast_head_json":{"title":"Bolagsordning - NewNordicInvestor","robots":{"index":"index","follow":"follow","max-snippet":"max-snippet:-1","max-image-preview":"max-image-preview:large","max-video-preview":"max-video-preview:-1"},"canonical":"https:\/\/newnordicinvestor.com\/sv\/bolagsordning\/","og_locale":"sv_SE","og_type":"article","og_title":"Bolagsordning - NewNordicInvestor","og_description":"Bolagsordning New Nordic-koncernens bolagsordning antas av bolagsst\u00e4mman och inneh\u00e5ller grundl\u00e4ggande information om bolaget, s\u00e5som...","og_url":"https:\/\/newnordicinvestor.com\/sv\/bolagsordning\/","og_site_name":"NewNordicInvestor","twitter_card":"summary_large_image","twitter_misc":{"Ber\u00e4knad l\u00e4stid":"3 minuter"},"schema":{"@context":"https:\/\/schema.org","@graph":[{"@type":"WebPage","@id":"https:\/\/newnordicinvestor.com\/sv\/bolagsordning\/","url":"https:\/\/newnordicinvestor.com\/sv\/bolagsordning\/","name":"Bolagsordning - NewNordicInvestor","isPartOf":{"@id":"https:\/\/newnordicinvestor.com\/#website"},"datePublished":"2020-09-01T08:48:59+00:00","breadcrumb":{"@id":"https:\/\/newnordicinvestor.com\/sv\/bolagsordning\/#breadcrumb"},"inLanguage":"sv-SE","potentialAction":[{"@type":"ReadAction","target":["https:\/\/newnordicinvestor.com\/sv\/bolagsordning\/"]}]},{"@type":"BreadcrumbList","@id":"https:\/\/newnordicinvestor.com\/sv\/bolagsordning\/#breadcrumb","itemListElement":[{"@type":"ListItem","position":1,"name":"Home","item":"https:\/\/newnordicinvestor.com\/sv\/"},{"@type":"ListItem","position":2,"name":"Bolagsordning"}]},{"@type":"WebSite","@id":"https:\/\/newnordicinvestor.com\/#website","url":"https:\/\/newnordicinvestor.com\/","name":"New Nordic Investor","description":"New Nordic Investor","publisher":{"@id":"https:\/\/newnordicinvestor.com\/#organization"},"potentialAction":[{"@type":"SearchAction","target":{"@type":"EntryPoint","urlTemplate":"https:\/\/newnordicinvestor.com\/?s={search_term_string}"},"query-input":{"@type":"PropertyValueSpecification","valueRequired":true,"valueName":"search_term_string"}}],"inLanguage":"sv-SE"},{"@type":"Organization","@id":"https:\/\/newnordicinvestor.com\/#organization","name":"New Nordic Healthbrands","url":"https:\/\/newnordicinvestor.com\/","logo":{"@type":"ImageObject","inLanguage":"sv-SE","@id":"https:\/\/newnordicinvestor.com\/#\/schema\/logo\/image\/","url":"https:\/\/newnordicinvestor.com\/wp-content\/uploads\/2020\/04\/newnordicreg.jpg","contentUrl":"https:\/\/newnordicinvestor.com\/wp-content\/uploads\/2020\/04\/newnordicreg.jpg","width":478,"height":478,"caption":"New Nordic Healthbrands"},"image":{"@id":"https:\/\/newnordicinvestor.com\/#\/schema\/logo\/image\/"}}]}},"_links":{"self":[{"href":"https:\/\/newnordicinvestor.com\/sv\/wp-json\/wp\/v2\/pages\/922","targetHints":{"allow":["GET"]}}],"collection":[{"href":"https:\/\/newnordicinvestor.com\/sv\/wp-json\/wp\/v2\/pages"}],"about":[{"href":"https:\/\/newnordicinvestor.com\/sv\/wp-json\/wp\/v2\/types\/page"}],"author":[{"embeddable":true,"href":"https:\/\/newnordicinvestor.com\/sv\/wp-json\/wp\/v2\/users\/1"}],"replies":[{"embeddable":true,"href":"https:\/\/newnordicinvestor.com\/sv\/wp-json\/wp\/v2\/comments?post=922"}],"version-history":[{"count":0,"href":"https:\/\/newnordicinvestor.com\/sv\/wp-json\/wp\/v2\/pages\/922\/revisions"}],"wp:attachment":[{"href":"https:\/\/newnordicinvestor.com\/sv\/wp-json\/wp\/v2\/media?parent=922"}],"curies":[{"name":"wp","href":"https:\/\/api.w.org\/{rel}","templated":true}]}}