{"id":926,"date":"2020-09-01T10:49:21","date_gmt":"2020-09-01T08:49:21","guid":{"rendered":"https:\/\/newnordicinvestor.com\/aktie-och-aktieagare\/"},"modified":"2026-04-13T11:28:47","modified_gmt":"2026-04-13T09:28:47","slug":"aktie-och-aktieagare","status":"publish","type":"page","link":"https:\/\/newnordicinvestor.com\/sv\/aktie-och-aktieagare\/","title":{"rendered":"Aktie och aktie\u00e4gare"},"content":{"rendered":"<div class=\"wpb-content-wrapper\">[vc_row][vc_column]<div class=\"norebro-text-sc \" \n\tid=\"norebro-custom-69ef910d44add\" \n\t \n\t>\n\n\t<h1 style=\"text-align: center;\">AKTIEN<\/h1>\n\t\n<\/div>[\/vc_column][\/vc_row][vc_row][vc_column offset=&#8221;vc_hidden-sm vc_hidden-xs&#8221;][vc_column_text css=&#8221;&#8221;]New Nordics aktier listades p\u00e5 First North Growth Market, NASDAQ, Stockholm i januari 2007.<\/p>\n<p><strong>B\u00f6rs:<\/strong> FN STOCKHOLM<br \/>\n<strong>Valuta:<\/strong> SEK<br \/>\n<strong>Handelsnamn:<\/strong> NNH<br \/>\n<strong>ISIS:<\/strong> SE0001838038<br \/>\n<strong>Bloomberg ticker:<\/strong> NNH: SS<\/p>\n<p><strong>ANTAL AKTIER<\/strong><br \/>\nTotalt antal aktier 6.195.200<br \/>\nAktiekapital 6.195.200 SEK<\/p>\n<p>Per den 30 december 2021 var antalet unika aktie\u00e4gare som innehar aktier till ett v\u00e4rde av minst 500 euro 101 plus 575 icke-offentliga aktie\u00e4gare, j\u00e4mf\u00f6rt med 104 unika och 640 icke-offentliga aktie\u00e4gare i starten av 2021.<\/p>\n<p>Det sammanlagda aktieinnehavet i de tio st\u00f6rsta aktie\u00e4garna var 92,4 procent (92,9) av de utest\u00e5ende aktierna och av r\u00f6sterna. New Nordic Healthbrands AB anlitar Mangold ABs tj\u00e4nst som likviditetsgarant.<\/p>\n<p>Uppgifterna i tabellen \u00e4r baserade p\u00e5 information fr\u00e5n Euroclear Sweden AB.<\/p>\n<p><strong>Liste af de 10 st\u00f6rste aktie\u00e4gere per 2026-04-13:<\/strong><\/p>\n<table border=\"0\">\n<tbody>\n<tr style=\"background-color: #e7e7e7;\">\n<td><strong>Aktie\u00e4gare<\/strong><\/td>\n<td style=\"text-align: right;\"><strong>Antal aktier<\/strong><\/td>\n<td style=\"text-align: right;\"><strong>\u00c4gande (%)<\/strong><\/td>\n<td style=\"text-align: right;\"><strong>F\u00f6r\u00e4ndring fr\u00e5n f\u00f6reg\u00e5ende m\u00e5nad (%)<\/strong><\/td>\n<\/tr>\n<tr>\n<td>FJORD CAPITAL APS<\/td>\n<td style=\"text-align: right;\">2.318.684<\/td>\n<td style=\"text-align: right;\">37,43<\/td>\n<td style=\"text-align: right;\">0,00<\/td>\n<\/tr>\n<tr style=\"background-color: #e7e7e7;\">\n<td>BANK JULIUS BAER &amp; CO LTD, W8IMY WITHOUT<\/td>\n<td style=\"text-align: right;\">965.000<\/td>\n<td style=\"text-align: right;\">15,58<\/td>\n<td style=\"text-align: right;\">0,00<\/td>\n<\/tr>\n<tr>\n<td>UBS SWITZERLAND AG, W8IMY<\/td>\n<td style=\"text-align: right;\">834.151<\/td>\n<td style=\"text-align: right;\">13,46<\/td>\n<td style=\"text-align: right;\">-8,07<\/td>\n<\/tr>\n<tr style=\"background-color: #e7e7e7;\">\n<td>F\u00f6rs\u00e4kringsaktiebolaget Avanza Pension<\/td>\n<td style=\"text-align: right;\">537.425<\/td>\n<td style=\"text-align: right;\">8,67<\/td>\n<td style=\"text-align: right;\">4,94<\/td>\n<\/tr>\n<tr>\n<td>Johansson, Nicklas<\/td>\n<td style=\"text-align: right;\">430.324<\/td>\n<td style=\"text-align: right;\">6,95<\/td>\n<td style=\"text-align: right;\">0,00<\/td>\n<\/tr>\n<tr style=\"background-color: #e7e7e7;\">\n<td>Kock Christian<\/td>\n<td style=\"text-align: right;\">218.043<\/td>\n<td style=\"text-align: right;\">3,52<\/td>\n<td style=\"text-align: right;\">0,37<\/td>\n<\/tr>\n<tr>\n<td>BFCM P\/C CIC SWEDEN OPCVM LT<\/td>\n<td style=\"text-align: right;\">201.995<\/td>\n<td style=\"text-align: right;\">3,26<\/td>\n<td style=\"text-align: right;\">0,00<\/td>\n<\/tr>\n<tr style=\"background-color: #e7e7e7;\">\n<td>Nordnet Pensionsf\u00f6rs\u00e4kring AB<\/td>\n<td style=\"text-align: right;\">86.904<\/td>\n<td style=\"text-align: right;\">1,40<\/td>\n<td style=\"text-align: right;\">1,64<\/td>\n<\/tr>\n<tr>\n<td>Adalsteinsson Johann Erpur<\/td>\n<td style=\"text-align: right;\">84.431<\/td>\n<td style=\"text-align: right;\">1,36<\/td>\n<td style=\"text-align: right;\">62,58<\/td>\n<\/tr>\n<tr style=\"background-color: #e7e7e7;\">\n<td>SL 34064-01, SEB Life<\/td>\n<td style=\"text-align: right;\">58.326<\/td>\n<td style=\"text-align: right;\">0,94<\/td>\n<td style=\"text-align: right;\">0,00<\/td>\n<\/tr>\n<tr>\n<td><strong>Total 10 st\u00f6rsta aktie\u00e4gare<\/strong><\/td>\n<td style=\"text-align: right;\"><strong>5.735.283<\/strong><\/td>\n<td style=\"text-align: right;\"><strong>92,57<\/strong><\/td>\n<td style=\"text-align: right;\"><\/td>\n<\/tr>\n<tr style=\"background-color: #e7e7e7;\">\n<td><strong>Total \u00f6vriga aktie\u00e4gare<\/strong><\/td>\n<td style=\"text-align: right;\"><strong>459.917<\/strong><\/td>\n<td style=\"text-align: right;\"><strong>7,43<\/strong><\/td>\n<td style=\"text-align: right;\"><\/td>\n<\/tr>\n<tr>\n<td><strong>Totalt antal aktier<\/strong><\/td>\n<td style=\"text-align: right;\"><strong>6.195.200<\/strong><\/td>\n<td style=\"text-align: right;\"><strong>100,00<\/strong><\/td>\n<td style=\"text-align: right;\"><\/td>\n<\/tr>\n<\/tbody>\n<\/table>\n<p><strong>AKTIENSUTVECKLING<\/strong><br \/>\nAktiekursen har \u00f6kat med 55,6 procent fr\u00e5n 56,8 SEK till 88,40 SEK under 2021. I f\u00f6rh\u00e5llande till OMX Stockholm (NASDAQ OMX STOCKHOLM ALL-SHARE SEK) har aktien \u00f6kat i kurs med 24% i 2021.<\/p>\n<p><strong>B\u00d6RSV\u00c4RDE<\/strong><br \/>\nMarknadskapital 30. december 2023: 103 mSEK<br \/>\nMarknadskapital 30. december 2022: 180 mSEK[\/vc_column_text][\/vc_column][\/vc_row][vc_row][vc_column offset=&#8221;vc_hidden-lg vc_hidden-md&#8221;]<div class=\"norebro-text-sc \" \n\tid=\"norebro-custom-69ef910d44c22\" \n\t \n\t>\n\n\t<p><strong>Lista \u00f6ver de 10 st\u00f6rsta aktie\u00e4garna per 2026-04-13:<\/strong><\/p>\n<table border=\"0\">\n<tbody>\n<tr style=\"background-color: #e7e7e7;\">\n<td><strong>Aktie\u00e4gare<\/strong><\/td>\n<\/tr>\n<tr>\n<td>FJORD CAPITAL APS<\/p>\n<p>Aktier: 2.318.684<\/p>\n<p>\u00c4gande: 37,43%<\/td>\n<\/tr>\n<tr style=\"background-color: #e7e7e7;\">\n<td>BANK JULIUS BAER &amp; CO LTD, W8IMY WITHOUT<\/p>\n<p>Aktier: 965.000<\/p>\n<p>\u00c4gande: 15,58%<\/td>\n<\/tr>\n<tr>\n<td>UBS SWITZERLAND AG, W8IMY<\/p>\n<p>Aktier: 834.151<\/p>\n<p>\u00c4gande: 13,46%<\/td>\n<\/tr>\n<tr style=\"background-color: #e7e7e7;\">\n<td>F\u00f6rs\u00e4kringsaktiebolaget Avanza Pension<\/p>\n<p>Aktier: 537.425<\/p>\n<p>\u00c4gande: 8,67%<\/td>\n<\/tr>\n<tr>\n<td>Johansson, Nicklas<\/p>\n<p>Aktier: 430.324<\/p>\n<p>\u00c4gande: 6,95%<\/td>\n<\/tr>\n<tr style=\"background-color: #e7e7e7;\">\n<td>Kock Christian<\/p>\n<p>Aktier: 218.043<\/p>\n<p>\u00c4gande: 3,52%<\/td>\n<\/tr>\n<tr>\n<td>BFCM P\/C CIC SWEDEN OPCVM LT<\/p>\n<p>Aktier: 201.995<\/p>\n<p>\u00c4gande: 3,26%<\/td>\n<\/tr>\n<tr style=\"background-color: #e7e7e7;\">\n<td>Nordnet Pensionsf\u00f6rs\u00e4kring AB<\/p>\n<p>Aktier: 86.904<\/p>\n<p>\u00c4gande: 1,40%<\/td>\n<\/tr>\n<tr>\n<td>Adalsteinsson Johann Erpur<\/p>\n<p>Aktier: 84.431<\/p>\n<p>\u00c4gande: 1,36%<\/td>\n<\/tr>\n<tr style=\"background-color: #e7e7e7;\">\n<td>SL 34064-01, SEB Life<\/p>\n<p>Aktier: 58.326<\/p>\n<p>\u00c4gande: 0,94%<\/td>\n<\/tr>\n<tr style=\"background-color: #e7e7e7;\">\n<td><strong>Total 10 st\u00f6rsta aktie\u00e4gare<\/strong><\/p>\n<p><strong>5.735.283<\/strong><\/p>\n<p><strong>92,57%<\/strong><\/td>\n<\/tr>\n<tr>\n<td><strong>Total \u00f6vriga aktie\u00e4gare<\/strong><\/p>\n<p><strong>459.917<\/strong><\/p>\n<p><strong>7,43%<\/strong><\/td>\n<\/tr>\n<tr style=\"background-color: #e7e7e7;\">\n<td><strong>Totalt antal aktier<\/strong><\/p>\n<p><strong>6.195.200<\/strong><\/p>\n<p><strong>100%<\/strong><\/td>\n<\/tr>\n<\/tbody>\n<\/table>\n<p><strong><span style=\"font-size: medium;\">Share Development<\/span><\/strong> The share price has increased with 70 percent from 40.00 SEK to 68.00 SEK during 2019. Relative to the OMX Stockholm Total (OMXSPI) the share has increased with 86% in 2018.<\/p>\n<div><strong><span style=\"font-size: medium;\">Market Capitalisation<\/span><\/strong><\/div>\n<div>Marknadskapital 30. december 2023: 103 mSEK<br \/>\nMarknadskapital 30. december 2022: 180 mSEK<\/div>\n\t\n<\/div>[\/vc_column][\/vc_row]\n<\/div>","protected":false},"excerpt":{"rendered":"<p>[vc_row][vc_column][\/vc_column][\/vc_row][vc_row][vc_column offset=&#8221;vc_hidden-sm vc_hidden-xs&#8221;][vc_column_text css=&#8221;&#8221;]New Nordics aktier listades p\u00e5 First North Growth Market, NASDAQ, Stockholm&#8230;<\/p>\n","protected":false},"author":1,"featured_media":690,"parent":0,"menu_order":0,"comment_status":"closed","ping_status":"closed","template":"","meta":{"_acf_changed":false,"footnotes":""},"class_list":["post-926","page","type-page","status-publish","has-post-thumbnail","hentry"],"acf":[],"yoast_head":"<!-- This site is optimized with the Yoast SEO plugin v27.4 - https:\/\/yoast.com\/product\/yoast-seo-wordpress\/ -->\n<title>Aktie och aktie\u00e4gare - NewNordicInvestor<\/title>\n<meta name=\"description\" content=\"\u00d6versikt \u00f6ver bolagets aktie\u00e4gare och deras innehav s\u00e5v\u00e4l privat som via f\u00f6retag..\" \/>\n<meta name=\"robots\" content=\"index, follow, max-snippet:-1, max-image-preview:large, max-video-preview:-1\" \/>\n<link rel=\"canonical\" href=\"https:\/\/newnordicinvestor.com\/sv\/aktie-och-aktieagare\/\" \/>\n<meta property=\"og:locale\" content=\"sv_SE\" \/>\n<meta property=\"og:type\" content=\"article\" \/>\n<meta property=\"og:title\" content=\"Aktie och aktie\u00e4gare - NewNordicInvestor\" \/>\n<meta property=\"og:description\" content=\"\u00d6versikt \u00f6ver bolagets aktie\u00e4gare och deras innehav s\u00e5v\u00e4l privat som via f\u00f6retag..\" \/>\n<meta property=\"og:url\" content=\"https:\/\/newnordicinvestor.com\/sv\/aktie-och-aktieagare\/\" \/>\n<meta property=\"og:site_name\" content=\"NewNordicInvestor\" \/>\n<meta property=\"article:modified_time\" content=\"2026-04-13T09:28:47+00:00\" \/>\n<meta property=\"og:image\" content=\"https:\/\/newnordicinvestor.com\/wp-content\/uploads\/2020\/05\/flowers1_investor.png\" \/>\n\t<meta property=\"og:image:width\" content=\"320\" \/>\n\t<meta property=\"og:image:height\" content=\"200\" \/>\n\t<meta property=\"og:image:type\" content=\"image\/png\" \/>\n<meta name=\"twitter:card\" content=\"summary_large_image\" \/>\n<meta name=\"twitter:label1\" content=\"Ber\u00e4knad l\u00e4stid\" \/>\n\t<meta name=\"twitter:data1\" content=\"3 minuter\" \/>\n<script type=\"application\/ld+json\" class=\"yoast-schema-graph\">{\"@context\":\"https:\\\/\\\/schema.org\",\"@graph\":[{\"@type\":\"WebPage\",\"@id\":\"https:\\\/\\\/newnordicinvestor.com\\\/sv\\\/aktie-och-aktieagare\\\/\",\"url\":\"https:\\\/\\\/newnordicinvestor.com\\\/sv\\\/aktie-och-aktieagare\\\/\",\"name\":\"Aktie och aktie\u00e4gare - NewNordicInvestor\",\"isPartOf\":{\"@id\":\"https:\\\/\\\/newnordicinvestor.com\\\/#website\"},\"primaryImageOfPage\":{\"@id\":\"https:\\\/\\\/newnordicinvestor.com\\\/sv\\\/aktie-och-aktieagare\\\/#primaryimage\"},\"image\":{\"@id\":\"https:\\\/\\\/newnordicinvestor.com\\\/sv\\\/aktie-och-aktieagare\\\/#primaryimage\"},\"thumbnailUrl\":\"https:\\\/\\\/newnordicinvestor.com\\\/wp-content\\\/uploads\\\/2020\\\/05\\\/flowers1_investor.png\",\"datePublished\":\"2020-09-01T08:49:21+00:00\",\"dateModified\":\"2026-04-13T09:28:47+00:00\",\"description\":\"\u00d6versikt \u00f6ver bolagets aktie\u00e4gare och deras innehav s\u00e5v\u00e4l privat som via f\u00f6retag..\",\"breadcrumb\":{\"@id\":\"https:\\\/\\\/newnordicinvestor.com\\\/sv\\\/aktie-och-aktieagare\\\/#breadcrumb\"},\"inLanguage\":\"sv-SE\",\"potentialAction\":[{\"@type\":\"ReadAction\",\"target\":[\"https:\\\/\\\/newnordicinvestor.com\\\/sv\\\/aktie-och-aktieagare\\\/\"]}]},{\"@type\":\"ImageObject\",\"inLanguage\":\"sv-SE\",\"@id\":\"https:\\\/\\\/newnordicinvestor.com\\\/sv\\\/aktie-och-aktieagare\\\/#primaryimage\",\"url\":\"https:\\\/\\\/newnordicinvestor.com\\\/wp-content\\\/uploads\\\/2020\\\/05\\\/flowers1_investor.png\",\"contentUrl\":\"https:\\\/\\\/newnordicinvestor.com\\\/wp-content\\\/uploads\\\/2020\\\/05\\\/flowers1_investor.png\",\"width\":320,\"height\":200},{\"@type\":\"BreadcrumbList\",\"@id\":\"https:\\\/\\\/newnordicinvestor.com\\\/sv\\\/aktie-och-aktieagare\\\/#breadcrumb\",\"itemListElement\":[{\"@type\":\"ListItem\",\"position\":1,\"name\":\"Home\",\"item\":\"https:\\\/\\\/newnordicinvestor.com\\\/sv\\\/\"},{\"@type\":\"ListItem\",\"position\":2,\"name\":\"Aktie och aktie\u00e4gare\"}]},{\"@type\":\"WebSite\",\"@id\":\"https:\\\/\\\/newnordicinvestor.com\\\/#website\",\"url\":\"https:\\\/\\\/newnordicinvestor.com\\\/\",\"name\":\"New Nordic Investor\",\"description\":\"New Nordic Investor\",\"publisher\":{\"@id\":\"https:\\\/\\\/newnordicinvestor.com\\\/#organization\"},\"potentialAction\":[{\"@type\":\"SearchAction\",\"target\":{\"@type\":\"EntryPoint\",\"urlTemplate\":\"https:\\\/\\\/newnordicinvestor.com\\\/?s={search_term_string}\"},\"query-input\":{\"@type\":\"PropertyValueSpecification\",\"valueRequired\":true,\"valueName\":\"search_term_string\"}}],\"inLanguage\":\"sv-SE\"},{\"@type\":\"Organization\",\"@id\":\"https:\\\/\\\/newnordicinvestor.com\\\/#organization\",\"name\":\"New Nordic Healthbrands\",\"url\":\"https:\\\/\\\/newnordicinvestor.com\\\/\",\"logo\":{\"@type\":\"ImageObject\",\"inLanguage\":\"sv-SE\",\"@id\":\"https:\\\/\\\/newnordicinvestor.com\\\/#\\\/schema\\\/logo\\\/image\\\/\",\"url\":\"https:\\\/\\\/newnordicinvestor.com\\\/wp-content\\\/uploads\\\/2020\\\/04\\\/newnordicreg.jpg\",\"contentUrl\":\"https:\\\/\\\/newnordicinvestor.com\\\/wp-content\\\/uploads\\\/2020\\\/04\\\/newnordicreg.jpg\",\"width\":478,\"height\":478,\"caption\":\"New Nordic Healthbrands\"},\"image\":{\"@id\":\"https:\\\/\\\/newnordicinvestor.com\\\/#\\\/schema\\\/logo\\\/image\\\/\"}}]}<\/script>\n<!-- \/ Yoast SEO plugin. -->","yoast_head_json":{"title":"Aktie och aktie\u00e4gare - NewNordicInvestor","description":"\u00d6versikt \u00f6ver bolagets aktie\u00e4gare och deras innehav s\u00e5v\u00e4l privat som via f\u00f6retag..","robots":{"index":"index","follow":"follow","max-snippet":"max-snippet:-1","max-image-preview":"max-image-preview:large","max-video-preview":"max-video-preview:-1"},"canonical":"https:\/\/newnordicinvestor.com\/sv\/aktie-och-aktieagare\/","og_locale":"sv_SE","og_type":"article","og_title":"Aktie och aktie\u00e4gare - NewNordicInvestor","og_description":"\u00d6versikt \u00f6ver bolagets aktie\u00e4gare och deras innehav s\u00e5v\u00e4l privat som via f\u00f6retag..","og_url":"https:\/\/newnordicinvestor.com\/sv\/aktie-och-aktieagare\/","og_site_name":"NewNordicInvestor","article_modified_time":"2026-04-13T09:28:47+00:00","og_image":[{"width":320,"height":200,"url":"https:\/\/newnordicinvestor.com\/wp-content\/uploads\/2020\/05\/flowers1_investor.png","type":"image\/png"}],"twitter_card":"summary_large_image","twitter_misc":{"Ber\u00e4knad l\u00e4stid":"3 minuter"},"schema":{"@context":"https:\/\/schema.org","@graph":[{"@type":"WebPage","@id":"https:\/\/newnordicinvestor.com\/sv\/aktie-och-aktieagare\/","url":"https:\/\/newnordicinvestor.com\/sv\/aktie-och-aktieagare\/","name":"Aktie och aktie\u00e4gare - NewNordicInvestor","isPartOf":{"@id":"https:\/\/newnordicinvestor.com\/#website"},"primaryImageOfPage":{"@id":"https:\/\/newnordicinvestor.com\/sv\/aktie-och-aktieagare\/#primaryimage"},"image":{"@id":"https:\/\/newnordicinvestor.com\/sv\/aktie-och-aktieagare\/#primaryimage"},"thumbnailUrl":"https:\/\/newnordicinvestor.com\/wp-content\/uploads\/2020\/05\/flowers1_investor.png","datePublished":"2020-09-01T08:49:21+00:00","dateModified":"2026-04-13T09:28:47+00:00","description":"\u00d6versikt \u00f6ver bolagets aktie\u00e4gare och deras innehav s\u00e5v\u00e4l privat som via f\u00f6retag..","breadcrumb":{"@id":"https:\/\/newnordicinvestor.com\/sv\/aktie-och-aktieagare\/#breadcrumb"},"inLanguage":"sv-SE","potentialAction":[{"@type":"ReadAction","target":["https:\/\/newnordicinvestor.com\/sv\/aktie-och-aktieagare\/"]}]},{"@type":"ImageObject","inLanguage":"sv-SE","@id":"https:\/\/newnordicinvestor.com\/sv\/aktie-och-aktieagare\/#primaryimage","url":"https:\/\/newnordicinvestor.com\/wp-content\/uploads\/2020\/05\/flowers1_investor.png","contentUrl":"https:\/\/newnordicinvestor.com\/wp-content\/uploads\/2020\/05\/flowers1_investor.png","width":320,"height":200},{"@type":"BreadcrumbList","@id":"https:\/\/newnordicinvestor.com\/sv\/aktie-och-aktieagare\/#breadcrumb","itemListElement":[{"@type":"ListItem","position":1,"name":"Home","item":"https:\/\/newnordicinvestor.com\/sv\/"},{"@type":"ListItem","position":2,"name":"Aktie och aktie\u00e4gare"}]},{"@type":"WebSite","@id":"https:\/\/newnordicinvestor.com\/#website","url":"https:\/\/newnordicinvestor.com\/","name":"New Nordic Investor","description":"New Nordic Investor","publisher":{"@id":"https:\/\/newnordicinvestor.com\/#organization"},"potentialAction":[{"@type":"SearchAction","target":{"@type":"EntryPoint","urlTemplate":"https:\/\/newnordicinvestor.com\/?s={search_term_string}"},"query-input":{"@type":"PropertyValueSpecification","valueRequired":true,"valueName":"search_term_string"}}],"inLanguage":"sv-SE"},{"@type":"Organization","@id":"https:\/\/newnordicinvestor.com\/#organization","name":"New Nordic Healthbrands","url":"https:\/\/newnordicinvestor.com\/","logo":{"@type":"ImageObject","inLanguage":"sv-SE","@id":"https:\/\/newnordicinvestor.com\/#\/schema\/logo\/image\/","url":"https:\/\/newnordicinvestor.com\/wp-content\/uploads\/2020\/04\/newnordicreg.jpg","contentUrl":"https:\/\/newnordicinvestor.com\/wp-content\/uploads\/2020\/04\/newnordicreg.jpg","width":478,"height":478,"caption":"New Nordic Healthbrands"},"image":{"@id":"https:\/\/newnordicinvestor.com\/#\/schema\/logo\/image\/"}}]}},"_links":{"self":[{"href":"https:\/\/newnordicinvestor.com\/sv\/wp-json\/wp\/v2\/pages\/926","targetHints":{"allow":["GET"]}}],"collection":[{"href":"https:\/\/newnordicinvestor.com\/sv\/wp-json\/wp\/v2\/pages"}],"about":[{"href":"https:\/\/newnordicinvestor.com\/sv\/wp-json\/wp\/v2\/types\/page"}],"author":[{"embeddable":true,"href":"https:\/\/newnordicinvestor.com\/sv\/wp-json\/wp\/v2\/users\/1"}],"replies":[{"embeddable":true,"href":"https:\/\/newnordicinvestor.com\/sv\/wp-json\/wp\/v2\/comments?post=926"}],"version-history":[{"count":143,"href":"https:\/\/newnordicinvestor.com\/sv\/wp-json\/wp\/v2\/pages\/926\/revisions"}],"predecessor-version":[{"id":2908,"href":"https:\/\/newnordicinvestor.com\/sv\/wp-json\/wp\/v2\/pages\/926\/revisions\/2908"}],"wp:featuredmedia":[{"embeddable":true,"href":"https:\/\/newnordicinvestor.com\/sv\/wp-json\/wp\/v2\/media\/690"}],"wp:attachment":[{"href":"https:\/\/newnordicinvestor.com\/sv\/wp-json\/wp\/v2\/media?parent=926"}],"curies":[{"name":"wp","href":"https:\/\/api.w.org\/{rel}","templated":true}]}}