{"id":928,"date":"2020-09-01T10:49:28","date_gmt":"2020-09-01T08:49:28","guid":{"rendered":"https:\/\/newnordicinvestor.com\/vdn-har-ordet\/"},"modified":"2026-04-29T08:09:49","modified_gmt":"2026-04-29T06:09:49","slug":"vdn-har-ordet","status":"publish","type":"page","link":"https:\/\/newnordicinvestor.com\/sv\/vdn-har-ordet\/","title":{"rendered":"VD har ordet"},"content":{"rendered":"<div class=\"wpb-content-wrapper\">[vc_row][vc_column][vc_single_image image=&#8221;2089&#8243; img_size=&#8221;full&#8221; alignment=&#8221;center&#8221;][\/vc_column][\/vc_row][vc_row][vc_column]<div class=\"norebro-text-sc \" \n\tid=\"norebro-custom-69fb4b0b70bc9\" \n\t \n\t>\n\n\t<p><span style=\"font-size: X-large;\">VD uttalande \u2013 Karl Kristian Bergman Jensen<\/span><\/p>\n<p>2026-04-29<\/p>\n<p>V\u00e5r utveckling under \u00e5rets f\u00f6rsta kvartal var svagare \u00e4n f\u00f6rv\u00e4ntat. Oms\u00e4ttningen minskade i januari och fortsatte att sjunka under februari och mars, om \u00e4n i en avtagande takt, med tecken p\u00e5 f\u00f6rb\u00e4ttring mot slutet av kvartalet.<\/p>\n<p>Den svagare starten p\u00e5 \u00e5ret drevs fr\u00e4mst av l\u00e4gre \u00e4n f\u00f6rs\u00e4ljningsvolymer till nyckelkunder i England och Kanada. Jag bed\u00f6mer detta som tillf\u00e4lligt snarare \u00e4n som ett tecken p\u00e5 en strukturell trend. Totalt minskade oms\u00e4ttningen med 8 procent under kvartalet. I lokala valutor var nedg\u00e5ngen mer begr\u00e4nsad<br \/>\noch uppgick till 1 procent.<\/p>\n<p>Bruttomarginalen minskade till strax \u00f6ver 62 procent under kvartalet. Marginalutvecklingen f\u00f6rklaras fr\u00e4mst av en h\u00f6gre andel f\u00f6rs\u00e4ljning via distribut\u00f6rer j\u00e4mf\u00f6rt med f\u00f6rs\u00e4ljning via v\u00e5ra egna s\u00e4ljbolag. D\u00e4rtill p\u00e5verkades marginalen av f\u00f6r\u00e4ndringar i produktmixen under perioden. Bruttomarginalen f\u00f6rv\u00e4ntas f\u00f6rb\u00e4ttras under det andra kvartalet.<\/p>\n<p>Vi lyckades minska r\u00f6relsekostnaderna med 5 procent under kvartalet. Trots detta redovisade vi ett resultat efter skatt p\u00e5 -2,9 MSEK.<\/p>\n<p>I Norden \u00f6kade f\u00f6rs\u00e4ljningen under kvartalet, med Danmark som den starkaste marknaden. Norge uppvisade en nedg\u00e5ng, fr\u00e4mst till f\u00f6ljd av p\u00e5g\u00e5ende strukturella f\u00f6r\u00e4ndringar inom h\u00e4lsofackhandeln. Den norska marknaden f\u00f6rv\u00e4ntas f\u00f6rbli utmanande p\u00e5 kort sikt, medan utsikterna f\u00f6r \u00f6vriga nordiska marknader \u00e4r positiva, st\u00f6dda av flera nya produktlanseringar.<\/p>\n<p>P\u00e5 den europeiska marknaden i stort hade England en svag start p\u00e5 \u00e5ret. F\u00f6rs\u00e4ljningen ut fr\u00e5n butik \u00e4r dock tillfredsst\u00e4llande, och jag f\u00f6rv\u00e4ntar mig att utvecklingen f\u00f6rb\u00e4ttras under \u00e5rets g\u00e5ng. Bolagets Magic Magnesium Glycinate \u00e4r idag den ledande produkten i sin kategori i England, och Magic Magnesiumsortimentet planeras att lanseras i Boots-butiker i april.<\/p>\n<p>I \u00f6vriga Europa noterades mindre nedg\u00e5ngar i Tyskland, Polen och Italien, medan Benelux utvecklades positivt. Den svagare utvecklingen p\u00e5 vissa marknader kan delvis f\u00f6rklaras av \u00f6kad ekonomisk os\u00e4kerhet kopplad till Iran-konflikten, vilket jag bed\u00f6mer har lett till ett mer f\u00f6rsiktigt ink\u00f6psbeteende hos kunder, \u00e5terf\u00f6rs\u00e4ljare och grossister. En stark pipeline av produktlanseringar p\u00e5 de europeiska marknaderna under 2026 f\u00f6rv\u00e4ntas bidra till f\u00f6rnyad tillv\u00e4xt trots ett mer f\u00f6rsiktigt konsumentklimat.<\/p>\n<p>F\u00f6rs\u00e4ljningen i Nordamerika minskade under kvartalet, vilket fr\u00e4mst f\u00f6rklaras av en h\u00f6g j\u00e4mf\u00f6relsebas fr\u00e5n f\u00f6reg\u00e5ende \u00e5r, drivet av stark f\u00f6rs\u00e4ljning i samband med produktlanseringar. Jag \u00e4r fortsatt positiv till den kortsiktiga potentialen i b\u00e5de Kanada och USA, st\u00f6dd av en stark pipeline av kommande lanseringar samt fortsatta investeringar i marknadsf\u00f6ring.<\/p>\n<p>F\u00f6rs\u00e4ljningen i \u00f6vriga v\u00e4rlden \u00f6kade under kvartalet, med s\u00e4rskilt stark utveckling i Vietnam. I Kina har New Nordic, tillsammans med sin distribut\u00f6r, ytterligare fokuserat p\u00e5 produktportf\u00f6ljen som aktivt marknadsf\u00f6rs. Utvecklingen p\u00e5 koncernens investeringsmarknader var tillfredsst\u00e4llande under det f\u00f6rsta kvartalet. Spanien och Schweiz uppvisade god tillv\u00e4xt, medan Australien hade en tillf\u00e4llig nedg\u00e5ng kopplad till konsolidering bland grossister. Utbyggnaden av distributionen i regionen forts\u00e4tter att utvecklas positivt. Expansionen av koncernens distribut\u00f6rsn\u00e4tverk \u00e4r fortsatt en strategisk prioritet och fortskrider enligt plan i b\u00e5de Sydkorea och Mexiko.<\/p>\n<p>Sammantaget \u00f6verraskades vi av den svaga starten p\u00e5 \u00e5ret, men vi st\u00e5r v\u00e4l rustade f\u00f6r att skapa tillv\u00e4xt i b\u00e5de f\u00f6rs\u00e4ljning och l\u00f6nsamhet.<\/p>\n<p>Vi \u00e4r fortsatt fullt engagerade i v\u00e5r strategiska m\u00e5ls\u00e4ttning att konsolidera och st\u00e4rka v\u00e5r n\u00e4rvaro p\u00e5 samtliga befintliga marknader. Med en v\u00e4letablerad f\u00f6rs\u00e4ljnings- och marknadsplattform i Europa, Nordamerika, Kina, Vietnam, Hongkong och Australien, samt webbshoppar i 23 l\u00e4nder, st\u00e5r New Nordic v\u00e4l positionerat f\u00f6r fortsatt tillv\u00e4xt.<\/p>\n<p>Fram\u00f6ver kommer vi att ha ett tydligt fokus p\u00e5 att driva organisk tillv\u00e4xt, f\u00f6rb\u00e4ttra den operativa effektiviteten och \u00f6ka resultatet per aktie.<\/p>\n<p>Jag \u00e4r \u00f6vertygad om att de initiativ som planeras f\u00f6r 2026 ytterligare kommer att st\u00e4rka aktie\u00e4garv\u00e4rdet och positionera New Nordic f\u00f6r l\u00e5ngsiktig, h\u00e5llbar tillv\u00e4xt.<\/p>\n<p>Karl Kristian Bergman Jensen,VD<br \/>\nNew Nordic Healthbrands AB<br \/>\nS\u00f6dra F\u00f6rstadsgatan 3 C<br \/>\nSE-211 43 Malm\u00f6<br \/>\nSweden<\/p>\n\t\n<\/div>[\/vc_column][\/vc_row]\n<\/div>","protected":false},"excerpt":{"rendered":"<p>[vc_row][vc_column][vc_single_image image=&#8221;2089&#8243; img_size=&#8221;full&#8221; alignment=&#8221;center&#8221;][\/vc_column][\/vc_row][vc_row][vc_column][\/vc_column][\/vc_row]<\/p>\n","protected":false},"author":1,"featured_media":262,"parent":0,"menu_order":0,"comment_status":"closed","ping_status":"closed","template":"","meta":{"_acf_changed":false,"footnotes":""},"class_list":["post-928","page","type-page","status-publish","has-post-thumbnail","hentry"],"acf":[],"yoast_head":"<!-- This site is optimized with the Yoast SEO plugin v27.4 - https:\/\/yoast.com\/product\/yoast-seo-wordpress\/ -->\n<title>VD har ordet - NewNordicInvestor<\/title>\n<meta name=\"robots\" content=\"index, follow, max-snippet:-1, max-image-preview:large, max-video-preview:-1\" \/>\n<link rel=\"canonical\" href=\"https:\/\/newnordicinvestor.com\/sv\/vdn-har-ordet\/\" \/>\n<meta property=\"og:locale\" content=\"sv_SE\" \/>\n<meta property=\"og:type\" content=\"article\" \/>\n<meta property=\"og:title\" content=\"VD har ordet - NewNordicInvestor\" \/>\n<meta property=\"og:description\" content=\"[vc_row][vc_column][vc_single_image image=&#8221;2089&#8243; img_size=&#8221;full&#8221; alignment=&#8221;center&#8221;][\/vc_column][\/vc_row][vc_row][vc_column][\/vc_column][\/vc_row]\" \/>\n<meta property=\"og:url\" content=\"https:\/\/newnordicinvestor.com\/sv\/vdn-har-ordet\/\" \/>\n<meta property=\"og:site_name\" content=\"NewNordicInvestor\" \/>\n<meta property=\"article:modified_time\" content=\"2026-04-29T06:09:49+00:00\" \/>\n<meta property=\"og:image\" content=\"https:\/\/newnordicinvestor.com\/wp-content\/uploads\/2020\/04\/Screen-Shot-2020-04-26-at-23.47.37.png\" \/>\n\t<meta property=\"og:image:width\" content=\"1366\" \/>\n\t<meta property=\"og:image:height\" content=\"878\" \/>\n\t<meta property=\"og:image:type\" content=\"image\/png\" \/>\n<meta name=\"twitter:card\" content=\"summary_large_image\" \/>\n<meta name=\"twitter:label1\" content=\"Ber\u00e4knad l\u00e4stid\" \/>\n\t<meta name=\"twitter:data1\" content=\"3 minuter\" \/>\n<script type=\"application\/ld+json\" class=\"yoast-schema-graph\">{\"@context\":\"https:\\\/\\\/schema.org\",\"@graph\":[{\"@type\":\"WebPage\",\"@id\":\"https:\\\/\\\/newnordicinvestor.com\\\/sv\\\/vdn-har-ordet\\\/\",\"url\":\"https:\\\/\\\/newnordicinvestor.com\\\/sv\\\/vdn-har-ordet\\\/\",\"name\":\"VD har ordet - NewNordicInvestor\",\"isPartOf\":{\"@id\":\"https:\\\/\\\/newnordicinvestor.com\\\/#website\"},\"primaryImageOfPage\":{\"@id\":\"https:\\\/\\\/newnordicinvestor.com\\\/sv\\\/vdn-har-ordet\\\/#primaryimage\"},\"image\":{\"@id\":\"https:\\\/\\\/newnordicinvestor.com\\\/sv\\\/vdn-har-ordet\\\/#primaryimage\"},\"thumbnailUrl\":\"https:\\\/\\\/newnordicinvestor.com\\\/wp-content\\\/uploads\\\/2020\\\/04\\\/Screen-Shot-2020-04-26-at-23.47.37.png\",\"datePublished\":\"2020-09-01T08:49:28+00:00\",\"dateModified\":\"2026-04-29T06:09:49+00:00\",\"breadcrumb\":{\"@id\":\"https:\\\/\\\/newnordicinvestor.com\\\/sv\\\/vdn-har-ordet\\\/#breadcrumb\"},\"inLanguage\":\"sv-SE\",\"potentialAction\":[{\"@type\":\"ReadAction\",\"target\":[\"https:\\\/\\\/newnordicinvestor.com\\\/sv\\\/vdn-har-ordet\\\/\"]}]},{\"@type\":\"ImageObject\",\"inLanguage\":\"sv-SE\",\"@id\":\"https:\\\/\\\/newnordicinvestor.com\\\/sv\\\/vdn-har-ordet\\\/#primaryimage\",\"url\":\"https:\\\/\\\/newnordicinvestor.com\\\/wp-content\\\/uploads\\\/2020\\\/04\\\/Screen-Shot-2020-04-26-at-23.47.37.png\",\"contentUrl\":\"https:\\\/\\\/newnordicinvestor.com\\\/wp-content\\\/uploads\\\/2020\\\/04\\\/Screen-Shot-2020-04-26-at-23.47.37.png\",\"width\":1366,\"height\":878},{\"@type\":\"BreadcrumbList\",\"@id\":\"https:\\\/\\\/newnordicinvestor.com\\\/sv\\\/vdn-har-ordet\\\/#breadcrumb\",\"itemListElement\":[{\"@type\":\"ListItem\",\"position\":1,\"name\":\"Home\",\"item\":\"https:\\\/\\\/newnordicinvestor.com\\\/sv\\\/\"},{\"@type\":\"ListItem\",\"position\":2,\"name\":\"VD har ordet\"}]},{\"@type\":\"WebSite\",\"@id\":\"https:\\\/\\\/newnordicinvestor.com\\\/#website\",\"url\":\"https:\\\/\\\/newnordicinvestor.com\\\/\",\"name\":\"New Nordic Investor\",\"description\":\"New Nordic Investor\",\"publisher\":{\"@id\":\"https:\\\/\\\/newnordicinvestor.com\\\/#organization\"},\"potentialAction\":[{\"@type\":\"SearchAction\",\"target\":{\"@type\":\"EntryPoint\",\"urlTemplate\":\"https:\\\/\\\/newnordicinvestor.com\\\/?s={search_term_string}\"},\"query-input\":{\"@type\":\"PropertyValueSpecification\",\"valueRequired\":true,\"valueName\":\"search_term_string\"}}],\"inLanguage\":\"sv-SE\"},{\"@type\":\"Organization\",\"@id\":\"https:\\\/\\\/newnordicinvestor.com\\\/#organization\",\"name\":\"New Nordic Healthbrands\",\"url\":\"https:\\\/\\\/newnordicinvestor.com\\\/\",\"logo\":{\"@type\":\"ImageObject\",\"inLanguage\":\"sv-SE\",\"@id\":\"https:\\\/\\\/newnordicinvestor.com\\\/#\\\/schema\\\/logo\\\/image\\\/\",\"url\":\"https:\\\/\\\/newnordicinvestor.com\\\/wp-content\\\/uploads\\\/2020\\\/04\\\/newnordicreg.jpg\",\"contentUrl\":\"https:\\\/\\\/newnordicinvestor.com\\\/wp-content\\\/uploads\\\/2020\\\/04\\\/newnordicreg.jpg\",\"width\":478,\"height\":478,\"caption\":\"New Nordic Healthbrands\"},\"image\":{\"@id\":\"https:\\\/\\\/newnordicinvestor.com\\\/#\\\/schema\\\/logo\\\/image\\\/\"}}]}<\/script>\n<!-- \/ Yoast SEO plugin. -->","yoast_head_json":{"title":"VD har ordet - NewNordicInvestor","robots":{"index":"index","follow":"follow","max-snippet":"max-snippet:-1","max-image-preview":"max-image-preview:large","max-video-preview":"max-video-preview:-1"},"canonical":"https:\/\/newnordicinvestor.com\/sv\/vdn-har-ordet\/","og_locale":"sv_SE","og_type":"article","og_title":"VD har ordet - NewNordicInvestor","og_description":"[vc_row][vc_column][vc_single_image image=&#8221;2089&#8243; img_size=&#8221;full&#8221; alignment=&#8221;center&#8221;][\/vc_column][\/vc_row][vc_row][vc_column][\/vc_column][\/vc_row]","og_url":"https:\/\/newnordicinvestor.com\/sv\/vdn-har-ordet\/","og_site_name":"NewNordicInvestor","article_modified_time":"2026-04-29T06:09:49+00:00","og_image":[{"width":1366,"height":878,"url":"https:\/\/newnordicinvestor.com\/wp-content\/uploads\/2020\/04\/Screen-Shot-2020-04-26-at-23.47.37.png","type":"image\/png"}],"twitter_card":"summary_large_image","twitter_misc":{"Ber\u00e4knad l\u00e4stid":"3 minuter"},"schema":{"@context":"https:\/\/schema.org","@graph":[{"@type":"WebPage","@id":"https:\/\/newnordicinvestor.com\/sv\/vdn-har-ordet\/","url":"https:\/\/newnordicinvestor.com\/sv\/vdn-har-ordet\/","name":"VD har ordet - NewNordicInvestor","isPartOf":{"@id":"https:\/\/newnordicinvestor.com\/#website"},"primaryImageOfPage":{"@id":"https:\/\/newnordicinvestor.com\/sv\/vdn-har-ordet\/#primaryimage"},"image":{"@id":"https:\/\/newnordicinvestor.com\/sv\/vdn-har-ordet\/#primaryimage"},"thumbnailUrl":"https:\/\/newnordicinvestor.com\/wp-content\/uploads\/2020\/04\/Screen-Shot-2020-04-26-at-23.47.37.png","datePublished":"2020-09-01T08:49:28+00:00","dateModified":"2026-04-29T06:09:49+00:00","breadcrumb":{"@id":"https:\/\/newnordicinvestor.com\/sv\/vdn-har-ordet\/#breadcrumb"},"inLanguage":"sv-SE","potentialAction":[{"@type":"ReadAction","target":["https:\/\/newnordicinvestor.com\/sv\/vdn-har-ordet\/"]}]},{"@type":"ImageObject","inLanguage":"sv-SE","@id":"https:\/\/newnordicinvestor.com\/sv\/vdn-har-ordet\/#primaryimage","url":"https:\/\/newnordicinvestor.com\/wp-content\/uploads\/2020\/04\/Screen-Shot-2020-04-26-at-23.47.37.png","contentUrl":"https:\/\/newnordicinvestor.com\/wp-content\/uploads\/2020\/04\/Screen-Shot-2020-04-26-at-23.47.37.png","width":1366,"height":878},{"@type":"BreadcrumbList","@id":"https:\/\/newnordicinvestor.com\/sv\/vdn-har-ordet\/#breadcrumb","itemListElement":[{"@type":"ListItem","position":1,"name":"Home","item":"https:\/\/newnordicinvestor.com\/sv\/"},{"@type":"ListItem","position":2,"name":"VD har ordet"}]},{"@type":"WebSite","@id":"https:\/\/newnordicinvestor.com\/#website","url":"https:\/\/newnordicinvestor.com\/","name":"New Nordic Investor","description":"New Nordic Investor","publisher":{"@id":"https:\/\/newnordicinvestor.com\/#organization"},"potentialAction":[{"@type":"SearchAction","target":{"@type":"EntryPoint","urlTemplate":"https:\/\/newnordicinvestor.com\/?s={search_term_string}"},"query-input":{"@type":"PropertyValueSpecification","valueRequired":true,"valueName":"search_term_string"}}],"inLanguage":"sv-SE"},{"@type":"Organization","@id":"https:\/\/newnordicinvestor.com\/#organization","name":"New Nordic Healthbrands","url":"https:\/\/newnordicinvestor.com\/","logo":{"@type":"ImageObject","inLanguage":"sv-SE","@id":"https:\/\/newnordicinvestor.com\/#\/schema\/logo\/image\/","url":"https:\/\/newnordicinvestor.com\/wp-content\/uploads\/2020\/04\/newnordicreg.jpg","contentUrl":"https:\/\/newnordicinvestor.com\/wp-content\/uploads\/2020\/04\/newnordicreg.jpg","width":478,"height":478,"caption":"New Nordic Healthbrands"},"image":{"@id":"https:\/\/newnordicinvestor.com\/#\/schema\/logo\/image\/"}}]}},"_links":{"self":[{"href":"https:\/\/newnordicinvestor.com\/sv\/wp-json\/wp\/v2\/pages\/928","targetHints":{"allow":["GET"]}}],"collection":[{"href":"https:\/\/newnordicinvestor.com\/sv\/wp-json\/wp\/v2\/pages"}],"about":[{"href":"https:\/\/newnordicinvestor.com\/sv\/wp-json\/wp\/v2\/types\/page"}],"author":[{"embeddable":true,"href":"https:\/\/newnordicinvestor.com\/sv\/wp-json\/wp\/v2\/users\/1"}],"replies":[{"embeddable":true,"href":"https:\/\/newnordicinvestor.com\/sv\/wp-json\/wp\/v2\/comments?post=928"}],"version-history":[{"count":38,"href":"https:\/\/newnordicinvestor.com\/sv\/wp-json\/wp\/v2\/pages\/928\/revisions"}],"predecessor-version":[{"id":2930,"href":"https:\/\/newnordicinvestor.com\/sv\/wp-json\/wp\/v2\/pages\/928\/revisions\/2930"}],"wp:featuredmedia":[{"embeddable":true,"href":"https:\/\/newnordicinvestor.com\/sv\/wp-json\/wp\/v2\/media\/262"}],"wp:attachment":[{"href":"https:\/\/newnordicinvestor.com\/sv\/wp-json\/wp\/v2\/media?parent=928"}],"curies":[{"name":"wp","href":"https:\/\/api.w.org\/{rel}","templated":true}]}}