{"id":931,"date":"2020-09-01T10:49:36","date_gmt":"2020-09-01T08:49:36","guid":{"rendered":"https:\/\/newnordicinvestor.com\/strategi-och-vision\/"},"modified":"2020-09-01T10:49:37","modified_gmt":"2020-09-01T08:49:37","slug":"strategi-och-vision","status":"publish","type":"page","link":"https:\/\/newnordicinvestor.com\/sv\/strategi-och-vision\/","title":{"rendered":"Strategi och vision"},"content":{"rendered":"<div class=\"wpb-content-wrapper\">[vc_row][vc_column][vc_single_image image=&#8221;596&#8243; img_size=&#8221;full&#8221; alignment=&#8221;center&#8221;][\/vc_column][\/vc_row][vc_row][vc_column][vc_column_text]\n<h4>Naturlig magi<\/h4>\n<p>Naturens sk\u00f6nhet<br \/>\nNaturens helande kraft \u00e4r ett magiskt koncept. I Skandinavien lever vi n\u00e4ra naturen, s\u00e5 vi har stor respekt f\u00f6r naturliga element. Fr\u00e5n l\u00e4ckra b\u00e4r till de fantastiska \u00f6rter som moder natur har att erbjuda, utvecklar New Nordic en o\u00e4ndlig lista \u00f6ver botemedel f\u00f6r vardagsbehov inom h\u00e4lsa och sk\u00f6nhet. Vi specialiserar oss p\u00e5 kosttillskott och sk\u00f6nhetsprodukter som bygger p\u00e5 omfattande vetenskapliga bevis, vilket resulterar i de \u00e4kta och rena produkter som naturlig magi handlar om. <\/p>\n<h4>V\u00e5rt uppdrag<\/h4>\n<p>Att bidra till v\u00e4rlden genom att g\u00f6ra h\u00e4lso- och sk\u00f6nhetsprodukter som \u00f6kar m\u00e4nsklighetens v\u00e4lbefinnande. <\/p>\n<h4>V\u00e5r strategi<\/h4>\n<p>New Nordic utvecklar v\u00e4xtbaserade kosttillskott och sk\u00f6nhetsprodukter f\u00f6r att tillgodose s\u00e4rskilda h\u00e4lso- och sk\u00f6nhetsbehov och marknadsf\u00f6ra dessa under karakteristiska varum\u00e4rken till ett v\u00e4xande antal konsumenter \u00f6ver hela v\u00e4rlden. Allt med omsorg om m\u00e4nniskor och natur. <\/p>\n<h4>V\u00e5r vision<\/h4>\n<p>New Nordics syfte och visionen handlar om vilken verksamhet vi \u00e4r i och vart vi \u00e4r p\u00e5 v\u00e4g i framtiden. V\u00e5r vision \u00e4r att marknadsf\u00f6ra h\u00e4lso- och sk\u00f6nhetsprodukter \u00f6ver hela v\u00e4rlden och skapa v\u00e4rde f\u00f6r kunder, leverant\u00f6rer, oss sj\u00e4lva och v\u00e5ra aktie\u00e4gare. <\/p>\n<p>Vi fokuserar alltid p\u00e5 New Nordic-kunden i f\u00f6rsta hand: New Nordic \u00e4r till f\u00f6r v\u00e5ra kunder, inte f\u00f6r de interna teamen. V\u00e5rt internationella team \u00e4r en grupp effektiva produktutvecklare, s\u00e4ljare och aff\u00e4rsm\u00e4n med en genuin passion f\u00f6r h\u00e4lsosamt liv och ett genuint intresse av att g\u00f6ra livet l\u00e4ttare f\u00f6r v\u00e5ra konsumenter, kollegor och m\u00e4nniskor runt omkring oss. <\/p>\n<p>New Nordic \u00e4r fast beslutet att utveckla \u00f6verl\u00e4gset effektiva produkter som l\u00f6ser verkliga behov hos m\u00e4nniskor i v\u00e4rlden, att vara m\u00e4stare p\u00e5 marknadsf\u00f6ring och kommunikation som s\u00e4ljer v\u00e5ra produkter och tillf\u00f6r v\u00e4rdet av v\u00e5rt varum\u00e4rke New Nordic.[\/vc_column_text][\/vc_column][\/vc_row]\n<\/div>","protected":false},"excerpt":{"rendered":"<p>[vc_row][vc_column][vc_single_image image=&#8221;596&#8243; img_size=&#8221;full&#8221; alignment=&#8221;center&#8221;][\/vc_column][\/vc_row][vc_row][vc_column][vc_column_text] Naturlig magi Naturens sk\u00f6nhet Naturens helande kraft \u00e4r ett magiskt&#8230;<\/p>\n","protected":false},"author":1,"featured_media":260,"parent":0,"menu_order":0,"comment_status":"closed","ping_status":"closed","template":"","meta":{"_acf_changed":false,"footnotes":""},"class_list":["post-931","page","type-page","status-publish","has-post-thumbnail","hentry"],"acf":[],"yoast_head":"<!-- This site is optimized with the Yoast SEO plugin v27.4 - https:\/\/yoast.com\/product\/yoast-seo-wordpress\/ -->\n<title>Strategi och vision - NewNordicInvestor<\/title>\n<meta name=\"robots\" content=\"index, follow, max-snippet:-1, max-image-preview:large, max-video-preview:-1\" \/>\n<link rel=\"canonical\" href=\"https:\/\/newnordicinvestor.com\/sv\/strategi-och-vision\/\" \/>\n<meta property=\"og:locale\" content=\"sv_SE\" \/>\n<meta property=\"og:type\" content=\"article\" \/>\n<meta property=\"og:title\" content=\"Strategi och vision - NewNordicInvestor\" \/>\n<meta property=\"og:description\" content=\"[vc_row][vc_column][vc_single_image image=&#8221;596&#8243; img_size=&#8221;full&#8221; alignment=&#8221;center&#8221;][\/vc_column][\/vc_row][vc_row][vc_column][vc_column_text] Naturlig magi Naturens sk\u00f6nhet Naturens helande kraft \u00e4r ett magiskt...\" \/>\n<meta property=\"og:url\" content=\"https:\/\/newnordicinvestor.com\/sv\/strategi-och-vision\/\" \/>\n<meta property=\"og:site_name\" content=\"NewNordicInvestor\" \/>\n<meta property=\"article:modified_time\" content=\"2020-09-01T08:49:37+00:00\" \/>\n<meta property=\"og:image\" content=\"https:\/\/newnordicinvestor.com\/wp-content\/uploads\/2020\/04\/Screen-Shot-2020-04-26-at-22.28.39.png\" \/>\n\t<meta property=\"og:image:width\" content=\"808\" \/>\n\t<meta property=\"og:image:height\" content=\"502\" \/>\n\t<meta property=\"og:image:type\" content=\"image\/png\" \/>\n<meta name=\"twitter:card\" content=\"summary_large_image\" \/>\n<meta name=\"twitter:label1\" content=\"Ber\u00e4knad l\u00e4stid\" \/>\n\t<meta name=\"twitter:data1\" content=\"2 minuter\" \/>\n<script type=\"application\/ld+json\" class=\"yoast-schema-graph\">{\"@context\":\"https:\\\/\\\/schema.org\",\"@graph\":[{\"@type\":\"WebPage\",\"@id\":\"https:\\\/\\\/newnordicinvestor.com\\\/sv\\\/strategi-och-vision\\\/\",\"url\":\"https:\\\/\\\/newnordicinvestor.com\\\/sv\\\/strategi-och-vision\\\/\",\"name\":\"Strategi och vision - NewNordicInvestor\",\"isPartOf\":{\"@id\":\"https:\\\/\\\/newnordicinvestor.com\\\/#website\"},\"primaryImageOfPage\":{\"@id\":\"https:\\\/\\\/newnordicinvestor.com\\\/sv\\\/strategi-och-vision\\\/#primaryimage\"},\"image\":{\"@id\":\"https:\\\/\\\/newnordicinvestor.com\\\/sv\\\/strategi-och-vision\\\/#primaryimage\"},\"thumbnailUrl\":\"https:\\\/\\\/newnordicinvestor.com\\\/wp-content\\\/uploads\\\/2020\\\/04\\\/Screen-Shot-2020-04-26-at-22.28.39.png\",\"datePublished\":\"2020-09-01T08:49:36+00:00\",\"dateModified\":\"2020-09-01T08:49:37+00:00\",\"breadcrumb\":{\"@id\":\"https:\\\/\\\/newnordicinvestor.com\\\/sv\\\/strategi-och-vision\\\/#breadcrumb\"},\"inLanguage\":\"sv-SE\",\"potentialAction\":[{\"@type\":\"ReadAction\",\"target\":[\"https:\\\/\\\/newnordicinvestor.com\\\/sv\\\/strategi-och-vision\\\/\"]}]},{\"@type\":\"ImageObject\",\"inLanguage\":\"sv-SE\",\"@id\":\"https:\\\/\\\/newnordicinvestor.com\\\/sv\\\/strategi-och-vision\\\/#primaryimage\",\"url\":\"https:\\\/\\\/newnordicinvestor.com\\\/wp-content\\\/uploads\\\/2020\\\/04\\\/Screen-Shot-2020-04-26-at-22.28.39.png\",\"contentUrl\":\"https:\\\/\\\/newnordicinvestor.com\\\/wp-content\\\/uploads\\\/2020\\\/04\\\/Screen-Shot-2020-04-26-at-22.28.39.png\",\"width\":808,\"height\":502},{\"@type\":\"BreadcrumbList\",\"@id\":\"https:\\\/\\\/newnordicinvestor.com\\\/sv\\\/strategi-och-vision\\\/#breadcrumb\",\"itemListElement\":[{\"@type\":\"ListItem\",\"position\":1,\"name\":\"Home\",\"item\":\"https:\\\/\\\/newnordicinvestor.com\\\/sv\\\/\"},{\"@type\":\"ListItem\",\"position\":2,\"name\":\"Strategi och vision\"}]},{\"@type\":\"WebSite\",\"@id\":\"https:\\\/\\\/newnordicinvestor.com\\\/#website\",\"url\":\"https:\\\/\\\/newnordicinvestor.com\\\/\",\"name\":\"New Nordic Investor\",\"description\":\"New Nordic Investor\",\"publisher\":{\"@id\":\"https:\\\/\\\/newnordicinvestor.com\\\/#organization\"},\"potentialAction\":[{\"@type\":\"SearchAction\",\"target\":{\"@type\":\"EntryPoint\",\"urlTemplate\":\"https:\\\/\\\/newnordicinvestor.com\\\/?s={search_term_string}\"},\"query-input\":{\"@type\":\"PropertyValueSpecification\",\"valueRequired\":true,\"valueName\":\"search_term_string\"}}],\"inLanguage\":\"sv-SE\"},{\"@type\":\"Organization\",\"@id\":\"https:\\\/\\\/newnordicinvestor.com\\\/#organization\",\"name\":\"New Nordic Healthbrands\",\"url\":\"https:\\\/\\\/newnordicinvestor.com\\\/\",\"logo\":{\"@type\":\"ImageObject\",\"inLanguage\":\"sv-SE\",\"@id\":\"https:\\\/\\\/newnordicinvestor.com\\\/#\\\/schema\\\/logo\\\/image\\\/\",\"url\":\"https:\\\/\\\/newnordicinvestor.com\\\/wp-content\\\/uploads\\\/2020\\\/04\\\/newnordicreg.jpg\",\"contentUrl\":\"https:\\\/\\\/newnordicinvestor.com\\\/wp-content\\\/uploads\\\/2020\\\/04\\\/newnordicreg.jpg\",\"width\":478,\"height\":478,\"caption\":\"New Nordic Healthbrands\"},\"image\":{\"@id\":\"https:\\\/\\\/newnordicinvestor.com\\\/#\\\/schema\\\/logo\\\/image\\\/\"}}]}<\/script>\n<!-- \/ Yoast SEO plugin. -->","yoast_head_json":{"title":"Strategi och vision - NewNordicInvestor","robots":{"index":"index","follow":"follow","max-snippet":"max-snippet:-1","max-image-preview":"max-image-preview:large","max-video-preview":"max-video-preview:-1"},"canonical":"https:\/\/newnordicinvestor.com\/sv\/strategi-och-vision\/","og_locale":"sv_SE","og_type":"article","og_title":"Strategi och vision - NewNordicInvestor","og_description":"[vc_row][vc_column][vc_single_image image=&#8221;596&#8243; img_size=&#8221;full&#8221; alignment=&#8221;center&#8221;][\/vc_column][\/vc_row][vc_row][vc_column][vc_column_text] Naturlig magi Naturens sk\u00f6nhet Naturens helande kraft \u00e4r ett magiskt...","og_url":"https:\/\/newnordicinvestor.com\/sv\/strategi-och-vision\/","og_site_name":"NewNordicInvestor","article_modified_time":"2020-09-01T08:49:37+00:00","og_image":[{"width":808,"height":502,"url":"https:\/\/newnordicinvestor.com\/wp-content\/uploads\/2020\/04\/Screen-Shot-2020-04-26-at-22.28.39.png","type":"image\/png"}],"twitter_card":"summary_large_image","twitter_misc":{"Ber\u00e4knad l\u00e4stid":"2 minuter"},"schema":{"@context":"https:\/\/schema.org","@graph":[{"@type":"WebPage","@id":"https:\/\/newnordicinvestor.com\/sv\/strategi-och-vision\/","url":"https:\/\/newnordicinvestor.com\/sv\/strategi-och-vision\/","name":"Strategi och vision - NewNordicInvestor","isPartOf":{"@id":"https:\/\/newnordicinvestor.com\/#website"},"primaryImageOfPage":{"@id":"https:\/\/newnordicinvestor.com\/sv\/strategi-och-vision\/#primaryimage"},"image":{"@id":"https:\/\/newnordicinvestor.com\/sv\/strategi-och-vision\/#primaryimage"},"thumbnailUrl":"https:\/\/newnordicinvestor.com\/wp-content\/uploads\/2020\/04\/Screen-Shot-2020-04-26-at-22.28.39.png","datePublished":"2020-09-01T08:49:36+00:00","dateModified":"2020-09-01T08:49:37+00:00","breadcrumb":{"@id":"https:\/\/newnordicinvestor.com\/sv\/strategi-och-vision\/#breadcrumb"},"inLanguage":"sv-SE","potentialAction":[{"@type":"ReadAction","target":["https:\/\/newnordicinvestor.com\/sv\/strategi-och-vision\/"]}]},{"@type":"ImageObject","inLanguage":"sv-SE","@id":"https:\/\/newnordicinvestor.com\/sv\/strategi-och-vision\/#primaryimage","url":"https:\/\/newnordicinvestor.com\/wp-content\/uploads\/2020\/04\/Screen-Shot-2020-04-26-at-22.28.39.png","contentUrl":"https:\/\/newnordicinvestor.com\/wp-content\/uploads\/2020\/04\/Screen-Shot-2020-04-26-at-22.28.39.png","width":808,"height":502},{"@type":"BreadcrumbList","@id":"https:\/\/newnordicinvestor.com\/sv\/strategi-och-vision\/#breadcrumb","itemListElement":[{"@type":"ListItem","position":1,"name":"Home","item":"https:\/\/newnordicinvestor.com\/sv\/"},{"@type":"ListItem","position":2,"name":"Strategi och vision"}]},{"@type":"WebSite","@id":"https:\/\/newnordicinvestor.com\/#website","url":"https:\/\/newnordicinvestor.com\/","name":"New Nordic Investor","description":"New Nordic Investor","publisher":{"@id":"https:\/\/newnordicinvestor.com\/#organization"},"potentialAction":[{"@type":"SearchAction","target":{"@type":"EntryPoint","urlTemplate":"https:\/\/newnordicinvestor.com\/?s={search_term_string}"},"query-input":{"@type":"PropertyValueSpecification","valueRequired":true,"valueName":"search_term_string"}}],"inLanguage":"sv-SE"},{"@type":"Organization","@id":"https:\/\/newnordicinvestor.com\/#organization","name":"New Nordic Healthbrands","url":"https:\/\/newnordicinvestor.com\/","logo":{"@type":"ImageObject","inLanguage":"sv-SE","@id":"https:\/\/newnordicinvestor.com\/#\/schema\/logo\/image\/","url":"https:\/\/newnordicinvestor.com\/wp-content\/uploads\/2020\/04\/newnordicreg.jpg","contentUrl":"https:\/\/newnordicinvestor.com\/wp-content\/uploads\/2020\/04\/newnordicreg.jpg","width":478,"height":478,"caption":"New Nordic Healthbrands"},"image":{"@id":"https:\/\/newnordicinvestor.com\/#\/schema\/logo\/image\/"}}]}},"_links":{"self":[{"href":"https:\/\/newnordicinvestor.com\/sv\/wp-json\/wp\/v2\/pages\/931","targetHints":{"allow":["GET"]}}],"collection":[{"href":"https:\/\/newnordicinvestor.com\/sv\/wp-json\/wp\/v2\/pages"}],"about":[{"href":"https:\/\/newnordicinvestor.com\/sv\/wp-json\/wp\/v2\/types\/page"}],"author":[{"embeddable":true,"href":"https:\/\/newnordicinvestor.com\/sv\/wp-json\/wp\/v2\/users\/1"}],"replies":[{"embeddable":true,"href":"https:\/\/newnordicinvestor.com\/sv\/wp-json\/wp\/v2\/comments?post=931"}],"version-history":[{"count":2,"href":"https:\/\/newnordicinvestor.com\/sv\/wp-json\/wp\/v2\/pages\/931\/revisions"}],"predecessor-version":[{"id":933,"href":"https:\/\/newnordicinvestor.com\/sv\/wp-json\/wp\/v2\/pages\/931\/revisions\/933"}],"wp:featuredmedia":[{"embeddable":true,"href":"https:\/\/newnordicinvestor.com\/sv\/wp-json\/wp\/v2\/media\/260"}],"wp:attachment":[{"href":"https:\/\/newnordicinvestor.com\/sv\/wp-json\/wp\/v2\/media?parent=931"}],"curies":[{"name":"wp","href":"https:\/\/api.w.org\/{rel}","templated":true}]}}