{"id":934,"date":"2020-09-01T10:49:45","date_gmt":"2020-09-01T08:49:45","guid":{"rendered":"https:\/\/newnordicinvestor.com\/prenumerera\/"},"modified":"2020-09-02T11:10:02","modified_gmt":"2020-09-02T09:10:02","slug":"prenumerera","status":"publish","type":"page","link":"https:\/\/newnordicinvestor.com\/sv\/prenumerera\/","title":{"rendered":"Prenumerera"},"content":{"rendered":"<div class=\"wpb-content-wrapper\">[vc_row][vc_column][vc_column_text]\n<h1 style=\"text-align: center;\">H\u00c5LL DIG UPPDATERAD<\/h1>\n<p style=\"text-align: center;\">Prenumerera p\u00e5 pressmeddelanden och finansiell information fr\u00e5n New Nordic.<\/p>\n<p style=\"text-align: center;\">Jag godk\u00e4nner att New Nordic-koncernen lagrar min e-postadress tills jag v\u00e4ljer att sluta prenumerera p\u00e5 pressmeddelanden.<\/p>\n[\/vc_column_text][\/vc_column][\/vc_row][vc_row][vc_column][vc_raw_html]PGRpdiBjbGFzcz0ibmV3c2xldHRlci13cmFwcGVyIj4NCjxkaXYgY2xhc3M9ImVtYWlsLWNvbnRhaW5lciI+PGltZyBzcmM9Imh0dHBzOi8vbmV3bm9yZGljaW52ZXN0b3IuY29tL3dwLWNvbnRlbnQvdXBsb2Fkcy8yMDIwLzA0L2VudmVsb3BlX3doaXRlLnBuZyIgYWx0PSJlbWFpbCBpY29uIj48cD4NClByZW51bWVyZXJhIHDDpSB2w6VydCBueWhldHNicmV2IGbDtnIgaW52ZXN0ZXJhcmU8L3A+DQo8ZGl2IGlkPSJtY19lbWJlZF9zaWdudXAiPg0KPGZvcm0gYWN0aW9uPSJodHRwczovL25ld25vcmRpYy51czYubGlzdC1tYW5hZ2UuY29tL3N1YnNjcmliZS9wb3N0P3U9ODRmNTI3MDI0NmE4NGU4MzlhN2E1MTcwNSZpZD05OTk3YjA1NmQ5IiBtZXRob2Q9InBvc3QiIGlkPSJtYy1lbWJlZGRlZC1zdWJzY3JpYmUtZm9ybSIgbmFtZT0ibWMtZW1iZWRkZWQtc3Vic2NyaWJlLWZvcm0iIGNsYXNzPSJ2YWxpZGF0ZSBlbWFpbC1mb3JtIiB0YXJnZXQ9Il9ibGFuayIgbm92YWxpZGF0ZT4NCjxpbnB1dCBpZD0ibWNlLUVNQUlMIiB0eXBlPSJlbWFpbCIgdmFsdWU9IiIgbmFtZT0iRU1BSUwiIGNsYXNzPSJlbWFpbCIgcmVxdWlyZWQ+DQo8ZGl2IHN0eWxlPSJwb3NpdGlvbjogYWJzb2x1dGU7IGxlZnQ6IC01MDAwcHg7IiBhcmlhLWhpZGRlbj0idHJ1ZSI+PGlucHV0IHR5cGU9InRleHQiIG5hbWU9ImJfODRmNTI3MDI0NmE4NGU4MzlhN2E1MTcwNV85OTk3YjA1NmQ5IiB0YWJpbmRleD0iLTEiIHZhbHVlPSIiPjwvZGl2Pg0KPGRpdiBjbGFzcz0iY2xlYXIiPjxpbnB1dCB0eXBlPSJzdWJtaXQiIHZhbHVlPSJTdWJzY3JpYmUiIG5hbWU9InN1YnNjcmliZSIgaWQ9Im1jLWVtYmVkZGVkLXN1YnNjcmliZSIgY2xhc3M9ImJ1dHRvbiI+PC9kaXY+DQo8L2Zvcm0+DQo8L2Rpdj4NCjwvZGl2Pg0KPC9kaXY+[\/vc_raw_html][\/vc_column][\/vc_row]\n<\/div>","protected":false},"excerpt":{"rendered":"<p>[vc_row][vc_column][vc_column_text] H\u00c5LL DIG UPPDATERAD Prenumerera p\u00e5 pressmeddelanden och finansiell information fr\u00e5n New Nordic. Jag&#8230;<\/p>\n","protected":false},"author":2,"featured_media":0,"parent":0,"menu_order":0,"comment_status":"closed","ping_status":"closed","template":"","meta":{"_acf_changed":false,"footnotes":""},"class_list":["post-934","page","type-page","status-publish","hentry"],"acf":[],"yoast_head":"<!-- This site is optimized with the Yoast SEO plugin v27.4 - https:\/\/yoast.com\/product\/yoast-seo-wordpress\/ -->\n<title>Prenumerera - NewNordicInvestor<\/title>\n<meta name=\"robots\" content=\"index, follow, max-snippet:-1, max-image-preview:large, max-video-preview:-1\" \/>\n<link rel=\"canonical\" href=\"https:\/\/newnordicinvestor.com\/sv\/prenumerera\/\" \/>\n<meta property=\"og:locale\" content=\"sv_SE\" \/>\n<meta property=\"og:type\" content=\"article\" \/>\n<meta property=\"og:title\" content=\"Prenumerera - NewNordicInvestor\" \/>\n<meta property=\"og:description\" content=\"[vc_row][vc_column][vc_column_text] H\u00c5LL DIG UPPDATERAD Prenumerera p\u00e5 pressmeddelanden och finansiell information fr\u00e5n New Nordic. Jag...\" \/>\n<meta property=\"og:url\" content=\"https:\/\/newnordicinvestor.com\/sv\/prenumerera\/\" \/>\n<meta property=\"og:site_name\" content=\"NewNordicInvestor\" \/>\n<meta property=\"article:modified_time\" content=\"2020-09-02T09:10:02+00:00\" \/>\n<meta name=\"twitter:card\" content=\"summary_large_image\" \/>\n<meta name=\"twitter:label1\" content=\"Ber\u00e4knad l\u00e4stid\" \/>\n\t<meta name=\"twitter:data1\" content=\"1 minut\" \/>\n<script type=\"application\/ld+json\" class=\"yoast-schema-graph\">{\"@context\":\"https:\\\/\\\/schema.org\",\"@graph\":[{\"@type\":\"WebPage\",\"@id\":\"https:\\\/\\\/newnordicinvestor.com\\\/sv\\\/prenumerera\\\/\",\"url\":\"https:\\\/\\\/newnordicinvestor.com\\\/sv\\\/prenumerera\\\/\",\"name\":\"Prenumerera - NewNordicInvestor\",\"isPartOf\":{\"@id\":\"https:\\\/\\\/newnordicinvestor.com\\\/#website\"},\"datePublished\":\"2020-09-01T08:49:45+00:00\",\"dateModified\":\"2020-09-02T09:10:02+00:00\",\"breadcrumb\":{\"@id\":\"https:\\\/\\\/newnordicinvestor.com\\\/sv\\\/prenumerera\\\/#breadcrumb\"},\"inLanguage\":\"sv-SE\",\"potentialAction\":[{\"@type\":\"ReadAction\",\"target\":[\"https:\\\/\\\/newnordicinvestor.com\\\/sv\\\/prenumerera\\\/\"]}]},{\"@type\":\"BreadcrumbList\",\"@id\":\"https:\\\/\\\/newnordicinvestor.com\\\/sv\\\/prenumerera\\\/#breadcrumb\",\"itemListElement\":[{\"@type\":\"ListItem\",\"position\":1,\"name\":\"Home\",\"item\":\"https:\\\/\\\/newnordicinvestor.com\\\/sv\\\/\"},{\"@type\":\"ListItem\",\"position\":2,\"name\":\"Prenumerera\"}]},{\"@type\":\"WebSite\",\"@id\":\"https:\\\/\\\/newnordicinvestor.com\\\/#website\",\"url\":\"https:\\\/\\\/newnordicinvestor.com\\\/\",\"name\":\"New Nordic Investor\",\"description\":\"New Nordic Investor\",\"publisher\":{\"@id\":\"https:\\\/\\\/newnordicinvestor.com\\\/#organization\"},\"potentialAction\":[{\"@type\":\"SearchAction\",\"target\":{\"@type\":\"EntryPoint\",\"urlTemplate\":\"https:\\\/\\\/newnordicinvestor.com\\\/?s={search_term_string}\"},\"query-input\":{\"@type\":\"PropertyValueSpecification\",\"valueRequired\":true,\"valueName\":\"search_term_string\"}}],\"inLanguage\":\"sv-SE\"},{\"@type\":\"Organization\",\"@id\":\"https:\\\/\\\/newnordicinvestor.com\\\/#organization\",\"name\":\"New Nordic Healthbrands\",\"url\":\"https:\\\/\\\/newnordicinvestor.com\\\/\",\"logo\":{\"@type\":\"ImageObject\",\"inLanguage\":\"sv-SE\",\"@id\":\"https:\\\/\\\/newnordicinvestor.com\\\/#\\\/schema\\\/logo\\\/image\\\/\",\"url\":\"https:\\\/\\\/newnordicinvestor.com\\\/wp-content\\\/uploads\\\/2020\\\/04\\\/newnordicreg.jpg\",\"contentUrl\":\"https:\\\/\\\/newnordicinvestor.com\\\/wp-content\\\/uploads\\\/2020\\\/04\\\/newnordicreg.jpg\",\"width\":478,\"height\":478,\"caption\":\"New Nordic Healthbrands\"},\"image\":{\"@id\":\"https:\\\/\\\/newnordicinvestor.com\\\/#\\\/schema\\\/logo\\\/image\\\/\"}}]}<\/script>\n<!-- \/ Yoast SEO plugin. -->","yoast_head_json":{"title":"Prenumerera - NewNordicInvestor","robots":{"index":"index","follow":"follow","max-snippet":"max-snippet:-1","max-image-preview":"max-image-preview:large","max-video-preview":"max-video-preview:-1"},"canonical":"https:\/\/newnordicinvestor.com\/sv\/prenumerera\/","og_locale":"sv_SE","og_type":"article","og_title":"Prenumerera - NewNordicInvestor","og_description":"[vc_row][vc_column][vc_column_text] H\u00c5LL DIG UPPDATERAD Prenumerera p\u00e5 pressmeddelanden och finansiell information fr\u00e5n New Nordic. Jag...","og_url":"https:\/\/newnordicinvestor.com\/sv\/prenumerera\/","og_site_name":"NewNordicInvestor","article_modified_time":"2020-09-02T09:10:02+00:00","twitter_card":"summary_large_image","twitter_misc":{"Ber\u00e4knad l\u00e4stid":"1 minut"},"schema":{"@context":"https:\/\/schema.org","@graph":[{"@type":"WebPage","@id":"https:\/\/newnordicinvestor.com\/sv\/prenumerera\/","url":"https:\/\/newnordicinvestor.com\/sv\/prenumerera\/","name":"Prenumerera - NewNordicInvestor","isPartOf":{"@id":"https:\/\/newnordicinvestor.com\/#website"},"datePublished":"2020-09-01T08:49:45+00:00","dateModified":"2020-09-02T09:10:02+00:00","breadcrumb":{"@id":"https:\/\/newnordicinvestor.com\/sv\/prenumerera\/#breadcrumb"},"inLanguage":"sv-SE","potentialAction":[{"@type":"ReadAction","target":["https:\/\/newnordicinvestor.com\/sv\/prenumerera\/"]}]},{"@type":"BreadcrumbList","@id":"https:\/\/newnordicinvestor.com\/sv\/prenumerera\/#breadcrumb","itemListElement":[{"@type":"ListItem","position":1,"name":"Home","item":"https:\/\/newnordicinvestor.com\/sv\/"},{"@type":"ListItem","position":2,"name":"Prenumerera"}]},{"@type":"WebSite","@id":"https:\/\/newnordicinvestor.com\/#website","url":"https:\/\/newnordicinvestor.com\/","name":"New Nordic Investor","description":"New Nordic Investor","publisher":{"@id":"https:\/\/newnordicinvestor.com\/#organization"},"potentialAction":[{"@type":"SearchAction","target":{"@type":"EntryPoint","urlTemplate":"https:\/\/newnordicinvestor.com\/?s={search_term_string}"},"query-input":{"@type":"PropertyValueSpecification","valueRequired":true,"valueName":"search_term_string"}}],"inLanguage":"sv-SE"},{"@type":"Organization","@id":"https:\/\/newnordicinvestor.com\/#organization","name":"New Nordic Healthbrands","url":"https:\/\/newnordicinvestor.com\/","logo":{"@type":"ImageObject","inLanguage":"sv-SE","@id":"https:\/\/newnordicinvestor.com\/#\/schema\/logo\/image\/","url":"https:\/\/newnordicinvestor.com\/wp-content\/uploads\/2020\/04\/newnordicreg.jpg","contentUrl":"https:\/\/newnordicinvestor.com\/wp-content\/uploads\/2020\/04\/newnordicreg.jpg","width":478,"height":478,"caption":"New Nordic Healthbrands"},"image":{"@id":"https:\/\/newnordicinvestor.com\/#\/schema\/logo\/image\/"}}]}},"_links":{"self":[{"href":"https:\/\/newnordicinvestor.com\/sv\/wp-json\/wp\/v2\/pages\/934","targetHints":{"allow":["GET"]}}],"collection":[{"href":"https:\/\/newnordicinvestor.com\/sv\/wp-json\/wp\/v2\/pages"}],"about":[{"href":"https:\/\/newnordicinvestor.com\/sv\/wp-json\/wp\/v2\/types\/page"}],"author":[{"embeddable":true,"href":"https:\/\/newnordicinvestor.com\/sv\/wp-json\/wp\/v2\/users\/2"}],"replies":[{"embeddable":true,"href":"https:\/\/newnordicinvestor.com\/sv\/wp-json\/wp\/v2\/comments?post=934"}],"version-history":[{"count":3,"href":"https:\/\/newnordicinvestor.com\/sv\/wp-json\/wp\/v2\/pages\/934\/revisions"}],"predecessor-version":[{"id":1060,"href":"https:\/\/newnordicinvestor.com\/sv\/wp-json\/wp\/v2\/pages\/934\/revisions\/1060"}],"wp:attachment":[{"href":"https:\/\/newnordicinvestor.com\/sv\/wp-json\/wp\/v2\/media?parent=934"}],"curies":[{"name":"wp","href":"https:\/\/api.w.org\/{rel}","templated":true}]}}