{"id":936,"date":"2020-09-01T10:49:51","date_gmt":"2020-09-01T08:49:51","guid":{"rendered":"https:\/\/newnordicinvestor.com\/hallbarhet\/"},"modified":"2020-09-01T10:49:52","modified_gmt":"2020-09-01T08:49:52","slug":"hallbarhet","status":"publish","type":"page","link":"https:\/\/newnordicinvestor.com\/sv\/hallbarhet\/","title":{"rendered":"H\u00e5llbarhet"},"content":{"rendered":"<div class=\"wpb-content-wrapper\">[vc_row][vc_column]<div class=\"norebro-text-sc \" \n\tid=\"norebro-custom-69d9832ce36bd\" \n\t \n\t>\n\n\t<h1><span class=\"\" style=\"font-size: Stort;\">V\u00e5rt h\u00e5llbarhetsarbete fokuserar p\u00e5<\/span><\/h1>\n<div class=\"\"><\/div>\n<div class=\"\"><b class=\"\">f\u00f6r\u00e4ndring till det b\u00e4ttre:<\/b> p\u00e5 New Nordic driver vi st\u00e4ndigt p\u00e5 innovation, samarbetar med andra, driver p\u00e5 f\u00f6r st\u00f6rre \u00f6ppenhet och bel\u00f6nar h\u00e5llbara \u00e5tg\u00e4rder.<\/div>\n<div class=\"><\/div>\n<div>\n<div>\n<p><\/b>P\u00e5 New Nordic f\u00f6r\u00e4ndrar vi v\u00e5rt s\u00e4tt att g\u00f6ra aff\u00e4rer s\u00e5 att vi blir klimatpositiva och f\u00e5r ut mesta m\u00f6jliga av alla resurser.<\/div>\n<div class=\"><\/div>\n<div class=\"><b class=\"\">R\u00e4ttvist och likv\u00e4rdigt: <\/b>p\u00e5 New Nordic genomf\u00f6r vi principer som \u00e4r typiska f\u00f6r de skandinaviska l\u00e4nderna, j\u00e4mlikhet och r\u00e4ttvisa. Vi vill vara en del av en h\u00e4lso- och sk\u00f6nhetsindustri som ger r\u00e4ttvisa arbetstillf\u00e4llen och lika behandling f\u00f6r alla. Vi respekterar de m\u00e4nskliga r\u00e4ttigheterna, fr\u00e4mjar integration och m\u00e5ngfald i hela v\u00e5r leverant\u00f6rskedja \u2013 och uppmanar andra att g\u00f6ra detsamma.<\/div>\n<p>\n\t\n<\/div>[\/vc_column][\/vc_row]\n<\/div>","protected":false},"excerpt":{"rendered":"<p>[vc_row][vc_column][\/vc_column][\/vc_row]<\/p>\n","protected":false},"author":2,"featured_media":686,"parent":0,"menu_order":0,"comment_status":"closed","ping_status":"closed","template":"","meta":{"_acf_changed":false,"footnotes":""},"class_list":["post-936","page","type-page","status-publish","has-post-thumbnail","hentry"],"acf":[],"yoast_head":"<!-- This site is optimized with the Yoast SEO plugin v27.1.1 - https:\/\/yoast.com\/product\/yoast-seo-wordpress\/ -->\n<title>H\u00e5llbarhet - NewNordicInvestor<\/title>\n<meta name=\"robots\" content=\"index, follow, max-snippet:-1, max-image-preview:large, max-video-preview:-1\" \/>\n<link rel=\"canonical\" href=\"https:\/\/newnordicinvestor.com\/sv\/hallbarhet\/\" \/>\n<meta property=\"og:locale\" content=\"sv_SE\" \/>\n<meta property=\"og:type\" content=\"article\" \/>\n<meta property=\"og:title\" content=\"H\u00e5llbarhet - NewNordicInvestor\" \/>\n<meta property=\"og:description\" content=\"[vc_row][vc_column][\/vc_column][\/vc_row]\" \/>\n<meta property=\"og:url\" content=\"https:\/\/newnordicinvestor.com\/sv\/hallbarhet\/\" \/>\n<meta property=\"og:site_name\" content=\"NewNordicInvestor\" \/>\n<meta property=\"article:modified_time\" content=\"2020-09-01T08:49:52+00:00\" \/>\n<meta property=\"og:image\" content=\"https:\/\/newnordicinvestor.com\/wp-content\/uploads\/2020\/05\/flowers3_investor-1.png\" \/>\n\t<meta property=\"og:image:width\" content=\"320\" \/>\n\t<meta property=\"og:image:height\" content=\"200\" \/>\n\t<meta property=\"og:image:type\" content=\"image\/png\" \/>\n<meta name=\"twitter:card\" content=\"summary_large_image\" \/>\n<script type=\"application\/ld+json\" class=\"yoast-schema-graph\">{\"@context\":\"https:\/\/schema.org\",\"@graph\":[{\"@type\":\"WebPage\",\"@id\":\"https:\/\/newnordicinvestor.com\/sv\/hallbarhet\/\",\"url\":\"https:\/\/newnordicinvestor.com\/sv\/hallbarhet\/\",\"name\":\"H\u00e5llbarhet - NewNordicInvestor\",\"isPartOf\":{\"@id\":\"https:\/\/newnordicinvestor.com\/#website\"},\"primaryImageOfPage\":{\"@id\":\"https:\/\/newnordicinvestor.com\/sv\/hallbarhet\/#primaryimage\"},\"image\":{\"@id\":\"https:\/\/newnordicinvestor.com\/sv\/hallbarhet\/#primaryimage\"},\"thumbnailUrl\":\"https:\/\/newnordicinvestor.com\/wp-content\/uploads\/2020\/05\/flowers3_investor-1.png\",\"datePublished\":\"2020-09-01T08:49:51+00:00\",\"dateModified\":\"2020-09-01T08:49:52+00:00\",\"breadcrumb\":{\"@id\":\"https:\/\/newnordicinvestor.com\/sv\/hallbarhet\/#breadcrumb\"},\"inLanguage\":\"sv-SE\",\"potentialAction\":[{\"@type\":\"ReadAction\",\"target\":[\"https:\/\/newnordicinvestor.com\/sv\/hallbarhet\/\"]}]},{\"@type\":\"ImageObject\",\"inLanguage\":\"sv-SE\",\"@id\":\"https:\/\/newnordicinvestor.com\/sv\/hallbarhet\/#primaryimage\",\"url\":\"https:\/\/newnordicinvestor.com\/wp-content\/uploads\/2020\/05\/flowers3_investor-1.png\",\"contentUrl\":\"https:\/\/newnordicinvestor.com\/wp-content\/uploads\/2020\/05\/flowers3_investor-1.png\",\"width\":320,\"height\":200},{\"@type\":\"BreadcrumbList\",\"@id\":\"https:\/\/newnordicinvestor.com\/sv\/hallbarhet\/#breadcrumb\",\"itemListElement\":[{\"@type\":\"ListItem\",\"position\":1,\"name\":\"Home\",\"item\":\"https:\/\/newnordicinvestor.com\/sv\/\"},{\"@type\":\"ListItem\",\"position\":2,\"name\":\"H\u00e5llbarhet\"}]},{\"@type\":\"WebSite\",\"@id\":\"https:\/\/newnordicinvestor.com\/#website\",\"url\":\"https:\/\/newnordicinvestor.com\/\",\"name\":\"New Nordic Investor\",\"description\":\"New Nordic Investor\",\"publisher\":{\"@id\":\"https:\/\/newnordicinvestor.com\/#organization\"},\"potentialAction\":[{\"@type\":\"SearchAction\",\"target\":{\"@type\":\"EntryPoint\",\"urlTemplate\":\"https:\/\/newnordicinvestor.com\/?s={search_term_string}\"},\"query-input\":{\"@type\":\"PropertyValueSpecification\",\"valueRequired\":true,\"valueName\":\"search_term_string\"}}],\"inLanguage\":\"sv-SE\"},{\"@type\":\"Organization\",\"@id\":\"https:\/\/newnordicinvestor.com\/#organization\",\"name\":\"New Nordic Healthbrands\",\"url\":\"https:\/\/newnordicinvestor.com\/\",\"logo\":{\"@type\":\"ImageObject\",\"inLanguage\":\"sv-SE\",\"@id\":\"https:\/\/newnordicinvestor.com\/#\/schema\/logo\/image\/\",\"url\":\"https:\/\/newnordicinvestor.com\/wp-content\/uploads\/2020\/04\/newnordicreg.jpg\",\"contentUrl\":\"https:\/\/newnordicinvestor.com\/wp-content\/uploads\/2020\/04\/newnordicreg.jpg\",\"width\":478,\"height\":478,\"caption\":\"New Nordic Healthbrands\"},\"image\":{\"@id\":\"https:\/\/newnordicinvestor.com\/#\/schema\/logo\/image\/\"}}]}<\/script>\n<!-- \/ Yoast SEO plugin. -->","yoast_head_json":{"title":"H\u00e5llbarhet - NewNordicInvestor","robots":{"index":"index","follow":"follow","max-snippet":"max-snippet:-1","max-image-preview":"max-image-preview:large","max-video-preview":"max-video-preview:-1"},"canonical":"https:\/\/newnordicinvestor.com\/sv\/hallbarhet\/","og_locale":"sv_SE","og_type":"article","og_title":"H\u00e5llbarhet - NewNordicInvestor","og_description":"[vc_row][vc_column][\/vc_column][\/vc_row]","og_url":"https:\/\/newnordicinvestor.com\/sv\/hallbarhet\/","og_site_name":"NewNordicInvestor","article_modified_time":"2020-09-01T08:49:52+00:00","og_image":[{"width":320,"height":200,"url":"https:\/\/newnordicinvestor.com\/wp-content\/uploads\/2020\/05\/flowers3_investor-1.png","type":"image\/png"}],"twitter_card":"summary_large_image","schema":{"@context":"https:\/\/schema.org","@graph":[{"@type":"WebPage","@id":"https:\/\/newnordicinvestor.com\/sv\/hallbarhet\/","url":"https:\/\/newnordicinvestor.com\/sv\/hallbarhet\/","name":"H\u00e5llbarhet - NewNordicInvestor","isPartOf":{"@id":"https:\/\/newnordicinvestor.com\/#website"},"primaryImageOfPage":{"@id":"https:\/\/newnordicinvestor.com\/sv\/hallbarhet\/#primaryimage"},"image":{"@id":"https:\/\/newnordicinvestor.com\/sv\/hallbarhet\/#primaryimage"},"thumbnailUrl":"https:\/\/newnordicinvestor.com\/wp-content\/uploads\/2020\/05\/flowers3_investor-1.png","datePublished":"2020-09-01T08:49:51+00:00","dateModified":"2020-09-01T08:49:52+00:00","breadcrumb":{"@id":"https:\/\/newnordicinvestor.com\/sv\/hallbarhet\/#breadcrumb"},"inLanguage":"sv-SE","potentialAction":[{"@type":"ReadAction","target":["https:\/\/newnordicinvestor.com\/sv\/hallbarhet\/"]}]},{"@type":"ImageObject","inLanguage":"sv-SE","@id":"https:\/\/newnordicinvestor.com\/sv\/hallbarhet\/#primaryimage","url":"https:\/\/newnordicinvestor.com\/wp-content\/uploads\/2020\/05\/flowers3_investor-1.png","contentUrl":"https:\/\/newnordicinvestor.com\/wp-content\/uploads\/2020\/05\/flowers3_investor-1.png","width":320,"height":200},{"@type":"BreadcrumbList","@id":"https:\/\/newnordicinvestor.com\/sv\/hallbarhet\/#breadcrumb","itemListElement":[{"@type":"ListItem","position":1,"name":"Home","item":"https:\/\/newnordicinvestor.com\/sv\/"},{"@type":"ListItem","position":2,"name":"H\u00e5llbarhet"}]},{"@type":"WebSite","@id":"https:\/\/newnordicinvestor.com\/#website","url":"https:\/\/newnordicinvestor.com\/","name":"New Nordic Investor","description":"New Nordic Investor","publisher":{"@id":"https:\/\/newnordicinvestor.com\/#organization"},"potentialAction":[{"@type":"SearchAction","target":{"@type":"EntryPoint","urlTemplate":"https:\/\/newnordicinvestor.com\/?s={search_term_string}"},"query-input":{"@type":"PropertyValueSpecification","valueRequired":true,"valueName":"search_term_string"}}],"inLanguage":"sv-SE"},{"@type":"Organization","@id":"https:\/\/newnordicinvestor.com\/#organization","name":"New Nordic Healthbrands","url":"https:\/\/newnordicinvestor.com\/","logo":{"@type":"ImageObject","inLanguage":"sv-SE","@id":"https:\/\/newnordicinvestor.com\/#\/schema\/logo\/image\/","url":"https:\/\/newnordicinvestor.com\/wp-content\/uploads\/2020\/04\/newnordicreg.jpg","contentUrl":"https:\/\/newnordicinvestor.com\/wp-content\/uploads\/2020\/04\/newnordicreg.jpg","width":478,"height":478,"caption":"New Nordic Healthbrands"},"image":{"@id":"https:\/\/newnordicinvestor.com\/#\/schema\/logo\/image\/"}}]}},"_links":{"self":[{"href":"https:\/\/newnordicinvestor.com\/sv\/wp-json\/wp\/v2\/pages\/936","targetHints":{"allow":["GET"]}}],"collection":[{"href":"https:\/\/newnordicinvestor.com\/sv\/wp-json\/wp\/v2\/pages"}],"about":[{"href":"https:\/\/newnordicinvestor.com\/sv\/wp-json\/wp\/v2\/types\/page"}],"author":[{"embeddable":true,"href":"https:\/\/newnordicinvestor.com\/sv\/wp-json\/wp\/v2\/users\/2"}],"replies":[{"embeddable":true,"href":"https:\/\/newnordicinvestor.com\/sv\/wp-json\/wp\/v2\/comments?post=936"}],"version-history":[{"count":1,"href":"https:\/\/newnordicinvestor.com\/sv\/wp-json\/wp\/v2\/pages\/936\/revisions"}],"predecessor-version":[{"id":937,"href":"https:\/\/newnordicinvestor.com\/sv\/wp-json\/wp\/v2\/pages\/936\/revisions\/937"}],"wp:featuredmedia":[{"embeddable":true,"href":"https:\/\/newnordicinvestor.com\/sv\/wp-json\/wp\/v2\/media\/686"}],"wp:attachment":[{"href":"https:\/\/newnordicinvestor.com\/sv\/wp-json\/wp\/v2\/media?parent=936"}],"curies":[{"name":"wp","href":"https:\/\/api.w.org\/{rel}","templated":true}]}}