{"id":938,"date":"2020-09-01T10:49:59","date_gmt":"2020-09-01T08:49:59","guid":{"rendered":"https:\/\/newnordicinvestor.com\/skattepolicy\/"},"modified":"2020-09-01T10:49:59","modified_gmt":"2020-09-01T08:49:59","slug":"skattepolicy","status":"publish","type":"page","link":"https:\/\/newnordicinvestor.com\/sv\/skattepolicy\/","title":{"rendered":"Skattepolicy"},"content":{"rendered":"<h1>NEW NORDICS SKATTEPOLICY<\/h1>\n<h5>TOTAL SKATTENIV\u00c5 F\u00d6R NEW NORDIC-KONCERNEN<\/h5>\n<p>New Nordic Healthbrands AB \u00e4r ett svenskt f\u00f6retag noterat p\u00e5 den svenska b\u00f6rsen, First North Growth Market (Nasdaq Stockholm). New Nordic planerar att till\u00e4mpa International Financial Reporting Standards (IFRS) som antagits av EU n\u00e4r bolaget f\u00f6rhoppningsvis kommer att bli noterat p\u00e5 Stockholmsb\u00f6rsen (Nasdaq Stockholm). <\/p>\n<p>New Nordic-koncernens totala skattesats \u00e4r ett resultat av de redovisade vinsterna fr\u00e5n de olika dotterbolagen i New Nordic och de effektiva bolagsskattesatserna i varje land, vilka varierar fr\u00e5n land till land. New Nordic har som m\u00e5l att betala r\u00e4tt skattebelopp i r\u00e4tt land. <\/p>\n<p>Den totala skattesatsen i New Nordic ligger runt den svenska bolagsskattesatsen, som f\u00f6r n\u00e4rvarande \u00e4r 22 procent. F\u00f6r detaljerad information om New Nordics skattesats h\u00e4nvisas till \u00e5rsredovisningen. <\/p>\n<h5>NEW NORDICS MODELL F\u00d6R INTERNPRISS\u00c4TTNING I LINJE MED DE INTERNATIONELLA RIKTLINJERNA F\u00d6R INTERNPRISS\u00c4TTNING<\/h5>\n<p>Det allm\u00e4nna underliggande m\u00e5let \u00e4r att vinsterna ska beskattas n\u00e4r v\u00e4rdet skapas i enlighet med OECD:s och FN:s riktlinjer f\u00f6r internpriss\u00e4ttning. New Nordic analyserar, utv\u00e4rderar och vid behov reviderar \u00e5rligen internprisuppgifter, t.ex. riktm\u00e4rken, i samarbete med externa experter p\u00e5 internpriss\u00e4ttning. <\/p>\n<p>New Nordic arbetar med en enkel men v\u00e4l integrerad aff\u00e4rsmodell d\u00e4r forskning, innovation, produktutveckling, sortimentplanering, priss\u00e4ttning och internationella marknadsf\u00f6ringsfunktioner hanteras i moderf\u00f6retaget New Nordic HealthBRANDS AB, Sverige. Eftersom till exempel New Nordics egen forsknings- och innovationsfunktion, produktformulering och f\u00f6rpackningsdesign samt sortimentfunktion skapar produktsortimentet centralt i Sverige, tilldelas Sverige v\u00e4rdet f\u00f6r dessa funktioner. <\/p>\n<p>Ink\u00f6ps- och f\u00f6rs\u00f6rjningsfunktionen finns i Danmark och fungerar som koncernens centrala anskaffnings- och ink\u00f6psagentfunktion. Eftersom Danmark under m\u00e5nga \u00e5r har hanterat koncernens upphandlingar \u00e4r det naturligt att forts\u00e4tta att anv\u00e4nda och ytterligare st\u00e4rka Danmark som det centrala navet f\u00f6r alla New Nordics upphandlingar till representativa kontor \u00f6ver hela v\u00e4rlden. <\/p>\n<p>Tillsammans med externa r\u00e5dgivare har New Nordic analyserat var huvudv\u00e4rdet skapas inom koncernen. I New Nordics fall \u00e4r det skapade v\u00e4rdet uppdelat p\u00e5 a) de centrala funktionerna i Sverige, b) anskaffnings- och ink\u00f6psagentfunktionen i Danmark och c) i f\u00f6rs\u00e4ljningsl\u00e4nderna. Analysen visar att st\u00f6rre delen av koncernens v\u00e4rde skapas i Sverige och d\u00e4rf\u00f6r b\u00f6r beskattas d\u00e4r. Ovanst\u00e5ende utg\u00f6r grunden f\u00f6r New Nordics modell f\u00f6r internpriss\u00e4ttning f\u00f6r alla transaktioner mellan f\u00f6retag. <\/p>\n<p>New Nordics modell f\u00f6r internpriss\u00e4ttning ligger i linje med de internationella riktlinjerna f\u00f6r internpriss\u00e4ttning. New Nordic f\u00f6ljer ocks\u00e5 de lokala best\u00e4mmelserna i det land d\u00e4r det ber\u00f6rda dotterbolaget \u00e4r bel\u00e4get n\u00e4r priserna p\u00e5 dess transaktioner mellan f\u00f6retag fastst\u00e4lls. New Nordic genomf\u00f6r sina transaktioner mellan f\u00f6retag p\u00e5 arml\u00e4ngds avst\u00e5nd och har inf\u00f6rt prisdokumentation f\u00f6r \u00f6verf\u00f6ring f\u00f6r att st\u00f6dja de till\u00e4mpade metoderna f\u00f6r internpriss\u00e4ttning. <\/p>\n<p>New Nordic till\u00e4mpar armsl\u00e4ngdsprincipen f\u00f6r att s\u00e4kerst\u00e4lla att parter i koncerninterna transaktioner f\u00e5r sk\u00e4lig ers\u00e4ttning, att internpriss\u00e4ttningsmetoderna till\u00e4mpas konsekvent, att redovisningsskyldighet och insyn i transaktionerna s\u00e4kerst\u00e4lls och att resultatstyrningen f\u00f6rb\u00e4ttras. <\/p>\n<p>Dokumentation om internpriss\u00e4ttning: New Nordic uppr\u00e4ttar dokumentation om internpriss\u00e4ttning f\u00f6r sina olika transaktioner mellan f\u00f6retag f\u00f6r att uppfylla de lokala kraven p\u00e5 internpriss\u00e4ttning i de l\u00e4nder d\u00e4r dotterbolagen \u00e4r bel\u00e4gna. <\/p>\n<p>Styrning: VD:n och ekonomichefen och dennes avdelning p\u00e5 New Nordic har ensamt ansvar f\u00f6r att initiera och dokumentera policyer och riktlinjer f\u00f6r specifika skattefr\u00e5gor i koncernen. Denna skattepolitik har diskuterats och godk\u00e4nts av styrelsen. <\/p>\n<h5>SKATTERISKER OCH EXTERNA R\u00c5DGIVARE<\/h5>\n<p>New Nordics strategi \u00e4r att alltid ha en konservativ st\u00e4llning n\u00e4r det g\u00e4ller att hantera skattefr\u00e5gor. Skattem\u00e4ssiga situationer uppst\u00e5r i ett \u00e4mne, t.ex. driftsint\u00e4kter och aff\u00e4rsverksamhet i en jurisdiktion. Inom New Nordic kan skatteexponeringar och skatterisker uppst\u00e5 av flera sk\u00e4l. Vanligtvis \u00e4r det mycket mer sannolikt att skatterisker uppst\u00e5r i gr\u00e4ns\u00f6verskridande situationer med tanke p\u00e5 de m\u00e5nga skattejurisdiktionerna och tolkningsskillnaderna mellan olika skattemyndigheter. F\u00f6rutom hanteringen av den \u00e5rliga policyen f\u00f6r internpriser och riktm\u00e4rken som hanteras av externa experter p\u00e5 internpriss\u00e4ttning kan andra skattefr\u00e5gor i de flesta fall hanteras internt av New Nordics egen finansavdelning som ocks\u00e5 hanterar skatt i samarbete med tredje parts nationella finansiella f\u00f6retag och skatter\u00e5dgivare. I specifika lokala regelsituationer anv\u00e4nds externa skatter\u00e5dgivare. <\/p>\n<p>\u00a0<\/p>\n<h5>TRANSPARENT DIALOG MED SKATTEMYNDIGHETER<\/h5>\n<p>New Nordic betalar sina skatter vid l\u00e4mpliga tidpunkter och tillhandah\u00e5ller all relevant information som beg\u00e4rs av den beh\u00f6riga skattemyndigheten utan dr\u00f6jsm\u00e5l f\u00f6r att korrekt kunna fastst\u00e4lla f\u00f6retagets skatteskyldigheter.<br \/>\nNew Nordic str\u00e4var efter goda yrkesm\u00e4ssiga och \u00f6ppna relationer med skattemyndigheterna. New Nordic f\u00f6ljer lokala regler och best\u00e4mmelser om krav p\u00e5 dokumentationsbevarande. New Nordic dokumenterar d\u00e4rf\u00f6r alltid sin kommunikation med skattemyndigheterna, som f\u00f6rvaras i ett separat arkiv i bolagets huvudfil.<br \/>\nSom ett minimum b\u00f6r varje skatteutbetalande enhet inom New Nordic-koncernen dokumentera och beh\u00e5lla all information som kr\u00e4vs f\u00f6r att fastst\u00e4lla beskattningsunderlaget och den d\u00e4rmed sammanh\u00e4ngande beskattningen, s\u00e5som redovisningsarbetsb\u00f6cker och blad, filer och annan dokumentation. <\/p>\n<p>\u00a0<\/p>\n<h5>NEW NORDIC BIDRAR GENOM ATT SKAPA ARBETSTILLF\u00c4LLEN OCH GENOM ATT BETALA DIREKTA OCH INDIREKTA SKATTER OCH ANDRA AVGIFTER I PRODUKTIONSL\u00c4NDERNA<\/h5>\n<p>NEW NORDIC \u00e4ger inga fabriker, ist\u00e4llet k\u00f6per man sina produkter fr\u00e5n oberoende leverant\u00f6rer i produktionsl\u00e4nder, fr\u00e4mst i Skandinavien, men \u00e4ven i Asien och USA. Eftersom New Nordic k\u00f6per stora volymer v\u00e4xtbaserade r\u00e5varor, f\u00f6rpackningsmaterial och tillverkningstj\u00e4nster och andra relaterade produkter i dessa l\u00e4nder och i hela v\u00e4rlden bidrar New Nordic genom att skapa arbetstillf\u00e4llen f\u00f6r m\u00e5nga m\u00e4nniskor i flera l\u00e4nder. I alla l\u00e4nder d\u00e4r New Nordic har marknadsf\u00f6rings- och servicebolag k\u00f6per New Nordic stora m\u00e4ngder media, lagerh\u00e5llning och distribution, vilket ocks\u00e5 skapar nya arbetstillf\u00e4llen och aff\u00e4rer. I produktionsl\u00e4nderna genereras andra skatteint\u00e4kter \u00e4n bolagsskatt. Anst\u00e4llda hos New Nordic p\u00e5 de lokala representationskontoren betalar inkomstskatt och sociala avgifter. New Nordic bidrar ocks\u00e5 med andra avgifter som tullar och milj\u00f6avgifter i de l\u00e4nder d\u00e4r dessa \u00e4r till\u00e4mpliga. <\/p>\n<p>\u00a0<\/p>\n<h5>DEFINITIONER:<\/h5>\n<p>Arml\u00e4ngds princip: Enligt arml\u00e4ngdsprincipen ska f\u00f6retag inom en multinationell grupp agera som om de \u00e4r oberoende av varandra, dvs. \u201dp\u00e5 arml\u00e4ngds avst\u00e5nd\u201d. Den internationella standard som OECD-l\u00e4nderna har enats om b\u00f6r anv\u00e4ndas f\u00f6r att fastst\u00e4lla \u00f6verf\u00f6ringspriser f\u00f6r skatte\u00e4ndam\u00e5l. Det anges i artikel 9 i OECD:s modellskattekonvention p\u00e5 f\u00f6ljande s\u00e4tt: n\u00e4r \u201dvillkor st\u00e4lls eller inf\u00f6rs mellan de tv\u00e5 f\u00f6retagen i deras kommersiella eller finansiella f\u00f6rbindelser, som skiljer sig fr\u00e5n dem som skulle g\u00f6ras mellan oberoende f\u00f6retag, ska eventuella vinster som skulle, men p\u00e5 dessa villkor ett av f\u00f6retagen f\u00e5tt, men p\u00e5 grund av dessa villkor inte upplupit s\u00e5, ing\u00e5 i f\u00f6retagets vinst och beskattas i enlighet med detta\u201d. <\/p>\n<p>Fakta om OECD: OECD:s (Organisation for Economic Co-operation and Development) uppgift \u00e4r att fr\u00e4mja en politik som f\u00f6rb\u00e4ttrar m\u00e4nniskors ekonomiska och sociala v\u00e4lbefinnande i hela v\u00e4rlden. OECD \u00e4r ett forum d\u00e4r regeringarna kan samarbeta f\u00f6r att utbyta erfarenheter och s\u00f6ka l\u00f6sningar p\u00e5 gemensamma problem. OECD samarbetar med regeringarna f\u00f6r att f\u00f6rst\u00e5 vad som driver p\u00e5 ekonomiska, sociala och milj\u00f6m\u00e4ssiga f\u00f6r\u00e4ndringar. OECD m\u00e4ter produktivitet och globala fl\u00f6den av handel och investeringar samt analyserar och j\u00e4mf\u00f6r data f\u00f6r att f\u00f6ruts\u00e4ga framtida trender. OECD fastst\u00e4ller internationella normer f\u00f6r en rad olika saker, fr\u00e5n jordbruk och beskattning till kemikalies\u00e4kerhet. <\/p>\n<p>OECD:s riktlinjer f\u00f6r internpriss\u00e4ttning syftar till att ge varje land en sk\u00e4lig andel av ett f\u00f6retags vinst enligt arml\u00e4ngdsstandarden och till att skydda f\u00f6retag fr\u00e5n dubbelbeskattning. Enligt OECD:s riktlinjer b\u00f6r f\u00f6retag inom en multinationell grupp agera som om de \u00e4r oberoende av varandra. <\/p>\n<p>OECD granskar f\u00f6r n\u00e4rvarande en del av sina riktlinjer f\u00f6r internpriss\u00e4ttning inom ramen f\u00f6r G20-projektet \u201dbaserosion och vinstf\u00f6rskjutning\u201d. Till exempel har nya riktlinjer publicerats om dokumentation om internpriss\u00e4ttning, inklusive nya och mer detaljerade dokumentationskrav. <\/p>\n<p>Internationella handelskammaren (International Chamber of Commerce) (ICC) har arbetat h\u00e5rt i n\u00e4ra samarbete med organisationer som OECD och FN f\u00f6r att se till att reglerna f\u00f6r internpriss\u00e4ttning \u00e4r s\u00e5 r\u00e4ttvisa som m\u00f6jligt och att inga enskilda l\u00e4nder f\u00f6rs\u00f6ker kringg\u00e5 de riktlinjer som utarbetats inom ramen f\u00f6r OECD genom lokal lagstiftning. Fr\u00e5gan om n\u00e4r en skattepliktig verksamhet uppst\u00e5r (fast aff\u00e4rsplats) har ocks\u00e5 noggrant unders\u00f6kts och klargjorts under ett antal \u00e5r. Den nuvarande metoden erk\u00e4nns och godtas av de flesta l\u00e4nder och lagstiftare v\u00e4rlden \u00f6ver.<\/p>\n<p>F\u00f6renta Nationerna (FN): FN:s praktiska handbok om internpriss\u00e4ttning f\u00f6r utvecklingsl\u00e4nder \u00e4r ett svar p\u00e5 behovet, som ofta uttrycks av utvecklingsl\u00e4nderna, av tydligare v\u00e4gledning om de politiska och administrativa aspekterna av till\u00e4mpningen av prisanalys vid internpriss\u00e4ttning av vissa av de multinationella f\u00f6retagens transaktioner, i synnerhet. S\u00e5dana riktlinjer b\u00f6r inte bara hj\u00e4lpa beslutsfattare och administrat\u00f6rer att hantera komplicerade fr\u00e5gor om internpriss\u00e4ttning, utan ocks\u00e5 hj\u00e4lpa skattebetalarna i deras kontakter med skattef\u00f6rvaltningarna.<\/p>\n","protected":false},"excerpt":{"rendered":"<p>NEW NORDICS SKATTEPOLICY TOTAL SKATTENIV\u00c5 F\u00d6R NEW NORDIC-KONCERNEN New Nordic Healthbrands AB \u00e4r ett&#8230;<\/p>\n","protected":false},"author":2,"featured_media":0,"parent":0,"menu_order":0,"comment_status":"closed","ping_status":"closed","template":"","meta":{"_acf_changed":false,"footnotes":""},"class_list":["post-938","page","type-page","status-publish","hentry"],"acf":[],"yoast_head":"<!-- This site is optimized with the Yoast SEO plugin v27.4 - https:\/\/yoast.com\/product\/yoast-seo-wordpress\/ -->\n<title>Skattepolicy - NewNordicInvestor<\/title>\n<meta name=\"robots\" content=\"index, follow, max-snippet:-1, max-image-preview:large, max-video-preview:-1\" \/>\n<link rel=\"canonical\" href=\"https:\/\/newnordicinvestor.com\/sv\/skattepolicy\/\" \/>\n<meta property=\"og:locale\" content=\"sv_SE\" \/>\n<meta property=\"og:type\" content=\"article\" \/>\n<meta property=\"og:title\" content=\"Skattepolicy - NewNordicInvestor\" \/>\n<meta property=\"og:description\" content=\"NEW NORDICS SKATTEPOLICY TOTAL SKATTENIV\u00c5 F\u00d6R NEW NORDIC-KONCERNEN New Nordic Healthbrands AB \u00e4r ett...\" \/>\n<meta property=\"og:url\" content=\"https:\/\/newnordicinvestor.com\/sv\/skattepolicy\/\" \/>\n<meta property=\"og:site_name\" content=\"NewNordicInvestor\" \/>\n<meta name=\"twitter:card\" content=\"summary_large_image\" \/>\n<meta name=\"twitter:label1\" content=\"Ber\u00e4knad l\u00e4stid\" \/>\n\t<meta name=\"twitter:data1\" content=\"8 minuter\" \/>\n<script type=\"application\/ld+json\" class=\"yoast-schema-graph\">{\"@context\":\"https:\\\/\\\/schema.org\",\"@graph\":[{\"@type\":\"WebPage\",\"@id\":\"https:\\\/\\\/newnordicinvestor.com\\\/sv\\\/skattepolicy\\\/\",\"url\":\"https:\\\/\\\/newnordicinvestor.com\\\/sv\\\/skattepolicy\\\/\",\"name\":\"Skattepolicy - NewNordicInvestor\",\"isPartOf\":{\"@id\":\"https:\\\/\\\/newnordicinvestor.com\\\/#website\"},\"datePublished\":\"2020-09-01T08:49:59+00:00\",\"breadcrumb\":{\"@id\":\"https:\\\/\\\/newnordicinvestor.com\\\/sv\\\/skattepolicy\\\/#breadcrumb\"},\"inLanguage\":\"sv-SE\",\"potentialAction\":[{\"@type\":\"ReadAction\",\"target\":[\"https:\\\/\\\/newnordicinvestor.com\\\/sv\\\/skattepolicy\\\/\"]}]},{\"@type\":\"BreadcrumbList\",\"@id\":\"https:\\\/\\\/newnordicinvestor.com\\\/sv\\\/skattepolicy\\\/#breadcrumb\",\"itemListElement\":[{\"@type\":\"ListItem\",\"position\":1,\"name\":\"Home\",\"item\":\"https:\\\/\\\/newnordicinvestor.com\\\/sv\\\/\"},{\"@type\":\"ListItem\",\"position\":2,\"name\":\"Skattepolicy\"}]},{\"@type\":\"WebSite\",\"@id\":\"https:\\\/\\\/newnordicinvestor.com\\\/#website\",\"url\":\"https:\\\/\\\/newnordicinvestor.com\\\/\",\"name\":\"New Nordic Investor\",\"description\":\"New Nordic Investor\",\"publisher\":{\"@id\":\"https:\\\/\\\/newnordicinvestor.com\\\/#organization\"},\"potentialAction\":[{\"@type\":\"SearchAction\",\"target\":{\"@type\":\"EntryPoint\",\"urlTemplate\":\"https:\\\/\\\/newnordicinvestor.com\\\/?s={search_term_string}\"},\"query-input\":{\"@type\":\"PropertyValueSpecification\",\"valueRequired\":true,\"valueName\":\"search_term_string\"}}],\"inLanguage\":\"sv-SE\"},{\"@type\":\"Organization\",\"@id\":\"https:\\\/\\\/newnordicinvestor.com\\\/#organization\",\"name\":\"New Nordic Healthbrands\",\"url\":\"https:\\\/\\\/newnordicinvestor.com\\\/\",\"logo\":{\"@type\":\"ImageObject\",\"inLanguage\":\"sv-SE\",\"@id\":\"https:\\\/\\\/newnordicinvestor.com\\\/#\\\/schema\\\/logo\\\/image\\\/\",\"url\":\"https:\\\/\\\/newnordicinvestor.com\\\/wp-content\\\/uploads\\\/2020\\\/04\\\/newnordicreg.jpg\",\"contentUrl\":\"https:\\\/\\\/newnordicinvestor.com\\\/wp-content\\\/uploads\\\/2020\\\/04\\\/newnordicreg.jpg\",\"width\":478,\"height\":478,\"caption\":\"New Nordic Healthbrands\"},\"image\":{\"@id\":\"https:\\\/\\\/newnordicinvestor.com\\\/#\\\/schema\\\/logo\\\/image\\\/\"}}]}<\/script>\n<!-- \/ Yoast SEO plugin. -->","yoast_head_json":{"title":"Skattepolicy - NewNordicInvestor","robots":{"index":"index","follow":"follow","max-snippet":"max-snippet:-1","max-image-preview":"max-image-preview:large","max-video-preview":"max-video-preview:-1"},"canonical":"https:\/\/newnordicinvestor.com\/sv\/skattepolicy\/","og_locale":"sv_SE","og_type":"article","og_title":"Skattepolicy - NewNordicInvestor","og_description":"NEW NORDICS SKATTEPOLICY TOTAL SKATTENIV\u00c5 F\u00d6R NEW NORDIC-KONCERNEN New Nordic Healthbrands AB \u00e4r ett...","og_url":"https:\/\/newnordicinvestor.com\/sv\/skattepolicy\/","og_site_name":"NewNordicInvestor","twitter_card":"summary_large_image","twitter_misc":{"Ber\u00e4knad l\u00e4stid":"8 minuter"},"schema":{"@context":"https:\/\/schema.org","@graph":[{"@type":"WebPage","@id":"https:\/\/newnordicinvestor.com\/sv\/skattepolicy\/","url":"https:\/\/newnordicinvestor.com\/sv\/skattepolicy\/","name":"Skattepolicy - NewNordicInvestor","isPartOf":{"@id":"https:\/\/newnordicinvestor.com\/#website"},"datePublished":"2020-09-01T08:49:59+00:00","breadcrumb":{"@id":"https:\/\/newnordicinvestor.com\/sv\/skattepolicy\/#breadcrumb"},"inLanguage":"sv-SE","potentialAction":[{"@type":"ReadAction","target":["https:\/\/newnordicinvestor.com\/sv\/skattepolicy\/"]}]},{"@type":"BreadcrumbList","@id":"https:\/\/newnordicinvestor.com\/sv\/skattepolicy\/#breadcrumb","itemListElement":[{"@type":"ListItem","position":1,"name":"Home","item":"https:\/\/newnordicinvestor.com\/sv\/"},{"@type":"ListItem","position":2,"name":"Skattepolicy"}]},{"@type":"WebSite","@id":"https:\/\/newnordicinvestor.com\/#website","url":"https:\/\/newnordicinvestor.com\/","name":"New Nordic Investor","description":"New Nordic Investor","publisher":{"@id":"https:\/\/newnordicinvestor.com\/#organization"},"potentialAction":[{"@type":"SearchAction","target":{"@type":"EntryPoint","urlTemplate":"https:\/\/newnordicinvestor.com\/?s={search_term_string}"},"query-input":{"@type":"PropertyValueSpecification","valueRequired":true,"valueName":"search_term_string"}}],"inLanguage":"sv-SE"},{"@type":"Organization","@id":"https:\/\/newnordicinvestor.com\/#organization","name":"New Nordic Healthbrands","url":"https:\/\/newnordicinvestor.com\/","logo":{"@type":"ImageObject","inLanguage":"sv-SE","@id":"https:\/\/newnordicinvestor.com\/#\/schema\/logo\/image\/","url":"https:\/\/newnordicinvestor.com\/wp-content\/uploads\/2020\/04\/newnordicreg.jpg","contentUrl":"https:\/\/newnordicinvestor.com\/wp-content\/uploads\/2020\/04\/newnordicreg.jpg","width":478,"height":478,"caption":"New Nordic Healthbrands"},"image":{"@id":"https:\/\/newnordicinvestor.com\/#\/schema\/logo\/image\/"}}]}},"_links":{"self":[{"href":"https:\/\/newnordicinvestor.com\/sv\/wp-json\/wp\/v2\/pages\/938","targetHints":{"allow":["GET"]}}],"collection":[{"href":"https:\/\/newnordicinvestor.com\/sv\/wp-json\/wp\/v2\/pages"}],"about":[{"href":"https:\/\/newnordicinvestor.com\/sv\/wp-json\/wp\/v2\/types\/page"}],"author":[{"embeddable":true,"href":"https:\/\/newnordicinvestor.com\/sv\/wp-json\/wp\/v2\/users\/2"}],"replies":[{"embeddable":true,"href":"https:\/\/newnordicinvestor.com\/sv\/wp-json\/wp\/v2\/comments?post=938"}],"version-history":[{"count":0,"href":"https:\/\/newnordicinvestor.com\/sv\/wp-json\/wp\/v2\/pages\/938\/revisions"}],"wp:attachment":[{"href":"https:\/\/newnordicinvestor.com\/sv\/wp-json\/wp\/v2\/media?parent=938"}],"curies":[{"name":"wp","href":"https:\/\/api.w.org\/{rel}","templated":true}]}}