{"id":966,"date":"2020-09-01T10:51:49","date_gmt":"2020-09-01T08:51:49","guid":{"rendered":"https:\/\/newnordicinvestor.com\/lennart\/"},"modified":"2023-03-13T10:25:17","modified_gmt":"2023-03-13T09:25:17","slug":"lennart","status":"publish","type":"page","link":"https:\/\/newnordicinvestor.com\/sv\/lennart\/","title":{"rendered":"Lennart"},"content":{"rendered":"<div class=\"wpb-content-wrapper\">[vc_row][vc_column][Norebro_text]\n<h1>LENNART SJ\u00d6LUND<\/h1>\n<p>(f. 1959)<\/p>\n<p><strong><img loading=\"lazy\" decoding=\"async\" class=\"alignnone size-medium wp-image-2068\" src=\"https:\/\/newnordicinvestor.com\/wp-content\/uploads\/2023\/03\/Lennart-300x200.png\" alt=\"\" width=\"300\" height=\"200\" srcset=\"https:\/\/newnordicinvestor.com\/wp-content\/uploads\/2023\/03\/Lennart-300x200.png 300w, https:\/\/newnordicinvestor.com\/wp-content\/uploads\/2023\/03\/Lennart-768x512.png 768w, https:\/\/newnordicinvestor.com\/wp-content\/uploads\/2023\/03\/Lennart.png 900w\" sizes=\"auto, (max-width: 300px) 100vw, 300px\" \/><\/strong><\/p>\n<p><strong>Vald \u00e5r<\/strong><br \/>\n2012<\/p>\n<p><strong>\u00d6vriga betydande styrelseuppdrag<\/strong><br \/>\n&#8211; Styrelseledamot i Laercrantz Group AB<br \/>\n&#8211; Styrelseledamot i \u00d6stanb\u00e4ck Trimmerhus AB<br \/>\n&#8211; Styrelseledamot i Zarenmo AB<br \/>\n&#8211; Styrelseledamot i QuickCool AB<br \/>\n&#8211; Styrelseledamot i ErySave AB<br \/>\n&#8211; Styrelseledamot i Parkallen Invest AB<\/p>\n<p><strong>Utbildning<\/strong><br \/>\n&#8211; Kandidatexamen i ekonomi, 1972<\/p>\n<p><strong>Arbetslivserfarenhet<\/strong><br \/>\n2005 &#8211; Entrepren\u00f6r, fr\u00e4mst inom medicinsk teknik<br \/>\n2000 &#8211; 2005 Ordf\u00f6rande i Jolife AB<br \/>\n1995 &#8211; 2001 Ordf\u00f6rande i Jostra AB<br \/>\n1983 &#8211; 1989 Vice ordf\u00f6rande i Akerlund&amp;Rausing<br \/>\n1980 &#8211; 1983 Ordf\u00f6rande i Banco Bryggerier<br \/>\n1980 &#8211; 1982 Ordf\u00f6rande i Tarkett V\u00e4ggdivision<\/p>\n<p><strong>Aktieinnehav<\/strong><br \/>\n0<\/p>\n<p><strong>Aktier som innehas av n\u00e4rst\u00e5ende<\/strong><br \/>\n0<\/p>\n<p><strong>Oberoende av bolaget och bolagsledningen enligt definitionen i Svensk kod f\u00f6r bolagsstyrning<\/strong><br \/>\nJa<\/p>\n<p><strong>Oberoende av st\u00f6rre aktie\u00e4gare i bolaget enligt definitionen i Svensk kod f\u00f6r bolagsstyrning<\/strong><br \/>\nJa<\/p>\n<ul>\n<li><a href=\"http:\/\/newnordicinvestor.com\/marinus\/\">Marinus Bl\u00e5bjerg S\u00f8rensen<\/a><\/li>\n<li><a href=\"http:\/\/newnordicinvestor.com\/jessica\/\">Jessica Tyreman<\/a><\/li>\n<li><a href=\"http:\/\/newnordicinvestor.com\/karl-kristian\/\">Karl Kristian Bergman Jensen<\/a><\/li>\n<\/ul>\n[\/norebro_text][\/vc_column][\/vc_row]\n<\/div>","protected":false},"excerpt":{"rendered":"<p>[vc_row][vc_column][Norebro_text] LENNART SJ\u00d6LUND (f. 1959) Vald \u00e5r 2012 \u00d6vriga betydande styrelseuppdrag &#8211; Styrelseledamot i&#8230;<\/p>\n","protected":false},"author":2,"featured_media":0,"parent":0,"menu_order":0,"comment_status":"closed","ping_status":"closed","template":"","meta":{"_acf_changed":false,"footnotes":""},"class_list":["post-966","page","type-page","status-publish","hentry"],"acf":[],"yoast_head":"<!-- This site is optimized with the Yoast SEO plugin v27.1.1 - https:\/\/yoast.com\/product\/yoast-seo-wordpress\/ -->\n<title>Lennart - NewNordicInvestor<\/title>\n<meta name=\"robots\" content=\"index, follow, max-snippet:-1, max-image-preview:large, max-video-preview:-1\" \/>\n<link rel=\"canonical\" href=\"https:\/\/newnordicinvestor.com\/sv\/lennart\/\" \/>\n<meta property=\"og:locale\" content=\"sv_SE\" \/>\n<meta property=\"og:type\" content=\"article\" \/>\n<meta property=\"og:title\" content=\"Lennart - NewNordicInvestor\" \/>\n<meta property=\"og:description\" content=\"[vc_row][vc_column][Norebro_text] LENNART SJ\u00d6LUND (f. 1959) Vald \u00e5r 2012 \u00d6vriga betydande styrelseuppdrag &#8211; Styrelseledamot i...\" \/>\n<meta property=\"og:url\" content=\"https:\/\/newnordicinvestor.com\/sv\/lennart\/\" \/>\n<meta property=\"og:site_name\" content=\"NewNordicInvestor\" \/>\n<meta property=\"article:modified_time\" content=\"2023-03-13T09:25:17+00:00\" \/>\n<meta property=\"og:image\" content=\"https:\/\/newnordicinvestor.com\/wp-content\/uploads\/2023\/03\/Lennart-300x200.png\" \/>\n<meta name=\"twitter:card\" content=\"summary_large_image\" \/>\n<meta name=\"twitter:label1\" content=\"Ber\u00e4knad l\u00e4stid\" \/>\n\t<meta name=\"twitter:data1\" content=\"1 minut\" \/>\n<script type=\"application\/ld+json\" class=\"yoast-schema-graph\">{\"@context\":\"https:\/\/schema.org\",\"@graph\":[{\"@type\":\"WebPage\",\"@id\":\"https:\/\/newnordicinvestor.com\/sv\/lennart\/\",\"url\":\"https:\/\/newnordicinvestor.com\/sv\/lennart\/\",\"name\":\"Lennart - NewNordicInvestor\",\"isPartOf\":{\"@id\":\"https:\/\/newnordicinvestor.com\/#website\"},\"primaryImageOfPage\":{\"@id\":\"https:\/\/newnordicinvestor.com\/sv\/lennart\/#primaryimage\"},\"image\":{\"@id\":\"https:\/\/newnordicinvestor.com\/sv\/lennart\/#primaryimage\"},\"thumbnailUrl\":\"https:\/\/newnordicinvestor.com\/wp-content\/uploads\/2023\/03\/Lennart-300x200.png\",\"datePublished\":\"2020-09-01T08:51:49+00:00\",\"dateModified\":\"2023-03-13T09:25:17+00:00\",\"breadcrumb\":{\"@id\":\"https:\/\/newnordicinvestor.com\/sv\/lennart\/#breadcrumb\"},\"inLanguage\":\"sv-SE\",\"potentialAction\":[{\"@type\":\"ReadAction\",\"target\":[\"https:\/\/newnordicinvestor.com\/sv\/lennart\/\"]}]},{\"@type\":\"ImageObject\",\"inLanguage\":\"sv-SE\",\"@id\":\"https:\/\/newnordicinvestor.com\/sv\/lennart\/#primaryimage\",\"url\":\"https:\/\/newnordicinvestor.com\/wp-content\/uploads\/2023\/03\/Lennart-300x200.png\",\"contentUrl\":\"https:\/\/newnordicinvestor.com\/wp-content\/uploads\/2023\/03\/Lennart-300x200.png\"},{\"@type\":\"BreadcrumbList\",\"@id\":\"https:\/\/newnordicinvestor.com\/sv\/lennart\/#breadcrumb\",\"itemListElement\":[{\"@type\":\"ListItem\",\"position\":1,\"name\":\"Home\",\"item\":\"https:\/\/newnordicinvestor.com\/sv\/\"},{\"@type\":\"ListItem\",\"position\":2,\"name\":\"Lennart\"}]},{\"@type\":\"WebSite\",\"@id\":\"https:\/\/newnordicinvestor.com\/#website\",\"url\":\"https:\/\/newnordicinvestor.com\/\",\"name\":\"New Nordic Investor\",\"description\":\"New Nordic Investor\",\"publisher\":{\"@id\":\"https:\/\/newnordicinvestor.com\/#organization\"},\"potentialAction\":[{\"@type\":\"SearchAction\",\"target\":{\"@type\":\"EntryPoint\",\"urlTemplate\":\"https:\/\/newnordicinvestor.com\/?s={search_term_string}\"},\"query-input\":{\"@type\":\"PropertyValueSpecification\",\"valueRequired\":true,\"valueName\":\"search_term_string\"}}],\"inLanguage\":\"sv-SE\"},{\"@type\":\"Organization\",\"@id\":\"https:\/\/newnordicinvestor.com\/#organization\",\"name\":\"New Nordic Healthbrands\",\"url\":\"https:\/\/newnordicinvestor.com\/\",\"logo\":{\"@type\":\"ImageObject\",\"inLanguage\":\"sv-SE\",\"@id\":\"https:\/\/newnordicinvestor.com\/#\/schema\/logo\/image\/\",\"url\":\"https:\/\/newnordicinvestor.com\/wp-content\/uploads\/2020\/04\/newnordicreg.jpg\",\"contentUrl\":\"https:\/\/newnordicinvestor.com\/wp-content\/uploads\/2020\/04\/newnordicreg.jpg\",\"width\":478,\"height\":478,\"caption\":\"New Nordic Healthbrands\"},\"image\":{\"@id\":\"https:\/\/newnordicinvestor.com\/#\/schema\/logo\/image\/\"}}]}<\/script>\n<!-- \/ Yoast SEO plugin. -->","yoast_head_json":{"title":"Lennart - NewNordicInvestor","robots":{"index":"index","follow":"follow","max-snippet":"max-snippet:-1","max-image-preview":"max-image-preview:large","max-video-preview":"max-video-preview:-1"},"canonical":"https:\/\/newnordicinvestor.com\/sv\/lennart\/","og_locale":"sv_SE","og_type":"article","og_title":"Lennart - NewNordicInvestor","og_description":"[vc_row][vc_column][Norebro_text] LENNART SJ\u00d6LUND (f. 1959) Vald \u00e5r 2012 \u00d6vriga betydande styrelseuppdrag &#8211; Styrelseledamot i...","og_url":"https:\/\/newnordicinvestor.com\/sv\/lennart\/","og_site_name":"NewNordicInvestor","article_modified_time":"2023-03-13T09:25:17+00:00","og_image":[{"url":"https:\/\/newnordicinvestor.com\/wp-content\/uploads\/2023\/03\/Lennart-300x200.png","type":"","width":"","height":""}],"twitter_card":"summary_large_image","twitter_misc":{"Ber\u00e4knad l\u00e4stid":"1 minut"},"schema":{"@context":"https:\/\/schema.org","@graph":[{"@type":"WebPage","@id":"https:\/\/newnordicinvestor.com\/sv\/lennart\/","url":"https:\/\/newnordicinvestor.com\/sv\/lennart\/","name":"Lennart - NewNordicInvestor","isPartOf":{"@id":"https:\/\/newnordicinvestor.com\/#website"},"primaryImageOfPage":{"@id":"https:\/\/newnordicinvestor.com\/sv\/lennart\/#primaryimage"},"image":{"@id":"https:\/\/newnordicinvestor.com\/sv\/lennart\/#primaryimage"},"thumbnailUrl":"https:\/\/newnordicinvestor.com\/wp-content\/uploads\/2023\/03\/Lennart-300x200.png","datePublished":"2020-09-01T08:51:49+00:00","dateModified":"2023-03-13T09:25:17+00:00","breadcrumb":{"@id":"https:\/\/newnordicinvestor.com\/sv\/lennart\/#breadcrumb"},"inLanguage":"sv-SE","potentialAction":[{"@type":"ReadAction","target":["https:\/\/newnordicinvestor.com\/sv\/lennart\/"]}]},{"@type":"ImageObject","inLanguage":"sv-SE","@id":"https:\/\/newnordicinvestor.com\/sv\/lennart\/#primaryimage","url":"https:\/\/newnordicinvestor.com\/wp-content\/uploads\/2023\/03\/Lennart-300x200.png","contentUrl":"https:\/\/newnordicinvestor.com\/wp-content\/uploads\/2023\/03\/Lennart-300x200.png"},{"@type":"BreadcrumbList","@id":"https:\/\/newnordicinvestor.com\/sv\/lennart\/#breadcrumb","itemListElement":[{"@type":"ListItem","position":1,"name":"Home","item":"https:\/\/newnordicinvestor.com\/sv\/"},{"@type":"ListItem","position":2,"name":"Lennart"}]},{"@type":"WebSite","@id":"https:\/\/newnordicinvestor.com\/#website","url":"https:\/\/newnordicinvestor.com\/","name":"New Nordic Investor","description":"New Nordic Investor","publisher":{"@id":"https:\/\/newnordicinvestor.com\/#organization"},"potentialAction":[{"@type":"SearchAction","target":{"@type":"EntryPoint","urlTemplate":"https:\/\/newnordicinvestor.com\/?s={search_term_string}"},"query-input":{"@type":"PropertyValueSpecification","valueRequired":true,"valueName":"search_term_string"}}],"inLanguage":"sv-SE"},{"@type":"Organization","@id":"https:\/\/newnordicinvestor.com\/#organization","name":"New Nordic Healthbrands","url":"https:\/\/newnordicinvestor.com\/","logo":{"@type":"ImageObject","inLanguage":"sv-SE","@id":"https:\/\/newnordicinvestor.com\/#\/schema\/logo\/image\/","url":"https:\/\/newnordicinvestor.com\/wp-content\/uploads\/2020\/04\/newnordicreg.jpg","contentUrl":"https:\/\/newnordicinvestor.com\/wp-content\/uploads\/2020\/04\/newnordicreg.jpg","width":478,"height":478,"caption":"New Nordic Healthbrands"},"image":{"@id":"https:\/\/newnordicinvestor.com\/#\/schema\/logo\/image\/"}}]}},"_links":{"self":[{"href":"https:\/\/newnordicinvestor.com\/sv\/wp-json\/wp\/v2\/pages\/966","targetHints":{"allow":["GET"]}}],"collection":[{"href":"https:\/\/newnordicinvestor.com\/sv\/wp-json\/wp\/v2\/pages"}],"about":[{"href":"https:\/\/newnordicinvestor.com\/sv\/wp-json\/wp\/v2\/types\/page"}],"author":[{"embeddable":true,"href":"https:\/\/newnordicinvestor.com\/sv\/wp-json\/wp\/v2\/users\/2"}],"replies":[{"embeddable":true,"href":"https:\/\/newnordicinvestor.com\/sv\/wp-json\/wp\/v2\/comments?post=966"}],"version-history":[{"count":3,"href":"https:\/\/newnordicinvestor.com\/sv\/wp-json\/wp\/v2\/pages\/966\/revisions"}],"predecessor-version":[{"id":2084,"href":"https:\/\/newnordicinvestor.com\/sv\/wp-json\/wp\/v2\/pages\/966\/revisions\/2084"}],"wp:attachment":[{"href":"https:\/\/newnordicinvestor.com\/sv\/wp-json\/wp\/v2\/media?parent=966"}],"curies":[{"name":"wp","href":"https:\/\/api.w.org\/{rel}","templated":true}]}}