{"id":968,"date":"2020-09-01T10:51:56","date_gmt":"2020-09-01T08:51:56","guid":{"rendered":"https:\/\/newnordicinvestor.com\/marinus\/"},"modified":"2023-03-13T10:22:39","modified_gmt":"2023-03-13T09:22:39","slug":"marinus","status":"publish","type":"page","link":"https:\/\/newnordicinvestor.com\/sv\/marinus\/","title":{"rendered":"Marinus"},"content":{"rendered":"<div class=\"wpb-content-wrapper\">[vc_row][vc_column][Norebro_text]\n<h1>MARINUS BL\u00c5BJERG S\u00d8RENSEN<\/h1>\n<p>(b.00H)<\/p>\n<p><strong><img loading=\"lazy\" decoding=\"async\" class=\"alignnone size-medium wp-image-2070\" src=\"https:\/\/newnordicinvestor.com\/wp-content\/uploads\/2023\/03\/marinus-1-300x200.png\" alt=\"\" width=\"300\" height=\"200\" srcset=\"https:\/\/newnordicinvestor.com\/wp-content\/uploads\/2023\/03\/marinus-1-300x200.png 300w, https:\/\/newnordicinvestor.com\/wp-content\/uploads\/2023\/03\/marinus-1-768x512.png 768w, https:\/\/newnordicinvestor.com\/wp-content\/uploads\/2023\/03\/marinus-1.png 900w\" sizes=\"auto, (max-width: 300px) 100vw, 300px\" \/><\/strong><\/p>\n<p><strong>Vald \u00e5r<\/strong><br \/>\n2006<\/p>\n<p><strong>Prim\u00e4r roll<\/strong><br \/>\nEkonomichef, Styrelseordf\u00f6rande<\/p>\n<p><strong>\u00d6vriga betydande styrelseuppdrag<\/strong><br \/>\nNA<\/p>\n<p><strong>Utbildning<\/strong><br \/>\nExamen i f\u00f6retagsadministration Copenhagen Business School, (HD).<\/p>\n<p><strong>Arbetslivserfarenhet<\/strong><br \/>\n1992- Grundare, ekonomichef och styrelseordf\u00f6rande i New Nordic Healthbrands AB.<br \/>\n1989-1992 Chief Executive Officer p\u00e5 Danish Natural Foods A\/s.<br \/>\n1983-1989 Omr\u00e5deschef, Farma Food A\/s.<br \/>\n1978-1983 Produktchef Philips Radio A\/s.<\/p>\n<p><strong>Aktieinnehav<\/strong><br \/>\n2.318.684<\/p>\n<p><strong>Oberoende av bolaget och bolagsledningen enligt Svensk kod f\u00f6r bolagsstyrning<\/strong><br \/>\nnr<\/p>\n<p><strong>Oberoende av st\u00f6rre aktie\u00e4gare i bolaget enligt svensk kod f\u00f6r bolagsstyrning<\/strong><br \/>\nnr<\/p>\n<ul>\n<li><a href=\"http:\/\/newnordicinvestor.com\/jessica\/\">Jessica Tireman<\/a><\/li>\n<li><a href=\"http:\/\/newnordicinvestor.com\/karl-kristian\/\">Karl Kristian Bergman Jensen<\/a><\/li>\n<li><a href=\"http:\/\/newnordicinvestor.com\/lennart\/\">Lennart Sj\u00f6lund<\/a><\/li>\n<\/ul>\n[\/norebro_text][\/vc_column][\/vc_row]\n<\/div>","protected":false},"excerpt":{"rendered":"<p>[vc_row][vc_column][Norebro_text] MARINUS BL\u00c5BJERG S\u00d8RENSEN (b.00H) Vald \u00e5r 2006 Prim\u00e4r roll Ekonomichef, Styrelseordf\u00f6rande \u00d6vriga betydande&#8230;<\/p>\n","protected":false},"author":2,"featured_media":0,"parent":0,"menu_order":0,"comment_status":"closed","ping_status":"closed","template":"","meta":{"_acf_changed":false,"footnotes":""},"class_list":["post-968","page","type-page","status-publish","hentry"],"acf":[],"yoast_head":"<!-- This site is optimized with the Yoast SEO plugin v27.4 - https:\/\/yoast.com\/product\/yoast-seo-wordpress\/ -->\n<title>Marinus - NewNordicInvestor<\/title>\n<meta name=\"robots\" content=\"index, follow, max-snippet:-1, max-image-preview:large, max-video-preview:-1\" \/>\n<link rel=\"canonical\" href=\"https:\/\/newnordicinvestor.com\/sv\/marinus\/\" \/>\n<meta property=\"og:locale\" content=\"sv_SE\" \/>\n<meta property=\"og:type\" content=\"article\" \/>\n<meta property=\"og:title\" content=\"Marinus - NewNordicInvestor\" \/>\n<meta property=\"og:description\" content=\"[vc_row][vc_column][Norebro_text] MARINUS BL\u00c5BJERG S\u00d8RENSEN (b.00H) Vald \u00e5r 2006 Prim\u00e4r roll Ekonomichef, Styrelseordf\u00f6rande \u00d6vriga betydande...\" \/>\n<meta property=\"og:url\" content=\"https:\/\/newnordicinvestor.com\/sv\/marinus\/\" \/>\n<meta property=\"og:site_name\" content=\"NewNordicInvestor\" \/>\n<meta property=\"article:modified_time\" content=\"2023-03-13T09:22:39+00:00\" \/>\n<meta property=\"og:image\" content=\"https:\/\/newnordicinvestor.com\/wp-content\/uploads\/2023\/03\/marinus-1-300x200.png\" \/>\n<meta name=\"twitter:card\" content=\"summary_large_image\" \/>\n<meta name=\"twitter:label1\" content=\"Ber\u00e4knad l\u00e4stid\" \/>\n\t<meta name=\"twitter:data1\" content=\"1 minut\" \/>\n<script type=\"application\/ld+json\" class=\"yoast-schema-graph\">{\"@context\":\"https:\\\/\\\/schema.org\",\"@graph\":[{\"@type\":\"WebPage\",\"@id\":\"https:\\\/\\\/newnordicinvestor.com\\\/sv\\\/marinus\\\/\",\"url\":\"https:\\\/\\\/newnordicinvestor.com\\\/sv\\\/marinus\\\/\",\"name\":\"Marinus - NewNordicInvestor\",\"isPartOf\":{\"@id\":\"https:\\\/\\\/newnordicinvestor.com\\\/#website\"},\"primaryImageOfPage\":{\"@id\":\"https:\\\/\\\/newnordicinvestor.com\\\/sv\\\/marinus\\\/#primaryimage\"},\"image\":{\"@id\":\"https:\\\/\\\/newnordicinvestor.com\\\/sv\\\/marinus\\\/#primaryimage\"},\"thumbnailUrl\":\"https:\\\/\\\/newnordicinvestor.com\\\/wp-content\\\/uploads\\\/2023\\\/03\\\/marinus-1-300x200.png\",\"datePublished\":\"2020-09-01T08:51:56+00:00\",\"dateModified\":\"2023-03-13T09:22:39+00:00\",\"breadcrumb\":{\"@id\":\"https:\\\/\\\/newnordicinvestor.com\\\/sv\\\/marinus\\\/#breadcrumb\"},\"inLanguage\":\"sv-SE\",\"potentialAction\":[{\"@type\":\"ReadAction\",\"target\":[\"https:\\\/\\\/newnordicinvestor.com\\\/sv\\\/marinus\\\/\"]}]},{\"@type\":\"ImageObject\",\"inLanguage\":\"sv-SE\",\"@id\":\"https:\\\/\\\/newnordicinvestor.com\\\/sv\\\/marinus\\\/#primaryimage\",\"url\":\"https:\\\/\\\/newnordicinvestor.com\\\/wp-content\\\/uploads\\\/2023\\\/03\\\/marinus-1-300x200.png\",\"contentUrl\":\"https:\\\/\\\/newnordicinvestor.com\\\/wp-content\\\/uploads\\\/2023\\\/03\\\/marinus-1-300x200.png\"},{\"@type\":\"BreadcrumbList\",\"@id\":\"https:\\\/\\\/newnordicinvestor.com\\\/sv\\\/marinus\\\/#breadcrumb\",\"itemListElement\":[{\"@type\":\"ListItem\",\"position\":1,\"name\":\"Home\",\"item\":\"https:\\\/\\\/newnordicinvestor.com\\\/sv\\\/\"},{\"@type\":\"ListItem\",\"position\":2,\"name\":\"Marinus\"}]},{\"@type\":\"WebSite\",\"@id\":\"https:\\\/\\\/newnordicinvestor.com\\\/#website\",\"url\":\"https:\\\/\\\/newnordicinvestor.com\\\/\",\"name\":\"New Nordic Investor\",\"description\":\"New Nordic Investor\",\"publisher\":{\"@id\":\"https:\\\/\\\/newnordicinvestor.com\\\/#organization\"},\"potentialAction\":[{\"@type\":\"SearchAction\",\"target\":{\"@type\":\"EntryPoint\",\"urlTemplate\":\"https:\\\/\\\/newnordicinvestor.com\\\/?s={search_term_string}\"},\"query-input\":{\"@type\":\"PropertyValueSpecification\",\"valueRequired\":true,\"valueName\":\"search_term_string\"}}],\"inLanguage\":\"sv-SE\"},{\"@type\":\"Organization\",\"@id\":\"https:\\\/\\\/newnordicinvestor.com\\\/#organization\",\"name\":\"New Nordic Healthbrands\",\"url\":\"https:\\\/\\\/newnordicinvestor.com\\\/\",\"logo\":{\"@type\":\"ImageObject\",\"inLanguage\":\"sv-SE\",\"@id\":\"https:\\\/\\\/newnordicinvestor.com\\\/#\\\/schema\\\/logo\\\/image\\\/\",\"url\":\"https:\\\/\\\/newnordicinvestor.com\\\/wp-content\\\/uploads\\\/2020\\\/04\\\/newnordicreg.jpg\",\"contentUrl\":\"https:\\\/\\\/newnordicinvestor.com\\\/wp-content\\\/uploads\\\/2020\\\/04\\\/newnordicreg.jpg\",\"width\":478,\"height\":478,\"caption\":\"New Nordic Healthbrands\"},\"image\":{\"@id\":\"https:\\\/\\\/newnordicinvestor.com\\\/#\\\/schema\\\/logo\\\/image\\\/\"}}]}<\/script>\n<!-- \/ Yoast SEO plugin. -->","yoast_head_json":{"title":"Marinus - NewNordicInvestor","robots":{"index":"index","follow":"follow","max-snippet":"max-snippet:-1","max-image-preview":"max-image-preview:large","max-video-preview":"max-video-preview:-1"},"canonical":"https:\/\/newnordicinvestor.com\/sv\/marinus\/","og_locale":"sv_SE","og_type":"article","og_title":"Marinus - NewNordicInvestor","og_description":"[vc_row][vc_column][Norebro_text] MARINUS BL\u00c5BJERG S\u00d8RENSEN (b.00H) Vald \u00e5r 2006 Prim\u00e4r roll Ekonomichef, Styrelseordf\u00f6rande \u00d6vriga betydande...","og_url":"https:\/\/newnordicinvestor.com\/sv\/marinus\/","og_site_name":"NewNordicInvestor","article_modified_time":"2023-03-13T09:22:39+00:00","og_image":[{"url":"https:\/\/newnordicinvestor.com\/wp-content\/uploads\/2023\/03\/marinus-1-300x200.png","type":"","width":"","height":""}],"twitter_card":"summary_large_image","twitter_misc":{"Ber\u00e4knad l\u00e4stid":"1 minut"},"schema":{"@context":"https:\/\/schema.org","@graph":[{"@type":"WebPage","@id":"https:\/\/newnordicinvestor.com\/sv\/marinus\/","url":"https:\/\/newnordicinvestor.com\/sv\/marinus\/","name":"Marinus - NewNordicInvestor","isPartOf":{"@id":"https:\/\/newnordicinvestor.com\/#website"},"primaryImageOfPage":{"@id":"https:\/\/newnordicinvestor.com\/sv\/marinus\/#primaryimage"},"image":{"@id":"https:\/\/newnordicinvestor.com\/sv\/marinus\/#primaryimage"},"thumbnailUrl":"https:\/\/newnordicinvestor.com\/wp-content\/uploads\/2023\/03\/marinus-1-300x200.png","datePublished":"2020-09-01T08:51:56+00:00","dateModified":"2023-03-13T09:22:39+00:00","breadcrumb":{"@id":"https:\/\/newnordicinvestor.com\/sv\/marinus\/#breadcrumb"},"inLanguage":"sv-SE","potentialAction":[{"@type":"ReadAction","target":["https:\/\/newnordicinvestor.com\/sv\/marinus\/"]}]},{"@type":"ImageObject","inLanguage":"sv-SE","@id":"https:\/\/newnordicinvestor.com\/sv\/marinus\/#primaryimage","url":"https:\/\/newnordicinvestor.com\/wp-content\/uploads\/2023\/03\/marinus-1-300x200.png","contentUrl":"https:\/\/newnordicinvestor.com\/wp-content\/uploads\/2023\/03\/marinus-1-300x200.png"},{"@type":"BreadcrumbList","@id":"https:\/\/newnordicinvestor.com\/sv\/marinus\/#breadcrumb","itemListElement":[{"@type":"ListItem","position":1,"name":"Home","item":"https:\/\/newnordicinvestor.com\/sv\/"},{"@type":"ListItem","position":2,"name":"Marinus"}]},{"@type":"WebSite","@id":"https:\/\/newnordicinvestor.com\/#website","url":"https:\/\/newnordicinvestor.com\/","name":"New Nordic Investor","description":"New Nordic Investor","publisher":{"@id":"https:\/\/newnordicinvestor.com\/#organization"},"potentialAction":[{"@type":"SearchAction","target":{"@type":"EntryPoint","urlTemplate":"https:\/\/newnordicinvestor.com\/?s={search_term_string}"},"query-input":{"@type":"PropertyValueSpecification","valueRequired":true,"valueName":"search_term_string"}}],"inLanguage":"sv-SE"},{"@type":"Organization","@id":"https:\/\/newnordicinvestor.com\/#organization","name":"New Nordic Healthbrands","url":"https:\/\/newnordicinvestor.com\/","logo":{"@type":"ImageObject","inLanguage":"sv-SE","@id":"https:\/\/newnordicinvestor.com\/#\/schema\/logo\/image\/","url":"https:\/\/newnordicinvestor.com\/wp-content\/uploads\/2020\/04\/newnordicreg.jpg","contentUrl":"https:\/\/newnordicinvestor.com\/wp-content\/uploads\/2020\/04\/newnordicreg.jpg","width":478,"height":478,"caption":"New Nordic Healthbrands"},"image":{"@id":"https:\/\/newnordicinvestor.com\/#\/schema\/logo\/image\/"}}]}},"_links":{"self":[{"href":"https:\/\/newnordicinvestor.com\/sv\/wp-json\/wp\/v2\/pages\/968","targetHints":{"allow":["GET"]}}],"collection":[{"href":"https:\/\/newnordicinvestor.com\/sv\/wp-json\/wp\/v2\/pages"}],"about":[{"href":"https:\/\/newnordicinvestor.com\/sv\/wp-json\/wp\/v2\/types\/page"}],"author":[{"embeddable":true,"href":"https:\/\/newnordicinvestor.com\/sv\/wp-json\/wp\/v2\/users\/2"}],"replies":[{"embeddable":true,"href":"https:\/\/newnordicinvestor.com\/sv\/wp-json\/wp\/v2\/comments?post=968"}],"version-history":[{"count":3,"href":"https:\/\/newnordicinvestor.com\/sv\/wp-json\/wp\/v2\/pages\/968\/revisions"}],"predecessor-version":[{"id":2080,"href":"https:\/\/newnordicinvestor.com\/sv\/wp-json\/wp\/v2\/pages\/968\/revisions\/2080"}],"wp:attachment":[{"href":"https:\/\/newnordicinvestor.com\/sv\/wp-json\/wp\/v2\/media?parent=968"}],"curies":[{"name":"wp","href":"https:\/\/api.w.org\/{rel}","templated":true}]}}