{"id":974,"date":"2020-09-01T10:52:18","date_gmt":"2020-09-01T08:52:18","guid":{"rendered":"https:\/\/newnordicinvestor.com\/valberedning\/"},"modified":"2025-11-14T07:50:35","modified_gmt":"2025-11-14T06:50:35","slug":"valberedning","status":"publish","type":"page","link":"https:\/\/newnordicinvestor.com\/sv\/valberedning\/","title":{"rendered":"Valberedning"},"content":{"rendered":"<div class=\"wpb-content-wrapper\">[vc_row][vc_column][vc_column_text css=&#8221;&#8221;]\n<h1>Valberedning<\/h1>\n<p>Valberedningen f\u00f6rbereder och l\u00e4gger fram f\u00f6rslag till beslut p\u00e5 \u00e5rsst\u00e4mma.<br \/>\nVid \u00e5rsst\u00e4mman den 29 april 2025 gavs styrelsens ordf\u00f6rande i uppdrag att kontakta de r\u00f6stm\u00e4ssigt st\u00f6rsta aktie\u00e4garna per sista december 2024 och be dessa att utse ledam\u00f6ter till en valberedning tillsammans med CEO, Karl Kristian Bergman Jensen. Valberedningen best\u00e5r av fira ledam\u00f6ter.<\/p>\n<p>Med tanke p\u00e5 New Nordics \u00e4garstruktur \u00e4r Karl Kristian Bergman Jensen i sin egenskap av f\u00f6retr\u00e4dare f\u00f6r huvudaktie\u00e4garen, Vaccinium Holding ApS, det naturliga valet att vara ordf\u00f6rande i New Nordics valberedning. Detta avviker fr\u00e5n avsnitt 2.4 i Svensk kod f\u00f6r bolagsstyrning.<\/p>\n<p>Det ankommer p\u00e5 valberedningen att inf\u00f6r bolagsst\u00e4mma ta st\u00e4llning till huruvida valberedningen finner det p\u00e5kallat att till \u00e5rsst\u00e4mma f\u00f6resl\u00e5 \u00e4ndring av ifr\u00e5gavarande principer.<\/p>\n<p>Valberednings huvudsakliga uppgift \u00e4r att f\u00f6resl\u00e5 styrelseledam\u00f6ter, styrelseordf\u00f6rande och revisorer samt arvoden till dessa p\u00e5 ett s\u00e4tt s\u00e5 att \u00e5rsst\u00e4mman kan fatta v\u00e4lgrundade beslut. Valberedningen har tillg\u00e5ng till den utv\u00e4rdering som styrelsen g\u00f6r av sitt arbete samt information om bolagets verksamhet och strategiska inriktning.<\/p>\n<p>F\u00f6rslag till st\u00e4mman<br \/>\nValberedningens f\u00f6rslag offentligg\u00f6rs i samband med kallelsen till \u00e5rsst\u00e4mman och g\u00f6rs ocks\u00e5 tillg\u00e4ngligt p\u00e5 bolagets webbplats tillsammans med en beskrivning av dess arbete. Valberedningens mandatperiod str\u00e4cker sig fram till dess att ny valberedning utsetts. Arvode f\u00f6r arbete i valberedningen utg\u00e5r ej.<\/p>\n<p>New Nordics valberedning inf\u00f6r \u00e5rsst\u00e4mma 2026<br \/>\n\u00c5rsst\u00e4mma f\u00f6r New Nordic Healthbrands AB kommer att h\u00e5llas den 29 april 2026. Valberedningen inf\u00f6r \u00e5rsst\u00e4mman 2025 har nu utsetts av de st\u00f6rsta aktie\u00e4garna i New Nordic Healthbrands AB (publ) och best\u00e5r av f\u00f6ljande ledam\u00f6ter:<\/p>\n<p>Karl Kristian Bergman Jensen, Vaccinium Holding ApS, valberedningens ordf\u00f6rande<br \/>\nMarinus Bl\u00e5bjerg S\u00f8rensen, Fjord Capital ApS<br \/>\nNiclas Johansson<br \/>\nAlexandre Pergament, Vitalco S.A.<\/p>\n<p>De aktie\u00e4gare som utsett ledam\u00f6ter till valberedningen representerar tillsammans cirka 80 procent av r\u00f6stetalet f\u00f6r samtliga aktier i New Nordic.<\/p>\n<p>Aktie\u00e4gare som \u00f6nskar l\u00e4mna f\u00f6rslag till valberedningen kan g\u00f6ra det via e-post till kk@newnordic.com eller via post till<br \/>\nNew Nordic Healthbrands AB,<br \/>\nValberedningen,<br \/>\nHyllie Boulevard 34,<br \/>\n215 32 Malm\u00f6.<\/p>\n<p>F\u00f6rslag ska vara valberedningen tillhanda senast den 2 januari 2026.<\/p>\n<p>F\u00d6R MER INFORMATION, V\u00c4NLIGEN KONTAKTA:<br \/>\nKarl Kristian Bergman Jensen, valberedningens ordf\u00f6rande L<br \/>\n\u00e4nk till New Nordics webbplats f\u00f6r investerarrelationer: https:\/\/newnordicinvestor.com<br \/>\nTelefon: +46 40-239520<\/p>\n<p class=\"p2\"><span class=\"s1\"><span class=\"Apple-converted-space\">Pressmeddelande:<br \/>\n<a href=\"https:\/\/newnordicinvestor.com\/wp-content\/uploads\/2025\/11\/new_nordic_pressmeddelande_251114_valberedning_2026.pdf\" target=\"_blank\" rel=\"noopener\">New Nordic pressmeddelande &#8211; Valberedning 14-11-2025<\/a><br \/>\n<\/span><\/span><\/p>\n[\/vc_column_text][\/vc_column][\/vc_row]\n<\/div>","protected":false},"excerpt":{"rendered":"<p>[vc_row][vc_column][vc_column_text css=&#8221;&#8221;] Valberedning Valberedningen f\u00f6rbereder och l\u00e4gger fram f\u00f6rslag till beslut p\u00e5 \u00e5rsst\u00e4mma. Vid&#8230;<\/p>\n","protected":false},"author":2,"featured_media":0,"parent":0,"menu_order":0,"comment_status":"closed","ping_status":"closed","template":"","meta":{"_acf_changed":false,"footnotes":""},"class_list":["post-974","page","type-page","status-publish","hentry"],"acf":[],"yoast_head":"<!-- This site is optimized with the Yoast SEO plugin v27.1.1 - https:\/\/yoast.com\/product\/yoast-seo-wordpress\/ -->\n<title>Valberedning - NewNordicInvestor<\/title>\n<meta name=\"robots\" content=\"index, follow, max-snippet:-1, max-image-preview:large, max-video-preview:-1\" \/>\n<link rel=\"canonical\" href=\"https:\/\/newnordicinvestor.com\/sv\/valberedning\/\" \/>\n<meta property=\"og:locale\" content=\"sv_SE\" \/>\n<meta property=\"og:type\" content=\"article\" \/>\n<meta property=\"og:title\" content=\"Valberedning - NewNordicInvestor\" \/>\n<meta property=\"og:description\" content=\"[vc_row][vc_column][vc_column_text css=&#8221;&#8221;] Valberedning Valberedningen f\u00f6rbereder och l\u00e4gger fram f\u00f6rslag till beslut p\u00e5 \u00e5rsst\u00e4mma. Vid...\" \/>\n<meta property=\"og:url\" content=\"https:\/\/newnordicinvestor.com\/sv\/valberedning\/\" \/>\n<meta property=\"og:site_name\" content=\"NewNordicInvestor\" \/>\n<meta property=\"article:modified_time\" content=\"2025-11-14T06:50:35+00:00\" \/>\n<meta name=\"twitter:card\" content=\"summary_large_image\" \/>\n<meta name=\"twitter:label1\" content=\"Ber\u00e4knad l\u00e4stid\" \/>\n\t<meta name=\"twitter:data1\" content=\"2 minuter\" \/>\n<script type=\"application\/ld+json\" class=\"yoast-schema-graph\">{\"@context\":\"https:\/\/schema.org\",\"@graph\":[{\"@type\":\"WebPage\",\"@id\":\"https:\/\/newnordicinvestor.com\/sv\/valberedning\/\",\"url\":\"https:\/\/newnordicinvestor.com\/sv\/valberedning\/\",\"name\":\"Valberedning - NewNordicInvestor\",\"isPartOf\":{\"@id\":\"https:\/\/newnordicinvestor.com\/#website\"},\"datePublished\":\"2020-09-01T08:52:18+00:00\",\"dateModified\":\"2025-11-14T06:50:35+00:00\",\"breadcrumb\":{\"@id\":\"https:\/\/newnordicinvestor.com\/sv\/valberedning\/#breadcrumb\"},\"inLanguage\":\"sv-SE\",\"potentialAction\":[{\"@type\":\"ReadAction\",\"target\":[\"https:\/\/newnordicinvestor.com\/sv\/valberedning\/\"]}]},{\"@type\":\"BreadcrumbList\",\"@id\":\"https:\/\/newnordicinvestor.com\/sv\/valberedning\/#breadcrumb\",\"itemListElement\":[{\"@type\":\"ListItem\",\"position\":1,\"name\":\"Home\",\"item\":\"https:\/\/newnordicinvestor.com\/sv\/\"},{\"@type\":\"ListItem\",\"position\":2,\"name\":\"Valberedning\"}]},{\"@type\":\"WebSite\",\"@id\":\"https:\/\/newnordicinvestor.com\/#website\",\"url\":\"https:\/\/newnordicinvestor.com\/\",\"name\":\"New Nordic Investor\",\"description\":\"New Nordic Investor\",\"publisher\":{\"@id\":\"https:\/\/newnordicinvestor.com\/#organization\"},\"potentialAction\":[{\"@type\":\"SearchAction\",\"target\":{\"@type\":\"EntryPoint\",\"urlTemplate\":\"https:\/\/newnordicinvestor.com\/?s={search_term_string}\"},\"query-input\":{\"@type\":\"PropertyValueSpecification\",\"valueRequired\":true,\"valueName\":\"search_term_string\"}}],\"inLanguage\":\"sv-SE\"},{\"@type\":\"Organization\",\"@id\":\"https:\/\/newnordicinvestor.com\/#organization\",\"name\":\"New Nordic Healthbrands\",\"url\":\"https:\/\/newnordicinvestor.com\/\",\"logo\":{\"@type\":\"ImageObject\",\"inLanguage\":\"sv-SE\",\"@id\":\"https:\/\/newnordicinvestor.com\/#\/schema\/logo\/image\/\",\"url\":\"https:\/\/newnordicinvestor.com\/wp-content\/uploads\/2020\/04\/newnordicreg.jpg\",\"contentUrl\":\"https:\/\/newnordicinvestor.com\/wp-content\/uploads\/2020\/04\/newnordicreg.jpg\",\"width\":478,\"height\":478,\"caption\":\"New Nordic Healthbrands\"},\"image\":{\"@id\":\"https:\/\/newnordicinvestor.com\/#\/schema\/logo\/image\/\"}}]}<\/script>\n<!-- \/ Yoast SEO plugin. -->","yoast_head_json":{"title":"Valberedning - NewNordicInvestor","robots":{"index":"index","follow":"follow","max-snippet":"max-snippet:-1","max-image-preview":"max-image-preview:large","max-video-preview":"max-video-preview:-1"},"canonical":"https:\/\/newnordicinvestor.com\/sv\/valberedning\/","og_locale":"sv_SE","og_type":"article","og_title":"Valberedning - NewNordicInvestor","og_description":"[vc_row][vc_column][vc_column_text css=&#8221;&#8221;] Valberedning Valberedningen f\u00f6rbereder och l\u00e4gger fram f\u00f6rslag till beslut p\u00e5 \u00e5rsst\u00e4mma. Vid...","og_url":"https:\/\/newnordicinvestor.com\/sv\/valberedning\/","og_site_name":"NewNordicInvestor","article_modified_time":"2025-11-14T06:50:35+00:00","twitter_card":"summary_large_image","twitter_misc":{"Ber\u00e4knad l\u00e4stid":"2 minuter"},"schema":{"@context":"https:\/\/schema.org","@graph":[{"@type":"WebPage","@id":"https:\/\/newnordicinvestor.com\/sv\/valberedning\/","url":"https:\/\/newnordicinvestor.com\/sv\/valberedning\/","name":"Valberedning - NewNordicInvestor","isPartOf":{"@id":"https:\/\/newnordicinvestor.com\/#website"},"datePublished":"2020-09-01T08:52:18+00:00","dateModified":"2025-11-14T06:50:35+00:00","breadcrumb":{"@id":"https:\/\/newnordicinvestor.com\/sv\/valberedning\/#breadcrumb"},"inLanguage":"sv-SE","potentialAction":[{"@type":"ReadAction","target":["https:\/\/newnordicinvestor.com\/sv\/valberedning\/"]}]},{"@type":"BreadcrumbList","@id":"https:\/\/newnordicinvestor.com\/sv\/valberedning\/#breadcrumb","itemListElement":[{"@type":"ListItem","position":1,"name":"Home","item":"https:\/\/newnordicinvestor.com\/sv\/"},{"@type":"ListItem","position":2,"name":"Valberedning"}]},{"@type":"WebSite","@id":"https:\/\/newnordicinvestor.com\/#website","url":"https:\/\/newnordicinvestor.com\/","name":"New Nordic Investor","description":"New Nordic Investor","publisher":{"@id":"https:\/\/newnordicinvestor.com\/#organization"},"potentialAction":[{"@type":"SearchAction","target":{"@type":"EntryPoint","urlTemplate":"https:\/\/newnordicinvestor.com\/?s={search_term_string}"},"query-input":{"@type":"PropertyValueSpecification","valueRequired":true,"valueName":"search_term_string"}}],"inLanguage":"sv-SE"},{"@type":"Organization","@id":"https:\/\/newnordicinvestor.com\/#organization","name":"New Nordic Healthbrands","url":"https:\/\/newnordicinvestor.com\/","logo":{"@type":"ImageObject","inLanguage":"sv-SE","@id":"https:\/\/newnordicinvestor.com\/#\/schema\/logo\/image\/","url":"https:\/\/newnordicinvestor.com\/wp-content\/uploads\/2020\/04\/newnordicreg.jpg","contentUrl":"https:\/\/newnordicinvestor.com\/wp-content\/uploads\/2020\/04\/newnordicreg.jpg","width":478,"height":478,"caption":"New Nordic Healthbrands"},"image":{"@id":"https:\/\/newnordicinvestor.com\/#\/schema\/logo\/image\/"}}]}},"_links":{"self":[{"href":"https:\/\/newnordicinvestor.com\/sv\/wp-json\/wp\/v2\/pages\/974","targetHints":{"allow":["GET"]}}],"collection":[{"href":"https:\/\/newnordicinvestor.com\/sv\/wp-json\/wp\/v2\/pages"}],"about":[{"href":"https:\/\/newnordicinvestor.com\/sv\/wp-json\/wp\/v2\/types\/page"}],"author":[{"embeddable":true,"href":"https:\/\/newnordicinvestor.com\/sv\/wp-json\/wp\/v2\/users\/2"}],"replies":[{"embeddable":true,"href":"https:\/\/newnordicinvestor.com\/sv\/wp-json\/wp\/v2\/comments?post=974"}],"version-history":[{"count":16,"href":"https:\/\/newnordicinvestor.com\/sv\/wp-json\/wp\/v2\/pages\/974\/revisions"}],"predecessor-version":[{"id":2774,"href":"https:\/\/newnordicinvestor.com\/sv\/wp-json\/wp\/v2\/pages\/974\/revisions\/2774"}],"wp:attachment":[{"href":"https:\/\/newnordicinvestor.com\/sv\/wp-json\/wp\/v2\/media?parent=974"}],"curies":[{"name":"wp","href":"https:\/\/api.w.org\/{rel}","templated":true}]}}