{"id":982,"date":"2020-09-01T10:53:01","date_gmt":"2020-09-01T08:53:01","guid":{"rendered":"https:\/\/newnordicinvestor.com\/lagstadgad-information\/"},"modified":"2026-04-09T06:37:38","modified_gmt":"2026-04-09T04:37:38","slug":"lagstadgad-information","status":"publish","type":"page","link":"https:\/\/newnordicinvestor.com\/sv\/lagstadgad-information\/","title":{"rendered":"Pressmeddelanden"},"content":{"rendered":"<div class=\"wpb-content-wrapper\">[vc_row][vc_column]<div class=\"norebro-text-sc \" \n\tid=\"norebro-custom-69dec4358c1a1\" \n\t \n\t>\n\n\t<h1 style=\"text-align: center;\">INFORMATION FR\u00c5N NEW NORDIC<\/h1>\n\t\n<\/div>[\/vc_column][\/vc_row][vc_row][vc_column width=&#8221;1\/2&#8243;]<div class=\"norebro-text-sc \" \n\tid=\"norebro-custom-69dec4358c2ad\" \n\t \n\t>\n\n\t<h3><strong>2026<\/strong><\/h3>\n<p><a href=\"https:\/\/newnordicinvestor.com\/wp-content\/uploads\/2026\/04\/new_nordic_pressmeddelande_260408_arsredovisning_2025.pdf\" target=\"_blank\" rel=\"noopener\">New Nordic Healthbrands AB &#8211; \u00e5rsredovisning 2025<\/a><\/p>\n<p class=\"p2\"><a href=\"https:\/\/newnordicinvestor.com\/wp-content\/uploads\/2026\/03\/kallelse_till_aarstamma_new_nordic_healthbrands_260324.pdf\" target=\"_blank\" rel=\"noopener\">Kallelse till \u00c5rst\u00e4mma i New Nordic Healthbrands AB<\/a><\/p>\n\t\n<\/div>[\/vc_column][vc_column width=&#8221;1\/2&#8243;]<div class=\"norebro-text-sc \" \n\tid=\"norebro-custom-69dec4358c35a\" \n\t \n\t>\n\n\t<h3><strong>2025<\/strong><\/h3>\n<p><a href=\"https:\/\/newnordicinvestor.com\/wp-content\/uploads\/2026\/02\/new_nordic_pressrelease_260227_2025_full_year_report.pdf\" target=\"_blank\" rel=\"noopener\">New Nordic Healthbrands AB &#8211; Bokslutskommunike 2025<\/a><\/p>\n<p><a href=\"https:\/\/newnordicinvestor.com\/wp-content\/uploads\/2025\/11\/new_nordic_pressmeddelande_251114_valberedning_2026.pdf\" target=\"_blank\" rel=\"noopener\">Valberedningens f\u00f6rslag till styrelse f\u00f6r 2026 &#8211; New Nordic Healthbrands AB<\/a><\/p>\n<p><a href=\"https:\/\/newnordicinvestor.com\/wp-content\/uploads\/2025\/10\/new_nordic_pressrelease_251031_2025_q23_report.pdf\" target=\"_blank\" rel=\"noopener\">New Nordic Healthbrands AB &#8211; Nio m\u00e5naders Rapport 2025<\/a><\/p>\n<p><a href=\"https:\/\/newnordicinvestor.com\/wp-content\/uploads\/2025\/07\/new_nordic_pressrelease_250731_2025_q2_report.pdf\" target=\"_blank\" rel=\"noopener\">New Nordic Healthbrands AB &#8211; Sex m\u00e5naders rapport 2025<\/a><\/p>\n<p><a href=\"https:\/\/newnordicinvestor.com\/wp-content\/uploads\/2025\/04\/Kommunike-fran-bolagsstamman-New-Nordic-Healthbrands-AB-publ-2025.pdf\" target=\"_blank\" rel=\"noopener\">Kommunik\u00e9 fr\u00e5n bolagsst\u00e4mman New Nordic Healthbrands AB (publ) 2025<\/a><\/p>\n<p><a href=\"https:\/\/newnordicinvestor.com\/wp-content\/uploads\/2025\/04\/new_nordic_pressrelease_250429_2025_q1_report.pdf\" target=\"_blank\" rel=\"noopener\">New Nordic Healthbrands AB &#8211; Kvartalsrapport 2025<\/a><\/p>\n<p class=\"p2\"><a href=\"https:\/\/newnordicinvestor.com\/wp-content\/uploads\/2025\/04\/new_nordic_pressrelease_250408_2024_styrelse.pdf\" target=\"_blank\" rel=\"noopener\">Valberedningens f\u00f6rslag till styrelse f\u00f6r 2025 &#8211; New Nordic Healthbrands AB<\/a><\/p>\n<p class=\"p2\"><a href=\"https:\/\/newnordicinvestor.com\/wp-content\/uploads\/2025\/03\/kallelse_till_aarstamma_new_nordic_healthbrands_250327_1.pdf\" target=\"_blank\" rel=\"noopener\">Kallelse till \u00c5rst\u00e4mma i New Nordic Healthbrands AB<\/a><\/p>\n\t\n<\/div>[\/vc_column][\/vc_row][vc_row][vc_column width=&#8221;1\/2&#8243;]<div class=\"norebro-text-sc \" \n\tid=\"norebro-custom-69dec4358c415\" \n\t \n\t>\n\n\t<h3><strong>2024<\/strong><\/h3>\n<p><a href=\"https:\/\/newnordicinvestor.com\/wp-content\/uploads\/2025\/04\/new_nordic_pressmeddelande_250404_arsredovisning_2024.pdf\" target=\"_blank\" rel=\"noopener\">New Nordics Healthbrands AB (publ) \u00e5rsredovisning 2024<\/a><\/p>\n<p><a href=\"https:\/\/newnordicinvestor.com\/wp-content\/uploads\/2025\/03\/new_nordic_pressmeddelande_250327_arsredovisning.pdf\" target=\"_blank\" rel=\"noopener\">New Nordics Healthbrands AB (publ) \u00e5rsredovisning 2024 &#8211; kommer 4 april 2025<\/a><\/p>\n<p><a href=\"https:\/\/newnordicinvestor.com\/wp-content\/uploads\/2025\/02\/new_nordic_pressrelease_250228_2024_full_year_report.pdf\" target=\"_blank\" rel=\"noopener\">New Nordic Healthbrands AB &#8211; Bokslutskommunike 2024<\/a><\/p>\n<p><a href=\"https:\/\/newnordicinvestor.com\/wp-content\/uploads\/2024\/10\/new_nordic_pressrelease_241031_2024_q3_report.pdf\" target=\"_blank\" rel=\"noopener\">New Nordic Healthbrands AB &#8211; Nio m\u00e5naders Rapport 2024<\/a><\/p>\n<p><a href=\"https:\/\/newnordicinvestor.com\/wp-content\/uploads\/2024\/10\/new_nordic_pressmeddelande_241029_valberedning_2025_1.pdf\" target=\"_blank\" rel=\"noopener\">New Nordics valberedning inf\u00f6r \u00e5rsst\u00e4mma 2025<\/a><\/p>\n<p class=\"p1\"><a href=\"https:\/\/newnordicinvestor.com\/wp-content\/uploads\/2024\/07\/new_nordic_pressrelease_240731_2024_q2_report.pdf\" target=\"_blank\" rel=\"noopener\">New Nordic Healthbrands AB &#8211; Sex m\u00e5naders rapport 2024<\/a><\/p>\n<p class=\"p1\"><a href=\"https:\/\/newnordicinvestor.com\/wp-content\/uploads\/2024\/04\/Kommunike-fran-bolagsstamman-New-Nordic-Healthbrands-AB-publ-2024.pdf\" target=\"_blank\" rel=\"noopener\">Kommunik\u00e9 fr\u00e5n bolagsst\u00e4mman New Nordic Healthbrands AB (publ) 2024<\/a><\/p>\n<p><a href=\"https:\/\/newnordicinvestor.com\/wp-content\/uploads\/2024\/04\/new_nordic_pressrelease_240430_2024_q1_report.pdf\" target=\"_blank\" rel=\"noopener\">New Nordic Healthbrands AB &#8211; Kvartalsrapport 2024<\/a><\/p>\n<p><a href=\"https:\/\/newnordicinvestor.com\/wp-content\/uploads\/2024\/03\/kallelse_till_aarstamma_new_nordic_healthbrands_240327.pdf\" target=\"_blank\" rel=\"noopener\">Kallelse till \u00c5rst\u00e4mma 2024 in New Nordic Healthbrands AB (publ)<\/a><\/p>\n\t\n<\/div>[\/vc_column][vc_column width=&#8221;1\/2&#8243;]<div class=\"norebro-text-sc \" \n\tid=\"norebro-custom-69dec4358c4cc\" \n\t \n\t>\n\n\t<h3><strong>2023<\/strong><\/h3>\n<p><a href=\"https:\/\/newnordicinvestor.com\/wp-content\/uploads\/2024\/03\/kallelse_till_aarstamma_new_nordic_healthbrands_240327.pdf\" target=\"_blank\" rel=\"noopener\">Kallelse til \u00e5rsstamma 2023 &#8211; New Nordic Healthbrands AB (publ)<\/a><\/p>\n<p><a href=\"https:\/\/newnordicinvestor.com\/wp-content\/uploads\/2024\/02\/new_nordic_pressrelease_240228_2023_full_year_report.pdf\" target=\"_blank\" rel=\"noopener\">New Nordic Healthbrands AB &#8211; Bokslutskommunike 2023<\/a><\/p>\n<p><a href=\"https:\/\/newnordicinvestor.com\/wp-content\/uploads\/2023\/12\/new_nordic_pressmeddelande_231213_vite.pdf\" target=\"_blank\" rel=\"noopener\">New Nordic Healthbrands AB &#8211; Pressmeddelande Malm\u00f6 13. december<\/a><\/p>\n<p><a href=\"https:\/\/newnordicinvestor.com\/wp-content\/uploads\/2023\/10\/new_nordic_pressrelease_231031_2023_q3_report.pdf\" target=\"_blank\" rel=\"noopener\">New Nordic Healthbrands AB &#8211; Nio m\u00e5naders rapport 2023<\/a><\/p>\n<p><a href=\"https:\/\/newnordicinvestor.com\/wp-content\/uploads\/2023\/10\/new_nordic_pressmeddelande_231030_valberedning.pdf\" target=\"_blank\" rel=\"noopener\">New Nordic Healthbrands AB &#8211;<span class=\"s1\"><span class=\"Apple-converted-space\">\u00a0<\/span><\/span>valberedning inf\u00f6r \u00e5rsst\u00e4mma 2024<\/a><\/p>\n<p><a href=\"https:\/\/newnordicinvestor.com\/wp-content\/uploads\/2023\/07\/new_nordic_pressrelease_230731_2023_q2_report.pdf\" target=\"_blank\" rel=\"noopener\">New Nordic Healthbrands AB &#8211; Sex m\u00e5naders rapport 2023<\/a><\/p>\n<p><a href=\"https:\/\/newnordicinvestor.com\/wp-content\/uploads\/2023\/04\/new_nordic_pressrelease_230427_2023_q1_report.pdf\" target=\"_blank\" rel=\"noopener\">New Nordic Healthbrands AB &#8211; Kvartalsrapport 2023<\/a><\/p>\n<p><a href=\"https:\/\/newnordicinvestor.com\/wp-content\/uploads\/2023\/03\/kallelse_till_aarstamma_newnordic_healthbrands_230327-1.pdf\" target=\"_blank\" rel=\"noopener\">Kallelse til \u00e5rsst\u00e4mma 2023 i New Nordic Healthbrands AB (publ)<\/a><\/p>\n<p><a href=\"https:\/\/newnordicinvestor.com\/wp-content\/uploads\/2023\/05\/Kommunike\u0301-fra\u030an-bolagssta\u0308mman-New-Nordic-Healthbrands-AB-publ-2023.pdf\">Kommunike\u0301 fra\u030an bolagssta\u0308mman New Nordic Healthbrands AB (publ) 2023<\/a><\/p>\n\t\n<\/div>[\/vc_column][\/vc_row][vc_row][vc_column width=&#8221;1\/2&#8243;]<div class=\"norebro-text-sc \" \n\tid=\"norebro-custom-69dec4358c567\" \n\t \n\t>\n\n\t<h3><strong>2022<\/strong><\/h3>\n<p><a href=\"https:\/\/newnordicinvestor.com\/wp-content\/uploads\/2023\/02\/new_nordic_pressrelease_230228_2021_full_year_report.pdf\" target=\"_blank\" rel=\"noopener\">New Nordic Healthbrands AB Hel\u00e5rsrapport 2022<\/a><\/p>\n<p><a href=\"https:\/\/newnordicinvestor.com\/wp-content\/uploads\/2022\/10\/new_nordic_pressrelease_221024_new_cco_and_coo.pdf\" target=\"_blank\" rel=\"noopener\">New Nordic Healthbrands AB New Cheif Commercial and Operating Officer<\/a><\/p>\n<p><a href=\"https:\/\/newnordicinvestor.com\/wp-content\/uploads\/2022\/10\/new_nordic_pressrelease_221028_2022_q3_report.pdf\" target=\"_blank\" rel=\"noopener\">New Nordic Healthbrands AB Nio m\u00e5naders Rapport 2022<\/a><\/p>\n<p><a href=\"https:\/\/newnordicinvestor.com\/wp-content\/uploads\/2022\/07\/new_nordic_pressrelease_220729_2022_q2_report.pdf\" target=\"_blank\" rel=\"noopener\">New Nordic Healthbrands AB &#8211; Sex m\u00e5naders rapport 2022<\/a><\/p>\n<p><a href=\"https:\/\/newnordicinvestor.com\/wp-content\/uploads\/2022\/04\/new_nordic_pressrelease_220428_2022_q1_report.pdf\">New Nordic Healthbrands AB &#8211; Kvartalsrapport 2022<\/a><\/p>\n<p><a href=\"https:\/\/newnordicinvestor.com\/wp-content\/uploads\/2022\/03\/kallelse_till_aarstamma_new_nordic_healthbrands_220325.pdf\">Kallelse til \u00e5rsst\u00e4mma 2022 i New Nordic Healthbrands AB (publ)<\/a><\/p>\n\t\n<\/div>[\/vc_column][vc_column width=&#8221;1\/2&#8243;]<div class=\"norebro-text-sc \" \n\tid=\"norebro-custom-69dec4358c5fe\" \n\t \n\t>\n\n\t<h3><strong>2021<\/strong><\/h3>\n<p><a href=\"https:\/\/newnordicinvestor.com\/wp-content\/uploads\/2021\/04\/Kommunike\u0301-fra\u030an-bolagssta\u0308mman-New-Nordic-Healthbrands-AB-publ-2021.pdf\" target=\"_blank\" rel=\"noopener noreferrer\">Kommunik\u00e9 fr\u00e5n bolagsst\u00e4mman 2021<\/a><\/p>\n<p><a href=\"https:\/\/newnordicinvestor.com\/wp-content\/uploads\/2021\/03\/new_nordic_pressrelease_210326_listing_in_2022.pdf\" target=\"_blank\" rel=\"noopener noreferrer\">New Nordic Healthbrands AB pressrelease &#8211; listing in 2022<\/a><\/p>\n<p><a href=\"https:\/\/newnordicinvestor.com\/wp-content\/uploads\/2021\/10\/new_nordic_healthbrands_ab_publ_pressrelease_211029_q3_2021_interim_report.pdf\">New Nordic Healthbrands AB &#8211; Nine Month Report 2021<\/a><\/p>\n<p><a href=\"https:\/\/newnordicinvestor.com\/wp-content\/uploads\/2021\/07\/new_nordic_pressrelease_q2_2021_interim_report.pdf\">New Nordic Healthbrands AB &#8211; Six Month Report 2021<\/a><\/p>\n<p><a href=\"https:\/\/newnordicinvestor.com\/wp-content\/uploads\/2021\/04\/new_nordic_pressrelease_210429_q1_interim_report.pdf\" target=\"_blank\" rel=\"noopener noreferrer\">New Nordic Healthbrands AB &#8211; Kvartalsrapport 2021<\/a><\/p>\n\t\n<\/div>[\/vc_column][\/vc_row][vc_row][vc_column width=&#8221;1\/2&#8243;][vc_column_text]\n<h3><strong>2020\u00a0<\/strong><\/h3>\n<p><a href=\"https:\/\/newnordicinvestor.com\/wp-content\/uploads\/2021\/03\/new_nordic_healthbrands_ab_publ_a\u030arsredovisning_2020_210326.pdf\" target=\"_blank\" rel=\"noopener noreferrer\">New Nordic Healthbrands AB Annual Report 2020<\/a><\/p>\n<p><a href=\"https:\/\/newnordicinvestor.com\/wp-content\/uploads\/2020\/10\/new_nordic_pressrelease_201030_q3_interim_report.pdf\" target=\"_blank\" rel=\"noopener noreferrer\">New Nordic Healthbrands AB Nine Month Report 2020<\/a><\/p>\n<p><a href=\"https:\/\/newnordic.se\/media\/wysiwyg\/investor\/20020\/Q2\/new_nordic_pressrelease_200731_q2_interim_report.pdf\" target=\"_blank\" rel=\"noopener noreferrer\">New Nordic Healthbrands AB Six Month Report 2020<\/a><\/p>\n<p><a href=\"https:\/\/newnordic.dk\/media\/wysiwyg\/investor\/20020\/Communication_from_the_Annual_General_Meeting_New_Nordic_Healthbrands_AB_publ_2020.pdf\" target=\"_blank\" rel=\"noopener noreferrer\">Communication from Annual General Meeting 2020<\/a><\/p>\n<p><a href=\"https:\/\/newnordic.dk\/media\/wysiwyg\/investor\/20020\/new_nordic_pressrelease_200429_q1_interim_report.pdf\" target=\"_blank\" rel=\"noopener noreferrer\">New Nordic Healthbrands AB Three Month Report 2020<\/a><\/p>\n<p><a href=\"https:\/\/newnordic.dk\/media\/wysiwyg\/investor\/20020\/new_nordic_healthbrands_ab__publ__new_cfo_200429.pdf\" target=\"_blank\" rel=\"noopener noreferrer\">New Nordic Healthbrands AB New CFO 2020<\/a><\/p>\n<p><a href=\"https:\/\/newnordic.dk\/media\/wysiwyg\/investor\/2019\/EN\/new_nordic_pressrelease_200228_listing.pdf\" target=\"_blank\" rel=\"noopener noreferrer\">New Nordic Healthbrands AB apply for listing on Nasdaq Main Market Stockholm<\/a><\/p>\n<p><a href=\"https:\/\/newnordic.dk\/media\/wysiwyg\/investor\/2020\/new_nordic_pressrelease200127_observation-1.pdf\" target=\"_blank\" rel=\"noopener noreferrer\">New Nordic Healthbrands AB put on observation list by Nasdaq<\/a>[\/vc_column_text][\/vc_column][vc_column width=&#8221;1\/2&#8243;][\/vc_column][\/vc_row]\n<\/div>","protected":false},"excerpt":{"rendered":"<p>[vc_row][vc_column][\/vc_column][\/vc_row][vc_row][vc_column width=&#8221;1\/2&#8243;][\/vc_column][vc_column width=&#8221;1\/2&#8243;][\/vc_column][\/vc_row][vc_row][vc_column width=&#8221;1\/2&#8243;][\/vc_column][vc_column width=&#8221;1\/2&#8243;][\/vc_column][\/vc_row][vc_row][vc_column width=&#8221;1\/2&#8243;][\/vc_column][vc_column width=&#8221;1\/2&#8243;][\/vc_column][\/vc_row][vc_row][vc_column width=&#8221;1\/2&#8243;][vc_column_text] 2020\u00a0 New Nordic Healthbrands AB Annual&#8230;<\/p>\n","protected":false},"author":1,"featured_media":822,"parent":0,"menu_order":0,"comment_status":"closed","ping_status":"closed","template":"","meta":{"_acf_changed":false,"footnotes":""},"class_list":["post-982","page","type-page","status-publish","has-post-thumbnail","hentry"],"acf":[],"yoast_head":"<!-- This site is optimized with the Yoast SEO plugin v27.4 - https:\/\/yoast.com\/product\/yoast-seo-wordpress\/ -->\n<title>Pressmeddelanden - NewNordicInvestor<\/title>\n<meta name=\"robots\" content=\"index, follow, max-snippet:-1, max-image-preview:large, max-video-preview:-1\" \/>\n<link rel=\"canonical\" href=\"https:\/\/newnordicinvestor.com\/sv\/lagstadgad-information\/\" \/>\n<meta property=\"og:locale\" content=\"sv_SE\" \/>\n<meta property=\"og:type\" content=\"article\" \/>\n<meta property=\"og:title\" content=\"Pressmeddelanden - NewNordicInvestor\" \/>\n<meta property=\"og:description\" content=\"[vc_row][vc_column][\/vc_column][\/vc_row][vc_row][vc_column width=&#8221;1\/2&#8243;][\/vc_column][vc_column width=&#8221;1\/2&#8243;][\/vc_column][\/vc_row][vc_row][vc_column width=&#8221;1\/2&#8243;][\/vc_column][vc_column width=&#8221;1\/2&#8243;][\/vc_column][\/vc_row][vc_row][vc_column width=&#8221;1\/2&#8243;][\/vc_column][vc_column width=&#8221;1\/2&#8243;][\/vc_column][\/vc_row][vc_row][vc_column width=&#8221;1\/2&#8243;][vc_column_text] 2020\u00a0 New Nordic Healthbrands AB Annual...\" \/>\n<meta property=\"og:url\" content=\"https:\/\/newnordicinvestor.com\/sv\/lagstadgad-information\/\" \/>\n<meta property=\"og:site_name\" content=\"NewNordicInvestor\" \/>\n<meta property=\"article:modified_time\" content=\"2026-04-09T04:37:38+00:00\" \/>\n<meta property=\"og:image\" content=\"https:\/\/newnordicinvestor.com\/wp-content\/uploads\/2020\/06\/i_regulatory_Investor_320x200_200604.jpg\" \/>\n\t<meta property=\"og:image:width\" content=\"320\" \/>\n\t<meta property=\"og:image:height\" content=\"200\" \/>\n\t<meta property=\"og:image:type\" content=\"image\/jpeg\" \/>\n<meta name=\"twitter:card\" content=\"summary_large_image\" \/>\n<meta name=\"twitter:label1\" content=\"Ber\u00e4knad l\u00e4stid\" \/>\n\t<meta name=\"twitter:data1\" content=\"2 minuter\" \/>\n<script type=\"application\/ld+json\" class=\"yoast-schema-graph\">{\"@context\":\"https:\\\/\\\/schema.org\",\"@graph\":[{\"@type\":\"WebPage\",\"@id\":\"https:\\\/\\\/newnordicinvestor.com\\\/sv\\\/lagstadgad-information\\\/\",\"url\":\"https:\\\/\\\/newnordicinvestor.com\\\/sv\\\/lagstadgad-information\\\/\",\"name\":\"Pressmeddelanden - NewNordicInvestor\",\"isPartOf\":{\"@id\":\"https:\\\/\\\/newnordicinvestor.com\\\/#website\"},\"primaryImageOfPage\":{\"@id\":\"https:\\\/\\\/newnordicinvestor.com\\\/sv\\\/lagstadgad-information\\\/#primaryimage\"},\"image\":{\"@id\":\"https:\\\/\\\/newnordicinvestor.com\\\/sv\\\/lagstadgad-information\\\/#primaryimage\"},\"thumbnailUrl\":\"https:\\\/\\\/newnordicinvestor.com\\\/wp-content\\\/uploads\\\/2020\\\/06\\\/i_regulatory_Investor_320x200_200604.jpg\",\"datePublished\":\"2020-09-01T08:53:01+00:00\",\"dateModified\":\"2026-04-09T04:37:38+00:00\",\"breadcrumb\":{\"@id\":\"https:\\\/\\\/newnordicinvestor.com\\\/sv\\\/lagstadgad-information\\\/#breadcrumb\"},\"inLanguage\":\"sv-SE\",\"potentialAction\":[{\"@type\":\"ReadAction\",\"target\":[\"https:\\\/\\\/newnordicinvestor.com\\\/sv\\\/lagstadgad-information\\\/\"]}]},{\"@type\":\"ImageObject\",\"inLanguage\":\"sv-SE\",\"@id\":\"https:\\\/\\\/newnordicinvestor.com\\\/sv\\\/lagstadgad-information\\\/#primaryimage\",\"url\":\"https:\\\/\\\/newnordicinvestor.com\\\/wp-content\\\/uploads\\\/2020\\\/06\\\/i_regulatory_Investor_320x200_200604.jpg\",\"contentUrl\":\"https:\\\/\\\/newnordicinvestor.com\\\/wp-content\\\/uploads\\\/2020\\\/06\\\/i_regulatory_Investor_320x200_200604.jpg\",\"width\":320,\"height\":200},{\"@type\":\"BreadcrumbList\",\"@id\":\"https:\\\/\\\/newnordicinvestor.com\\\/sv\\\/lagstadgad-information\\\/#breadcrumb\",\"itemListElement\":[{\"@type\":\"ListItem\",\"position\":1,\"name\":\"Home\",\"item\":\"https:\\\/\\\/newnordicinvestor.com\\\/sv\\\/\"},{\"@type\":\"ListItem\",\"position\":2,\"name\":\"Pressmeddelanden\"}]},{\"@type\":\"WebSite\",\"@id\":\"https:\\\/\\\/newnordicinvestor.com\\\/#website\",\"url\":\"https:\\\/\\\/newnordicinvestor.com\\\/\",\"name\":\"New Nordic Investor\",\"description\":\"New Nordic Investor\",\"publisher\":{\"@id\":\"https:\\\/\\\/newnordicinvestor.com\\\/#organization\"},\"potentialAction\":[{\"@type\":\"SearchAction\",\"target\":{\"@type\":\"EntryPoint\",\"urlTemplate\":\"https:\\\/\\\/newnordicinvestor.com\\\/?s={search_term_string}\"},\"query-input\":{\"@type\":\"PropertyValueSpecification\",\"valueRequired\":true,\"valueName\":\"search_term_string\"}}],\"inLanguage\":\"sv-SE\"},{\"@type\":\"Organization\",\"@id\":\"https:\\\/\\\/newnordicinvestor.com\\\/#organization\",\"name\":\"New Nordic Healthbrands\",\"url\":\"https:\\\/\\\/newnordicinvestor.com\\\/\",\"logo\":{\"@type\":\"ImageObject\",\"inLanguage\":\"sv-SE\",\"@id\":\"https:\\\/\\\/newnordicinvestor.com\\\/#\\\/schema\\\/logo\\\/image\\\/\",\"url\":\"https:\\\/\\\/newnordicinvestor.com\\\/wp-content\\\/uploads\\\/2020\\\/04\\\/newnordicreg.jpg\",\"contentUrl\":\"https:\\\/\\\/newnordicinvestor.com\\\/wp-content\\\/uploads\\\/2020\\\/04\\\/newnordicreg.jpg\",\"width\":478,\"height\":478,\"caption\":\"New Nordic Healthbrands\"},\"image\":{\"@id\":\"https:\\\/\\\/newnordicinvestor.com\\\/#\\\/schema\\\/logo\\\/image\\\/\"}}]}<\/script>\n<!-- \/ Yoast SEO plugin. -->","yoast_head_json":{"title":"Pressmeddelanden - NewNordicInvestor","robots":{"index":"index","follow":"follow","max-snippet":"max-snippet:-1","max-image-preview":"max-image-preview:large","max-video-preview":"max-video-preview:-1"},"canonical":"https:\/\/newnordicinvestor.com\/sv\/lagstadgad-information\/","og_locale":"sv_SE","og_type":"article","og_title":"Pressmeddelanden - NewNordicInvestor","og_description":"[vc_row][vc_column][\/vc_column][\/vc_row][vc_row][vc_column width=&#8221;1\/2&#8243;][\/vc_column][vc_column width=&#8221;1\/2&#8243;][\/vc_column][\/vc_row][vc_row][vc_column width=&#8221;1\/2&#8243;][\/vc_column][vc_column width=&#8221;1\/2&#8243;][\/vc_column][\/vc_row][vc_row][vc_column width=&#8221;1\/2&#8243;][\/vc_column][vc_column width=&#8221;1\/2&#8243;][\/vc_column][\/vc_row][vc_row][vc_column width=&#8221;1\/2&#8243;][vc_column_text] 2020\u00a0 New Nordic Healthbrands AB Annual...","og_url":"https:\/\/newnordicinvestor.com\/sv\/lagstadgad-information\/","og_site_name":"NewNordicInvestor","article_modified_time":"2026-04-09T04:37:38+00:00","og_image":[{"width":320,"height":200,"url":"https:\/\/newnordicinvestor.com\/wp-content\/uploads\/2020\/06\/i_regulatory_Investor_320x200_200604.jpg","type":"image\/jpeg"}],"twitter_card":"summary_large_image","twitter_misc":{"Ber\u00e4knad l\u00e4stid":"2 minuter"},"schema":{"@context":"https:\/\/schema.org","@graph":[{"@type":"WebPage","@id":"https:\/\/newnordicinvestor.com\/sv\/lagstadgad-information\/","url":"https:\/\/newnordicinvestor.com\/sv\/lagstadgad-information\/","name":"Pressmeddelanden - NewNordicInvestor","isPartOf":{"@id":"https:\/\/newnordicinvestor.com\/#website"},"primaryImageOfPage":{"@id":"https:\/\/newnordicinvestor.com\/sv\/lagstadgad-information\/#primaryimage"},"image":{"@id":"https:\/\/newnordicinvestor.com\/sv\/lagstadgad-information\/#primaryimage"},"thumbnailUrl":"https:\/\/newnordicinvestor.com\/wp-content\/uploads\/2020\/06\/i_regulatory_Investor_320x200_200604.jpg","datePublished":"2020-09-01T08:53:01+00:00","dateModified":"2026-04-09T04:37:38+00:00","breadcrumb":{"@id":"https:\/\/newnordicinvestor.com\/sv\/lagstadgad-information\/#breadcrumb"},"inLanguage":"sv-SE","potentialAction":[{"@type":"ReadAction","target":["https:\/\/newnordicinvestor.com\/sv\/lagstadgad-information\/"]}]},{"@type":"ImageObject","inLanguage":"sv-SE","@id":"https:\/\/newnordicinvestor.com\/sv\/lagstadgad-information\/#primaryimage","url":"https:\/\/newnordicinvestor.com\/wp-content\/uploads\/2020\/06\/i_regulatory_Investor_320x200_200604.jpg","contentUrl":"https:\/\/newnordicinvestor.com\/wp-content\/uploads\/2020\/06\/i_regulatory_Investor_320x200_200604.jpg","width":320,"height":200},{"@type":"BreadcrumbList","@id":"https:\/\/newnordicinvestor.com\/sv\/lagstadgad-information\/#breadcrumb","itemListElement":[{"@type":"ListItem","position":1,"name":"Home","item":"https:\/\/newnordicinvestor.com\/sv\/"},{"@type":"ListItem","position":2,"name":"Pressmeddelanden"}]},{"@type":"WebSite","@id":"https:\/\/newnordicinvestor.com\/#website","url":"https:\/\/newnordicinvestor.com\/","name":"New Nordic Investor","description":"New Nordic Investor","publisher":{"@id":"https:\/\/newnordicinvestor.com\/#organization"},"potentialAction":[{"@type":"SearchAction","target":{"@type":"EntryPoint","urlTemplate":"https:\/\/newnordicinvestor.com\/?s={search_term_string}"},"query-input":{"@type":"PropertyValueSpecification","valueRequired":true,"valueName":"search_term_string"}}],"inLanguage":"sv-SE"},{"@type":"Organization","@id":"https:\/\/newnordicinvestor.com\/#organization","name":"New Nordic Healthbrands","url":"https:\/\/newnordicinvestor.com\/","logo":{"@type":"ImageObject","inLanguage":"sv-SE","@id":"https:\/\/newnordicinvestor.com\/#\/schema\/logo\/image\/","url":"https:\/\/newnordicinvestor.com\/wp-content\/uploads\/2020\/04\/newnordicreg.jpg","contentUrl":"https:\/\/newnordicinvestor.com\/wp-content\/uploads\/2020\/04\/newnordicreg.jpg","width":478,"height":478,"caption":"New Nordic Healthbrands"},"image":{"@id":"https:\/\/newnordicinvestor.com\/#\/schema\/logo\/image\/"}}]}},"_links":{"self":[{"href":"https:\/\/newnordicinvestor.com\/sv\/wp-json\/wp\/v2\/pages\/982","targetHints":{"allow":["GET"]}}],"collection":[{"href":"https:\/\/newnordicinvestor.com\/sv\/wp-json\/wp\/v2\/pages"}],"about":[{"href":"https:\/\/newnordicinvestor.com\/sv\/wp-json\/wp\/v2\/types\/page"}],"author":[{"embeddable":true,"href":"https:\/\/newnordicinvestor.com\/sv\/wp-json\/wp\/v2\/users\/1"}],"replies":[{"embeddable":true,"href":"https:\/\/newnordicinvestor.com\/sv\/wp-json\/wp\/v2\/comments?post=982"}],"version-history":[{"count":75,"href":"https:\/\/newnordicinvestor.com\/sv\/wp-json\/wp\/v2\/pages\/982\/revisions"}],"predecessor-version":[{"id":2892,"href":"https:\/\/newnordicinvestor.com\/sv\/wp-json\/wp\/v2\/pages\/982\/revisions\/2892"}],"wp:featuredmedia":[{"embeddable":true,"href":"https:\/\/newnordicinvestor.com\/sv\/wp-json\/wp\/v2\/media\/822"}],"wp:attachment":[{"href":"https:\/\/newnordicinvestor.com\/sv\/wp-json\/wp\/v2\/media?parent=982"}],"curies":[{"name":"wp","href":"https:\/\/api.w.org\/{rel}","templated":true}]}}