{"id":987,"date":"2020-09-01T10:53:54","date_gmt":"2020-09-01T08:53:54","guid":{"rendered":"https:\/\/newnordicinvestor.com\/uppforande-och-varderingar\/"},"modified":"2023-03-08T15:15:51","modified_gmt":"2023-03-08T14:15:51","slug":"uppforande-och-varderingar","status":"publish","type":"page","link":"https:\/\/newnordicinvestor.com\/sv\/uppforande-och-varderingar\/","title":{"rendered":"Uppf\u00f6rande och v\u00e4rderingar"},"content":{"rendered":"<h1>UPPF\u00d6RANDE OCH V\u00c4RDERINGAR<\/h1>\n<p>P\u00e5 New Nordic \u00e4r vi ett litet team som skapar stora resultat. Int\u00e4kterna och vinsten per anst\u00e4lld vittnar om effektiviteten hos v\u00e5rt folk och administrativa rutiner. Vi vill beh\u00e5lla det p\u00e5 detta s\u00e4tt.<\/p>\n<p>Att bygga upp v\u00e4rdet av v\u00e5rt varum\u00e4rke kommer f\u00f6rst: V\u00e5rt team fokuserar alltid p\u00e5 New Nordic-kunden i f\u00f6rsta hand. New Nordic \u00e4r till f\u00f6r v\u00e5ra kunder, inte f\u00f6r de interna grupperna. V\u00e5rt varum\u00e4rke st\u00e5r alltid i centrum i alla \u00e5tg\u00e4rder.<\/p>\n<p>V\u00e5ra v\u00e4rderingar<br \/>\nNedan hittar du v\u00e5ra v\u00e4rderingar. Om du vill veta mer om v\u00e5r etik kan du ladda ner New Nordics uppf\u00f6randekod <a href=\"https:\/\/newnordicinvestor.com\/wp-content\/uploads\/2023\/03\/new_nordic_code_of_conduct_110220.pdf\" target=\"_blank\" rel=\"noopener\"><u><strong>h\u00e4r.<\/strong><\/u><\/a><\/p>\n<p>V\u00e5rt arv \u00e4r djupt rotat i det skandinaviska levnadss\u00e4ttet. Vi v\u00e4rdes\u00e4tter ett sunt liv utomhus, naturliga material och vitaliteten som ger f\u00f6rdelar med naturens element. Vi lever med integritet. Vi l\u00e4r v\u00e5ra barn att bli goda medborgare som \u00e4r \u00e4rliga, p\u00e5litliga och g\u00f6r sitt b\u00e4sta f\u00f6r att skapa v\u00e4rde f\u00f6r samh\u00e4llet. Vi anser att det \u00e4r l\u00e5ngsiktigt. Vi bygger upp varaktiga f\u00f6rbindelser och fattar beslut som ger alla l\u00e5ngsiktiga f\u00f6rdelar. Vi bryr oss om v\u00e5r planets l\u00e5ngsiktiga tillst\u00e5nd och vi lever ett rent liv.<br \/>\nNew Nordic \u00e4r den obestridda skandinaviska ledaren inom v\u00e4xtbaserade naturh\u00e4lso- och sk\u00f6nhetsprodukter. V\u00e5r tillv\u00e4xt och l\u00e5ngsiktiga framtid bygger p\u00e5 v\u00e4rderingar och principer som \u00e4r en del av v\u00e5r kultur och som b\u00f6r inspirera och v\u00e4gleda allas handlingar.<br \/>\nDenna ambition st\u00f6ds av de tio grundl\u00e4ggande v\u00e4rderingarna. V\u00e5ra v\u00e4rderingar hj\u00e4lper oss att avg\u00f6ra v\u00e5rt beteende och b\u00f6r f\u00f6ras direkt till leverant\u00f6rerna, till kunderna och till varandra. V\u00e4rdena b\u00f6r delas av alla som \u00e4r involverade i New Nordic:<br \/>\n&#8211; gl\u00e4djefullhet: f\u00f6r att vara med n\u00e5gon som ler mot dig, \u00e4r positiv och tar sv\u00e5righeter med gott hum\u00f6r k\u00e4nns bra och g\u00f6r varje dag till en b\u00e4ttre dag.<br \/>\n\u2013 p\u00e5litlig och \u00e4rlig: eftersom det \u00e4r grundl\u00e4ggande i New Nordic-kulturen och i uppf\u00f6randet gentemot kollegor, kunder och leverant\u00f6rer.<br \/>\n\u2013 frihet och anst\u00e4ndighet: eftersom sl\u00f6seri och slarv f\u00f6rst\u00f6r f\u00f6retagets ekonomi och rykte<br \/>\n\u2013 vakenhet: att kunna se problem som uppst\u00e5r i ett tidigt skede och omedelbart vidta \u00e5tg\u00e4rder mot dem utan att v\u00e4nta g\u00f6r det mycket l\u00e4ttare f\u00f6r alla<br \/>\n\u2013 kreativitet: eftersom v\u00e5r framtida framg\u00e5ng kommer att bli resultatet av f\u00f6rnyelsen av v\u00e5rt produkterbjudande med respekt f\u00f6r det skandinaviska kulturarvet.<br \/>\n\u2013 enkelhet: eftersom vi eliminerar det on\u00f6diga i v\u00e5ra produkter och aff\u00e4rsrutiner f\u00f6r att det viktiga ska f\u00e5 plats.<br \/>\n\u2013 excellens: eftersom vi representerar de mest relevanta och effektiva produkterna i v\u00e4rlden.<br \/>\n\u2013 passion: eftersom v\u00e5rt varum\u00e4rke och v\u00e5ra produkter utg\u00f6r en extraordin\u00e4r tillg\u00e5ng, en k\u00e4lla till dr\u00f6mmar och hopp om att uppr\u00e4tth\u00e5lla livskraften, h\u00e4lsan och gl\u00e4djen \u00e5r efter \u00e5r.<br \/>\n\u2013 entrepren\u00f6rskap: detta garanterar v\u00e5r f\u00f6rm\u00e5ga att reagera och v\u00e5r motivation att skapa och tillvarata m\u00f6jligheter.<br \/>\n\u2013 vinnande attityd: eftersom det \u00e4r genom att st\u00e4ndigt utm\u00e4rka och uttrycka en vinnande attityd som vi uppn\u00e5r det b\u00e4sta och n\u00e5r de b\u00e4sta resultaten.<br \/>\nDe principer som anges i f\u00f6ljande uppf\u00f6randekod utg\u00f6r en etisk och praktisk ram inom vilken anst\u00e4llda inom New Nordic inbjuds att agera och utbyta f\u00f6r att f\u00f6rverkliga den passion som binder dem.<br \/>\nRespekt f\u00f6r nationella och internationella lagar, f\u00f6rordningar och f\u00f6reskrifter, s\u00e4rskilt inom omr\u00e5det social- och milj\u00f6lagstiftning, \u00e4r en f\u00f6ruts\u00e4ttning f\u00f6r v\u00e5ra handlingars trov\u00e4rdighet. New Nordic uppmanar sina anst\u00e4llda att p\u00e5 ett ansvarsfullt s\u00e4tt anv\u00e4nda de v\u00e4rden och principer som anges nedan.<br \/>\nSlutligen fastst\u00e4lls i denna uppf\u00f6randekod att den ska fungera som en gemensam bas och inspirationsk\u00e4lla. Det f\u00f6renar de grundl\u00e4ggande principer som representerar v\u00e5rt gemensamma engagemang och fungerar som en v\u00e4gledning f\u00f6r v\u00e5rt dagliga yrkesuppf\u00f6rande. Den frammanar de principer f\u00f6r uppf\u00f6rande som driver oss.<\/p>\n<p><strong>Anst\u00e4lldas uppf\u00f6rande<\/strong><br \/>\nEn New Nordic-anst\u00e4llds viktigaste uppgift \u00e4r att underl\u00e4tta livet f\u00f6r andra. F\u00f6r konsumenten, kollegan och leverant\u00f6rerna. Vi agerar p\u00e5 hur saker och ting kan g\u00f6ras l\u00e4ttare f\u00f6r kunder, kollegor och leverant\u00f6rer i deras dagliga arbete och liv. L\u00f6sa problem, initiera enkelheten i rutiner och motivera andra med ett leende.<\/p>\n<p>En anst\u00e4lld inom New Nordic som arbetar med att utveckla produkter kommer att studera konsumenternas behov och utveckla produkter och l\u00f6sningar som g\u00f6r livet l\u00e4ttare f\u00f6r dem.<\/p>\n<p>En anst\u00e4lld inom New Nordic vars arbete inbegriper ekonomiska val, m\u00e5ste agera som en god aff\u00e4rspartner och besluten m\u00e5ste fattas p\u00e5 grundval av goda sk\u00e4l.<\/p>\n<p>En anst\u00e4lld inom New Nordic som arbetar med kunder ska vara kunnig och v\u00e4nlig och k\u00e4nna till allt om New Nordics produkter och historia<\/p>\n<p>var informativ, inte arrogant,<br \/>\nvar professionell, inte informell,<br \/>\nvar v\u00e4nlig, inte inskr\u00e4nkt,<br \/>\nanpassa beteendet till kunden, vissa vill bara prata aff\u00e4rer och andra vill prata mer personligt,<br \/>\ninformera kunderna om eventuella sv\u00e5righeter som kan uppst\u00e5 och var \u00f6ppen f\u00f6r f\u00f6r\u00e4ndringar,<br \/>\ninformera chefen om alla scenarier som kan ha potential att bli problematiska,<br \/>\nvar s\u00e5 tillm\u00f6tesg\u00e5ende som m\u00f6jligt utan att \u00e4ventyra professionalismen, och le!<\/p>\n<p>F\u00f6rs\u00e4ljning \u00e4r ogripbart, engagerande, kunskapsm\u00e4ssigt, v\u00e4lkomnande och v\u00e4nligt.<br \/>\nTanken \u00e4r att skapa ett best\u00e5ende minne.<\/p>\n<p><strong>S\u00e4ljarnas kunskap<\/strong><\/p>\n<p>Det \u00e4r absolut n\u00f6dv\u00e4ndigt att alla som har kontakt med handeln och konsumenterna k\u00e4nner till varje produkt och varf\u00f6r den finns i v\u00e5rt produktsortiment. Detta b\u00f6r omfatta:<\/p>\n<p>de unika f\u00f6rs\u00e4ljningsargumenten,<br \/>\ningredienser och \u00e4ndam\u00e5l,<br \/>\n\u201dfria fr\u00e5n\u201d och allergiska reaktioner,<br \/>\ndosering,<br \/>\npris,<br \/>\nstorleksvarianter och<br \/>\ntillverkningsland.<\/p>\n","protected":false},"excerpt":{"rendered":"<p>UPPF\u00d6RANDE OCH V\u00c4RDERINGAR P\u00e5 New Nordic \u00e4r vi ett litet team som skapar stora&#8230;<\/p>\n","protected":false},"author":2,"featured_media":0,"parent":0,"menu_order":0,"comment_status":"closed","ping_status":"closed","template":"","meta":{"_acf_changed":false,"footnotes":""},"class_list":["post-987","page","type-page","status-publish","hentry"],"acf":[],"yoast_head":"<!-- This site is optimized with the Yoast SEO plugin v27.4 - https:\/\/yoast.com\/product\/yoast-seo-wordpress\/ -->\n<title>Uppf\u00f6rande och v\u00e4rderingar - NewNordicInvestor<\/title>\n<meta name=\"robots\" content=\"index, follow, max-snippet:-1, max-image-preview:large, max-video-preview:-1\" \/>\n<link rel=\"canonical\" href=\"https:\/\/newnordicinvestor.com\/sv\/uppforande-och-varderingar\/\" \/>\n<meta property=\"og:locale\" content=\"sv_SE\" \/>\n<meta property=\"og:type\" content=\"article\" \/>\n<meta property=\"og:title\" content=\"Uppf\u00f6rande och v\u00e4rderingar - NewNordicInvestor\" \/>\n<meta property=\"og:description\" content=\"UPPF\u00d6RANDE OCH V\u00c4RDERINGAR P\u00e5 New Nordic \u00e4r vi ett litet team som skapar stora...\" \/>\n<meta property=\"og:url\" content=\"https:\/\/newnordicinvestor.com\/sv\/uppforande-och-varderingar\/\" \/>\n<meta property=\"og:site_name\" content=\"NewNordicInvestor\" \/>\n<meta property=\"article:modified_time\" content=\"2023-03-08T14:15:51+00:00\" \/>\n<meta name=\"twitter:card\" content=\"summary_large_image\" \/>\n<meta name=\"twitter:label1\" content=\"Ber\u00e4knad l\u00e4stid\" \/>\n\t<meta name=\"twitter:data1\" content=\"4 minuter\" \/>\n<script type=\"application\/ld+json\" class=\"yoast-schema-graph\">{\"@context\":\"https:\\\/\\\/schema.org\",\"@graph\":[{\"@type\":\"WebPage\",\"@id\":\"https:\\\/\\\/newnordicinvestor.com\\\/sv\\\/uppforande-och-varderingar\\\/\",\"url\":\"https:\\\/\\\/newnordicinvestor.com\\\/sv\\\/uppforande-och-varderingar\\\/\",\"name\":\"Uppf\u00f6rande och v\u00e4rderingar - NewNordicInvestor\",\"isPartOf\":{\"@id\":\"https:\\\/\\\/newnordicinvestor.com\\\/#website\"},\"datePublished\":\"2020-09-01T08:53:54+00:00\",\"dateModified\":\"2023-03-08T14:15:51+00:00\",\"breadcrumb\":{\"@id\":\"https:\\\/\\\/newnordicinvestor.com\\\/sv\\\/uppforande-och-varderingar\\\/#breadcrumb\"},\"inLanguage\":\"sv-SE\",\"potentialAction\":[{\"@type\":\"ReadAction\",\"target\":[\"https:\\\/\\\/newnordicinvestor.com\\\/sv\\\/uppforande-och-varderingar\\\/\"]}]},{\"@type\":\"BreadcrumbList\",\"@id\":\"https:\\\/\\\/newnordicinvestor.com\\\/sv\\\/uppforande-och-varderingar\\\/#breadcrumb\",\"itemListElement\":[{\"@type\":\"ListItem\",\"position\":1,\"name\":\"Home\",\"item\":\"https:\\\/\\\/newnordicinvestor.com\\\/sv\\\/\"},{\"@type\":\"ListItem\",\"position\":2,\"name\":\"Uppf\u00f6rande och v\u00e4rderingar\"}]},{\"@type\":\"WebSite\",\"@id\":\"https:\\\/\\\/newnordicinvestor.com\\\/#website\",\"url\":\"https:\\\/\\\/newnordicinvestor.com\\\/\",\"name\":\"New Nordic Investor\",\"description\":\"New Nordic Investor\",\"publisher\":{\"@id\":\"https:\\\/\\\/newnordicinvestor.com\\\/#organization\"},\"potentialAction\":[{\"@type\":\"SearchAction\",\"target\":{\"@type\":\"EntryPoint\",\"urlTemplate\":\"https:\\\/\\\/newnordicinvestor.com\\\/?s={search_term_string}\"},\"query-input\":{\"@type\":\"PropertyValueSpecification\",\"valueRequired\":true,\"valueName\":\"search_term_string\"}}],\"inLanguage\":\"sv-SE\"},{\"@type\":\"Organization\",\"@id\":\"https:\\\/\\\/newnordicinvestor.com\\\/#organization\",\"name\":\"New Nordic Healthbrands\",\"url\":\"https:\\\/\\\/newnordicinvestor.com\\\/\",\"logo\":{\"@type\":\"ImageObject\",\"inLanguage\":\"sv-SE\",\"@id\":\"https:\\\/\\\/newnordicinvestor.com\\\/#\\\/schema\\\/logo\\\/image\\\/\",\"url\":\"https:\\\/\\\/newnordicinvestor.com\\\/wp-content\\\/uploads\\\/2020\\\/04\\\/newnordicreg.jpg\",\"contentUrl\":\"https:\\\/\\\/newnordicinvestor.com\\\/wp-content\\\/uploads\\\/2020\\\/04\\\/newnordicreg.jpg\",\"width\":478,\"height\":478,\"caption\":\"New Nordic Healthbrands\"},\"image\":{\"@id\":\"https:\\\/\\\/newnordicinvestor.com\\\/#\\\/schema\\\/logo\\\/image\\\/\"}}]}<\/script>\n<!-- \/ Yoast SEO plugin. -->","yoast_head_json":{"title":"Uppf\u00f6rande och v\u00e4rderingar - NewNordicInvestor","robots":{"index":"index","follow":"follow","max-snippet":"max-snippet:-1","max-image-preview":"max-image-preview:large","max-video-preview":"max-video-preview:-1"},"canonical":"https:\/\/newnordicinvestor.com\/sv\/uppforande-och-varderingar\/","og_locale":"sv_SE","og_type":"article","og_title":"Uppf\u00f6rande och v\u00e4rderingar - NewNordicInvestor","og_description":"UPPF\u00d6RANDE OCH V\u00c4RDERINGAR P\u00e5 New Nordic \u00e4r vi ett litet team som skapar stora...","og_url":"https:\/\/newnordicinvestor.com\/sv\/uppforande-och-varderingar\/","og_site_name":"NewNordicInvestor","article_modified_time":"2023-03-08T14:15:51+00:00","twitter_card":"summary_large_image","twitter_misc":{"Ber\u00e4knad l\u00e4stid":"4 minuter"},"schema":{"@context":"https:\/\/schema.org","@graph":[{"@type":"WebPage","@id":"https:\/\/newnordicinvestor.com\/sv\/uppforande-och-varderingar\/","url":"https:\/\/newnordicinvestor.com\/sv\/uppforande-och-varderingar\/","name":"Uppf\u00f6rande och v\u00e4rderingar - NewNordicInvestor","isPartOf":{"@id":"https:\/\/newnordicinvestor.com\/#website"},"datePublished":"2020-09-01T08:53:54+00:00","dateModified":"2023-03-08T14:15:51+00:00","breadcrumb":{"@id":"https:\/\/newnordicinvestor.com\/sv\/uppforande-och-varderingar\/#breadcrumb"},"inLanguage":"sv-SE","potentialAction":[{"@type":"ReadAction","target":["https:\/\/newnordicinvestor.com\/sv\/uppforande-och-varderingar\/"]}]},{"@type":"BreadcrumbList","@id":"https:\/\/newnordicinvestor.com\/sv\/uppforande-och-varderingar\/#breadcrumb","itemListElement":[{"@type":"ListItem","position":1,"name":"Home","item":"https:\/\/newnordicinvestor.com\/sv\/"},{"@type":"ListItem","position":2,"name":"Uppf\u00f6rande och v\u00e4rderingar"}]},{"@type":"WebSite","@id":"https:\/\/newnordicinvestor.com\/#website","url":"https:\/\/newnordicinvestor.com\/","name":"New Nordic Investor","description":"New Nordic Investor","publisher":{"@id":"https:\/\/newnordicinvestor.com\/#organization"},"potentialAction":[{"@type":"SearchAction","target":{"@type":"EntryPoint","urlTemplate":"https:\/\/newnordicinvestor.com\/?s={search_term_string}"},"query-input":{"@type":"PropertyValueSpecification","valueRequired":true,"valueName":"search_term_string"}}],"inLanguage":"sv-SE"},{"@type":"Organization","@id":"https:\/\/newnordicinvestor.com\/#organization","name":"New Nordic Healthbrands","url":"https:\/\/newnordicinvestor.com\/","logo":{"@type":"ImageObject","inLanguage":"sv-SE","@id":"https:\/\/newnordicinvestor.com\/#\/schema\/logo\/image\/","url":"https:\/\/newnordicinvestor.com\/wp-content\/uploads\/2020\/04\/newnordicreg.jpg","contentUrl":"https:\/\/newnordicinvestor.com\/wp-content\/uploads\/2020\/04\/newnordicreg.jpg","width":478,"height":478,"caption":"New Nordic Healthbrands"},"image":{"@id":"https:\/\/newnordicinvestor.com\/#\/schema\/logo\/image\/"}}]}},"_links":{"self":[{"href":"https:\/\/newnordicinvestor.com\/sv\/wp-json\/wp\/v2\/pages\/987","targetHints":{"allow":["GET"]}}],"collection":[{"href":"https:\/\/newnordicinvestor.com\/sv\/wp-json\/wp\/v2\/pages"}],"about":[{"href":"https:\/\/newnordicinvestor.com\/sv\/wp-json\/wp\/v2\/types\/page"}],"author":[{"embeddable":true,"href":"https:\/\/newnordicinvestor.com\/sv\/wp-json\/wp\/v2\/users\/2"}],"replies":[{"embeddable":true,"href":"https:\/\/newnordicinvestor.com\/sv\/wp-json\/wp\/v2\/comments?post=987"}],"version-history":[{"count":2,"href":"https:\/\/newnordicinvestor.com\/sv\/wp-json\/wp\/v2\/pages\/987\/revisions"}],"predecessor-version":[{"id":2052,"href":"https:\/\/newnordicinvestor.com\/sv\/wp-json\/wp\/v2\/pages\/987\/revisions\/2052"}],"wp:attachment":[{"href":"https:\/\/newnordicinvestor.com\/sv\/wp-json\/wp\/v2\/media?parent=987"}],"curies":[{"name":"wp","href":"https:\/\/api.w.org\/{rel}","templated":true}]}}