{"id":991,"date":"2020-09-01T10:54:10","date_gmt":"2020-09-01T08:54:10","guid":{"rendered":"https:\/\/newnordicinvestor.com\/varumarkesvarden\/"},"modified":"2020-09-01T10:54:10","modified_gmt":"2020-09-01T08:54:10","slug":"varumarkesvarden","status":"publish","type":"page","link":"https:\/\/newnordicinvestor.com\/sv\/varumarkesvarden\/","title":{"rendered":"Varum\u00e4rkesv\u00e4rden"},"content":{"rendered":"<p><H1>NEW NORDICS VARUM\u00c4RKESV\u00c4RDE<\/h1>\n<p> <strong>New Nordics varum\u00e4rke<br \/>\n <\/strong>Ett varum\u00e4rke som konsumenter gillar, litar p\u00e5 och st\u00f6der \u00e4r den b\u00e4sta och mest h\u00e5llbara tillg\u00e5ng ett f\u00f6retag kan ha. <\/p>\n<p>Varum\u00e4rket New Nordic har funnits i 30 \u00e5r. Varum\u00e4rket v\u00e4xer dag f\u00f6r dag och st\u00e4rker sitt v\u00e4rde som ett skandinaviskt kulturarvsvarum\u00e4rke som g\u00e5r l\u00e5ngt tillbaka i tiden. Det \u00e4r ett varum\u00e4rke med en skandinavisk, effektiv \u00f6rt-image. Vi sk\u00f6ter varum\u00e4rket noggrant f\u00f6r att skapa ett globalt varum\u00e4rke med robusta varum\u00e4rkesv\u00e4rden. V\u00e5r smidiga men effektiva organisation och aff\u00e4rsstruktur g\u00f6r det m\u00f6jligt f\u00f6r oss att allokera st\u00f6rre m\u00e4ngder resurser till marknadsf\u00f6ring och relationer med konsumenterna. V\u00e5r st\u00e4ndiga innovation h\u00e5ller v\u00e5rt varum\u00e4rke nyhetsv\u00e4rt och v\u00e5rt fokus p\u00e5 effektivitet bygger upp f\u00f6rtroendet f\u00f6r v\u00e5rt varum\u00e4rke \u00f6ver tiden. V\u00e5rt m\u00e5l \u00e4r att etablera New Nordic som ett varum\u00e4rke som kan vara h\u00e5llbart i generationer. <\/p>\n<p>Varum\u00e4rket New Nordic kommer att vara h\u00e5llbart bortom alla cykliska, tekniska eller tillverkningsm\u00e4ssiga f\u00f6rdelar, ut\u00f6ver patent och design som kommer att ta slut och bortom alla briljanta chefer som tillf\u00e4lligt lyfter f\u00f6retaget till extraordin\u00e4ra prestationer. <\/p>\n<p>New Nordics varum\u00e4rke skapas inte snabbt av n\u00e5gon fr\u00e4ck reklamslogan. Den byggs upp \u00f6ver flera \u00e5r genom att ge konsumenterna ett meningsfullt inneh\u00e5ll. En produkt \u00e4r n\u00e5got som tillverkas i en fabrik, ett varum\u00e4rke \u00e4r n\u00e5got som k\u00f6ps av en konsument. En konkurrent kan kopiera v\u00e5ra fina produkter, v\u00e5rt varum\u00e4rke \u00e4r unikt. En produkt kan snabbt bli f\u00f6r\u00e5ldrad, ett framg\u00e5ngsrikt varum\u00e4rke \u00e4r tidl\u00f6st. <\/p>\n<p>V\u00e4rdet av New Nordics varum\u00e4rke lever djupt i konsumenternas sinnen \u2013 som en &#8221;religion&#8221;. En trevlig historia som str\u00e4cker sig \u00f6ver geografiska gr\u00e4nser och kulturer. Varum\u00e4rket New Nordic kommer att finnas kvar \u00e4ven efter den dag d\u00e5 vi inte l\u00e4ngre befinner oss p\u00e5 denna planet. <\/p>\n<p>Det framg\u00e5ngsrika internationella varum\u00e4rket New Nordic tj\u00e4nar personliga och grundl\u00e4ggande behov som \u00e4r djupt rotade i konsumenternas k\u00e4nslom\u00e4ssiga sinnen och som har en h\u00f6g priss\u00e4ttnings- och distributionskompetens i f\u00f6rh\u00e5llande till konkurrenterna. D\u00e4rf\u00f6r kan New Nordic vara mycket l\u00f6nsamt och ge aktie\u00e4garna stor utdelning. <\/p>\n<p><strong>Den karakteristiska &#8221;New Nordic Silver-tree-m\u00e4rkningen&#8221;<\/strong><br \/>\nSedan b\u00f6rjan av New Nordics historia har v\u00e5r logotyp varit ett fantasytr\u00e4d som representerar det fornnordiska v\u00e4rldstr\u00e4det Yggdrasil. \u00c5r 1997 skapade G\u00f6ran Rosling v\u00e5rt karakteristiska silvertr\u00e4dsm\u00e4rke. Det var innan G\u00f6ran fick internationellt erk\u00e4nnande genom att skapa Bluetooth-logotypen som ocks\u00e5 har sina r\u00f6tter i nordisk historia. <\/p>\n<p>\u00a0<\/p>\n","protected":false},"excerpt":{"rendered":"<p>NEW NORDICS VARUM\u00c4RKESV\u00c4RDE New Nordics varum\u00e4rke Ett varum\u00e4rke som konsumenter gillar, litar p\u00e5 och&#8230;<\/p>\n","protected":false},"author":1,"featured_media":234,"parent":0,"menu_order":0,"comment_status":"closed","ping_status":"closed","template":"","meta":{"_acf_changed":false,"footnotes":""},"class_list":["post-991","page","type-page","status-publish","has-post-thumbnail","hentry"],"acf":[],"yoast_head":"<!-- This site is optimized with the Yoast SEO plugin v27.1.1 - https:\/\/yoast.com\/product\/yoast-seo-wordpress\/ -->\n<title>Varum\u00e4rkesv\u00e4rden - NewNordicInvestor<\/title>\n<meta name=\"robots\" content=\"index, follow, max-snippet:-1, max-image-preview:large, max-video-preview:-1\" \/>\n<link rel=\"canonical\" href=\"https:\/\/newnordicinvestor.com\/sv\/varumarkesvarden\/\" \/>\n<meta property=\"og:locale\" content=\"sv_SE\" \/>\n<meta property=\"og:type\" content=\"article\" \/>\n<meta property=\"og:title\" content=\"Varum\u00e4rkesv\u00e4rden - NewNordicInvestor\" \/>\n<meta property=\"og:description\" content=\"NEW NORDICS VARUM\u00c4RKESV\u00c4RDE New Nordics varum\u00e4rke Ett varum\u00e4rke som konsumenter gillar, litar p\u00e5 och...\" \/>\n<meta property=\"og:url\" content=\"https:\/\/newnordicinvestor.com\/sv\/varumarkesvarden\/\" \/>\n<meta property=\"og:site_name\" content=\"NewNordicInvestor\" \/>\n<meta property=\"og:image\" content=\"https:\/\/newnordicinvestor.com\/wp-content\/uploads\/2020\/04\/Screen-Shot-2020-04-22-at-10.08.59.png\" \/>\n\t<meta property=\"og:image:width\" content=\"950\" \/>\n\t<meta property=\"og:image:height\" content=\"612\" \/>\n\t<meta property=\"og:image:type\" content=\"image\/png\" \/>\n<meta name=\"twitter:card\" content=\"summary_large_image\" \/>\n<meta name=\"twitter:label1\" content=\"Ber\u00e4knad l\u00e4stid\" \/>\n\t<meta name=\"twitter:data1\" content=\"2 minuter\" \/>\n<script type=\"application\/ld+json\" class=\"yoast-schema-graph\">{\"@context\":\"https:\/\/schema.org\",\"@graph\":[{\"@type\":\"WebPage\",\"@id\":\"https:\/\/newnordicinvestor.com\/sv\/varumarkesvarden\/\",\"url\":\"https:\/\/newnordicinvestor.com\/sv\/varumarkesvarden\/\",\"name\":\"Varum\u00e4rkesv\u00e4rden - NewNordicInvestor\",\"isPartOf\":{\"@id\":\"https:\/\/newnordicinvestor.com\/#website\"},\"primaryImageOfPage\":{\"@id\":\"https:\/\/newnordicinvestor.com\/sv\/varumarkesvarden\/#primaryimage\"},\"image\":{\"@id\":\"https:\/\/newnordicinvestor.com\/sv\/varumarkesvarden\/#primaryimage\"},\"thumbnailUrl\":\"https:\/\/newnordicinvestor.com\/wp-content\/uploads\/2020\/04\/Screen-Shot-2020-04-22-at-10.08.59.png\",\"datePublished\":\"2020-09-01T08:54:10+00:00\",\"breadcrumb\":{\"@id\":\"https:\/\/newnordicinvestor.com\/sv\/varumarkesvarden\/#breadcrumb\"},\"inLanguage\":\"sv-SE\",\"potentialAction\":[{\"@type\":\"ReadAction\",\"target\":[\"https:\/\/newnordicinvestor.com\/sv\/varumarkesvarden\/\"]}]},{\"@type\":\"ImageObject\",\"inLanguage\":\"sv-SE\",\"@id\":\"https:\/\/newnordicinvestor.com\/sv\/varumarkesvarden\/#primaryimage\",\"url\":\"https:\/\/newnordicinvestor.com\/wp-content\/uploads\/2020\/04\/Screen-Shot-2020-04-22-at-10.08.59.png\",\"contentUrl\":\"https:\/\/newnordicinvestor.com\/wp-content\/uploads\/2020\/04\/Screen-Shot-2020-04-22-at-10.08.59.png\",\"width\":950,\"height\":612},{\"@type\":\"BreadcrumbList\",\"@id\":\"https:\/\/newnordicinvestor.com\/sv\/varumarkesvarden\/#breadcrumb\",\"itemListElement\":[{\"@type\":\"ListItem\",\"position\":1,\"name\":\"Home\",\"item\":\"https:\/\/newnordicinvestor.com\/sv\/\"},{\"@type\":\"ListItem\",\"position\":2,\"name\":\"Varum\u00e4rkesv\u00e4rden\"}]},{\"@type\":\"WebSite\",\"@id\":\"https:\/\/newnordicinvestor.com\/#website\",\"url\":\"https:\/\/newnordicinvestor.com\/\",\"name\":\"New Nordic Investor\",\"description\":\"New Nordic Investor\",\"publisher\":{\"@id\":\"https:\/\/newnordicinvestor.com\/#organization\"},\"potentialAction\":[{\"@type\":\"SearchAction\",\"target\":{\"@type\":\"EntryPoint\",\"urlTemplate\":\"https:\/\/newnordicinvestor.com\/?s={search_term_string}\"},\"query-input\":{\"@type\":\"PropertyValueSpecification\",\"valueRequired\":true,\"valueName\":\"search_term_string\"}}],\"inLanguage\":\"sv-SE\"},{\"@type\":\"Organization\",\"@id\":\"https:\/\/newnordicinvestor.com\/#organization\",\"name\":\"New Nordic Healthbrands\",\"url\":\"https:\/\/newnordicinvestor.com\/\",\"logo\":{\"@type\":\"ImageObject\",\"inLanguage\":\"sv-SE\",\"@id\":\"https:\/\/newnordicinvestor.com\/#\/schema\/logo\/image\/\",\"url\":\"https:\/\/newnordicinvestor.com\/wp-content\/uploads\/2020\/04\/newnordicreg.jpg\",\"contentUrl\":\"https:\/\/newnordicinvestor.com\/wp-content\/uploads\/2020\/04\/newnordicreg.jpg\",\"width\":478,\"height\":478,\"caption\":\"New Nordic Healthbrands\"},\"image\":{\"@id\":\"https:\/\/newnordicinvestor.com\/#\/schema\/logo\/image\/\"}}]}<\/script>\n<!-- \/ Yoast SEO plugin. -->","yoast_head_json":{"title":"Varum\u00e4rkesv\u00e4rden - NewNordicInvestor","robots":{"index":"index","follow":"follow","max-snippet":"max-snippet:-1","max-image-preview":"max-image-preview:large","max-video-preview":"max-video-preview:-1"},"canonical":"https:\/\/newnordicinvestor.com\/sv\/varumarkesvarden\/","og_locale":"sv_SE","og_type":"article","og_title":"Varum\u00e4rkesv\u00e4rden - NewNordicInvestor","og_description":"NEW NORDICS VARUM\u00c4RKESV\u00c4RDE New Nordics varum\u00e4rke Ett varum\u00e4rke som konsumenter gillar, litar p\u00e5 och...","og_url":"https:\/\/newnordicinvestor.com\/sv\/varumarkesvarden\/","og_site_name":"NewNordicInvestor","og_image":[{"width":950,"height":612,"url":"https:\/\/newnordicinvestor.com\/wp-content\/uploads\/2020\/04\/Screen-Shot-2020-04-22-at-10.08.59.png","type":"image\/png"}],"twitter_card":"summary_large_image","twitter_misc":{"Ber\u00e4knad l\u00e4stid":"2 minuter"},"schema":{"@context":"https:\/\/schema.org","@graph":[{"@type":"WebPage","@id":"https:\/\/newnordicinvestor.com\/sv\/varumarkesvarden\/","url":"https:\/\/newnordicinvestor.com\/sv\/varumarkesvarden\/","name":"Varum\u00e4rkesv\u00e4rden - NewNordicInvestor","isPartOf":{"@id":"https:\/\/newnordicinvestor.com\/#website"},"primaryImageOfPage":{"@id":"https:\/\/newnordicinvestor.com\/sv\/varumarkesvarden\/#primaryimage"},"image":{"@id":"https:\/\/newnordicinvestor.com\/sv\/varumarkesvarden\/#primaryimage"},"thumbnailUrl":"https:\/\/newnordicinvestor.com\/wp-content\/uploads\/2020\/04\/Screen-Shot-2020-04-22-at-10.08.59.png","datePublished":"2020-09-01T08:54:10+00:00","breadcrumb":{"@id":"https:\/\/newnordicinvestor.com\/sv\/varumarkesvarden\/#breadcrumb"},"inLanguage":"sv-SE","potentialAction":[{"@type":"ReadAction","target":["https:\/\/newnordicinvestor.com\/sv\/varumarkesvarden\/"]}]},{"@type":"ImageObject","inLanguage":"sv-SE","@id":"https:\/\/newnordicinvestor.com\/sv\/varumarkesvarden\/#primaryimage","url":"https:\/\/newnordicinvestor.com\/wp-content\/uploads\/2020\/04\/Screen-Shot-2020-04-22-at-10.08.59.png","contentUrl":"https:\/\/newnordicinvestor.com\/wp-content\/uploads\/2020\/04\/Screen-Shot-2020-04-22-at-10.08.59.png","width":950,"height":612},{"@type":"BreadcrumbList","@id":"https:\/\/newnordicinvestor.com\/sv\/varumarkesvarden\/#breadcrumb","itemListElement":[{"@type":"ListItem","position":1,"name":"Home","item":"https:\/\/newnordicinvestor.com\/sv\/"},{"@type":"ListItem","position":2,"name":"Varum\u00e4rkesv\u00e4rden"}]},{"@type":"WebSite","@id":"https:\/\/newnordicinvestor.com\/#website","url":"https:\/\/newnordicinvestor.com\/","name":"New Nordic Investor","description":"New Nordic Investor","publisher":{"@id":"https:\/\/newnordicinvestor.com\/#organization"},"potentialAction":[{"@type":"SearchAction","target":{"@type":"EntryPoint","urlTemplate":"https:\/\/newnordicinvestor.com\/?s={search_term_string}"},"query-input":{"@type":"PropertyValueSpecification","valueRequired":true,"valueName":"search_term_string"}}],"inLanguage":"sv-SE"},{"@type":"Organization","@id":"https:\/\/newnordicinvestor.com\/#organization","name":"New Nordic Healthbrands","url":"https:\/\/newnordicinvestor.com\/","logo":{"@type":"ImageObject","inLanguage":"sv-SE","@id":"https:\/\/newnordicinvestor.com\/#\/schema\/logo\/image\/","url":"https:\/\/newnordicinvestor.com\/wp-content\/uploads\/2020\/04\/newnordicreg.jpg","contentUrl":"https:\/\/newnordicinvestor.com\/wp-content\/uploads\/2020\/04\/newnordicreg.jpg","width":478,"height":478,"caption":"New Nordic Healthbrands"},"image":{"@id":"https:\/\/newnordicinvestor.com\/#\/schema\/logo\/image\/"}}]}},"_links":{"self":[{"href":"https:\/\/newnordicinvestor.com\/sv\/wp-json\/wp\/v2\/pages\/991","targetHints":{"allow":["GET"]}}],"collection":[{"href":"https:\/\/newnordicinvestor.com\/sv\/wp-json\/wp\/v2\/pages"}],"about":[{"href":"https:\/\/newnordicinvestor.com\/sv\/wp-json\/wp\/v2\/types\/page"}],"author":[{"embeddable":true,"href":"https:\/\/newnordicinvestor.com\/sv\/wp-json\/wp\/v2\/users\/1"}],"replies":[{"embeddable":true,"href":"https:\/\/newnordicinvestor.com\/sv\/wp-json\/wp\/v2\/comments?post=991"}],"version-history":[{"count":0,"href":"https:\/\/newnordicinvestor.com\/sv\/wp-json\/wp\/v2\/pages\/991\/revisions"}],"wp:featuredmedia":[{"embeddable":true,"href":"https:\/\/newnordicinvestor.com\/sv\/wp-json\/wp\/v2\/media\/234"}],"wp:attachment":[{"href":"https:\/\/newnordicinvestor.com\/sv\/wp-json\/wp\/v2\/media?parent=991"}],"curies":[{"name":"wp","href":"https:\/\/api.w.org\/{rel}","templated":true}]}}