{"id":992,"date":"2020-09-01T10:54:18","date_gmt":"2020-09-01T08:54:18","guid":{"rendered":"https:\/\/newnordicinvestor.com\/viktigt-om-foretaget\/"},"modified":"2020-09-01T10:54:18","modified_gmt":"2020-09-01T08:54:18","slug":"viktigt-om-foretaget","status":"publish","type":"page","link":"https:\/\/newnordicinvestor.com\/sv\/viktigt-om-foretaget\/","title":{"rendered":"Viktigt om f\u00f6retaget"},"content":{"rendered":"<h1>VIKTIGT OM F\u00d6RETAGET<\/h1>\n<p>F\u00f6r att visa hur vi hanterar v\u00e5r verksamhet och vilka ekonomiska riktlinjer vi anv\u00e4nder presenterar vi det viktigaste vi v\u00e4rdes\u00e4tter h\u00f6gt i v\u00e5rt bolag New Nordic:<\/p>\n<p> <strong>Viktig avkastning:<\/strong><br \/>\nMYCKET L\u00d6NSAM VERKSAMHET. Bruttomarginalen skall h\u00e5llas h\u00f6g, avkastningen efter skatt skall vara h\u00f6gre \u00e4n avkastningen fr\u00e5n b\u00f6rsnoterade bolags genomsnittliga avkastning och avkastningen p\u00e5 eget kapital och annat kapital.<br \/>\nGODA L\u00c5NGSIKTIGA PERSPEKTIV P\u00c5 ORGANISK TILLV\u00c4XT. B\u00e5de f\u00f6rs\u00e4ljning och vinst per aktie. M\u00e5let \u00e4r att v\u00e4xa mer \u00e4n den genomsnittliga globala marknaden f\u00f6r konsumenth\u00e4lsa och sk\u00f6nhet.<br \/>\nFOKUSERAD LEDNINGSGRUPP. Ledningen m\u00e5ste ha en tydlig f\u00f6rst\u00e5else f\u00f6r v\u00e5ra konsumenter och v\u00e5r verksamhet och en tydlig vision om hur vi ytterligare kan bygga upp v\u00e5rt varum\u00e4rkes v\u00e4rde. <\/p>\n<p><strong>Viktiga riskfaktorer:<\/strong><br \/>\nH\u00c5LLBART INTERNATIONELLT KONSUMENTVARUM\u00c4RKE. New Nordics varum\u00e4rk som f\u00f6retaget \u00e4ger \u00e4r redan ett internationellt varum\u00e4rke och vi m\u00e5ste fokusera p\u00e5 att utveckla detta varum\u00e4rke i v\u00e4rldsklass med det yttersta m\u00e5let att bli v\u00e4rldsledande inom de tv\u00e5 kategorierna Natural Beauty In &amp; Out\u2122 och v\u00e4xtbaserade kosttillskott.<br \/>\nASSET LIGHT-AFF\u00c4RSMODELL. F\u00f6retaget kan v\u00e4xa utan stora investeringar i tillg\u00e5ngar.<br \/>\nINGEN \u2013 ELLER LITEN \u2013 SKULD. F\u00f6retaget \u201dreser l\u00e4tt\u201d utan n\u00e5gra skuldb\u00f6rdor. <\/p>\n<p><strong>Viktigt f\u00f6r aktie\u00e4gare:<\/strong><br \/>\nF\u00d6RVALTNING MED H\u00d6G INTEGRITET. Ledningen \u00e4r \u00e4rlig och direkt n\u00e4r det g\u00e4ller ledningsbeteende och rapportering till aktie\u00e4garna. <\/p>\n<p>H\u00d6G AVKASTNING P\u00c5 EGET KAPITAL OCH UTDELNING. F\u00f6retaget &#8221;sitter inte p\u00e5 pengarna&#8221; utan ger utdelning f\u00f6r att aktie\u00e4garna ska kunna tilldela pengar till fler investeringar. <\/p>\n<p>FOKUS P\u00c5 ATT \u00d6KA INT\u00c4KTERNA. Ledningen f\u00f6rst\u00e5r och hedrar aktie\u00e4garens intresse f\u00f6r att \u00f6ka vinst per aktie.<\/p>\n","protected":false},"excerpt":{"rendered":"<p>VIKTIGT OM F\u00d6RETAGET F\u00f6r att visa hur vi hanterar v\u00e5r verksamhet och vilka ekonomiska&#8230;<\/p>\n","protected":false},"author":1,"featured_media":0,"parent":0,"menu_order":0,"comment_status":"closed","ping_status":"closed","template":"","meta":{"_acf_changed":false,"footnotes":""},"class_list":["post-992","page","type-page","status-publish","hentry"],"acf":[],"yoast_head":"<!-- This site is optimized with the Yoast SEO plugin v27.1.1 - https:\/\/yoast.com\/product\/yoast-seo-wordpress\/ -->\n<title>Viktigt om f\u00f6retaget - NewNordicInvestor<\/title>\n<meta name=\"robots\" content=\"index, follow, max-snippet:-1, max-image-preview:large, max-video-preview:-1\" \/>\n<link rel=\"canonical\" href=\"https:\/\/newnordicinvestor.com\/sv\/viktigt-om-foretaget\/\" \/>\n<meta property=\"og:locale\" content=\"sv_SE\" \/>\n<meta property=\"og:type\" content=\"article\" \/>\n<meta property=\"og:title\" content=\"Viktigt om f\u00f6retaget - NewNordicInvestor\" \/>\n<meta property=\"og:description\" content=\"VIKTIGT OM F\u00d6RETAGET F\u00f6r att visa hur vi hanterar v\u00e5r verksamhet och vilka ekonomiska...\" \/>\n<meta property=\"og:url\" content=\"https:\/\/newnordicinvestor.com\/sv\/viktigt-om-foretaget\/\" \/>\n<meta property=\"og:site_name\" content=\"NewNordicInvestor\" \/>\n<meta name=\"twitter:card\" content=\"summary_large_image\" \/>\n<meta name=\"twitter:label1\" content=\"Ber\u00e4knad l\u00e4stid\" \/>\n\t<meta name=\"twitter:data1\" content=\"2 minuter\" \/>\n<script type=\"application\/ld+json\" class=\"yoast-schema-graph\">{\"@context\":\"https:\/\/schema.org\",\"@graph\":[{\"@type\":\"WebPage\",\"@id\":\"https:\/\/newnordicinvestor.com\/sv\/viktigt-om-foretaget\/\",\"url\":\"https:\/\/newnordicinvestor.com\/sv\/viktigt-om-foretaget\/\",\"name\":\"Viktigt om f\u00f6retaget - NewNordicInvestor\",\"isPartOf\":{\"@id\":\"https:\/\/newnordicinvestor.com\/#website\"},\"datePublished\":\"2020-09-01T08:54:18+00:00\",\"breadcrumb\":{\"@id\":\"https:\/\/newnordicinvestor.com\/sv\/viktigt-om-foretaget\/#breadcrumb\"},\"inLanguage\":\"sv-SE\",\"potentialAction\":[{\"@type\":\"ReadAction\",\"target\":[\"https:\/\/newnordicinvestor.com\/sv\/viktigt-om-foretaget\/\"]}]},{\"@type\":\"BreadcrumbList\",\"@id\":\"https:\/\/newnordicinvestor.com\/sv\/viktigt-om-foretaget\/#breadcrumb\",\"itemListElement\":[{\"@type\":\"ListItem\",\"position\":1,\"name\":\"Home\",\"item\":\"https:\/\/newnordicinvestor.com\/sv\/\"},{\"@type\":\"ListItem\",\"position\":2,\"name\":\"Viktigt om f\u00f6retaget\"}]},{\"@type\":\"WebSite\",\"@id\":\"https:\/\/newnordicinvestor.com\/#website\",\"url\":\"https:\/\/newnordicinvestor.com\/\",\"name\":\"New Nordic Investor\",\"description\":\"New Nordic Investor\",\"publisher\":{\"@id\":\"https:\/\/newnordicinvestor.com\/#organization\"},\"potentialAction\":[{\"@type\":\"SearchAction\",\"target\":{\"@type\":\"EntryPoint\",\"urlTemplate\":\"https:\/\/newnordicinvestor.com\/?s={search_term_string}\"},\"query-input\":{\"@type\":\"PropertyValueSpecification\",\"valueRequired\":true,\"valueName\":\"search_term_string\"}}],\"inLanguage\":\"sv-SE\"},{\"@type\":\"Organization\",\"@id\":\"https:\/\/newnordicinvestor.com\/#organization\",\"name\":\"New Nordic Healthbrands\",\"url\":\"https:\/\/newnordicinvestor.com\/\",\"logo\":{\"@type\":\"ImageObject\",\"inLanguage\":\"sv-SE\",\"@id\":\"https:\/\/newnordicinvestor.com\/#\/schema\/logo\/image\/\",\"url\":\"https:\/\/newnordicinvestor.com\/wp-content\/uploads\/2020\/04\/newnordicreg.jpg\",\"contentUrl\":\"https:\/\/newnordicinvestor.com\/wp-content\/uploads\/2020\/04\/newnordicreg.jpg\",\"width\":478,\"height\":478,\"caption\":\"New Nordic Healthbrands\"},\"image\":{\"@id\":\"https:\/\/newnordicinvestor.com\/#\/schema\/logo\/image\/\"}}]}<\/script>\n<!-- \/ Yoast SEO plugin. -->","yoast_head_json":{"title":"Viktigt om f\u00f6retaget - NewNordicInvestor","robots":{"index":"index","follow":"follow","max-snippet":"max-snippet:-1","max-image-preview":"max-image-preview:large","max-video-preview":"max-video-preview:-1"},"canonical":"https:\/\/newnordicinvestor.com\/sv\/viktigt-om-foretaget\/","og_locale":"sv_SE","og_type":"article","og_title":"Viktigt om f\u00f6retaget - NewNordicInvestor","og_description":"VIKTIGT OM F\u00d6RETAGET F\u00f6r att visa hur vi hanterar v\u00e5r verksamhet och vilka ekonomiska...","og_url":"https:\/\/newnordicinvestor.com\/sv\/viktigt-om-foretaget\/","og_site_name":"NewNordicInvestor","twitter_card":"summary_large_image","twitter_misc":{"Ber\u00e4knad l\u00e4stid":"2 minuter"},"schema":{"@context":"https:\/\/schema.org","@graph":[{"@type":"WebPage","@id":"https:\/\/newnordicinvestor.com\/sv\/viktigt-om-foretaget\/","url":"https:\/\/newnordicinvestor.com\/sv\/viktigt-om-foretaget\/","name":"Viktigt om f\u00f6retaget - NewNordicInvestor","isPartOf":{"@id":"https:\/\/newnordicinvestor.com\/#website"},"datePublished":"2020-09-01T08:54:18+00:00","breadcrumb":{"@id":"https:\/\/newnordicinvestor.com\/sv\/viktigt-om-foretaget\/#breadcrumb"},"inLanguage":"sv-SE","potentialAction":[{"@type":"ReadAction","target":["https:\/\/newnordicinvestor.com\/sv\/viktigt-om-foretaget\/"]}]},{"@type":"BreadcrumbList","@id":"https:\/\/newnordicinvestor.com\/sv\/viktigt-om-foretaget\/#breadcrumb","itemListElement":[{"@type":"ListItem","position":1,"name":"Home","item":"https:\/\/newnordicinvestor.com\/sv\/"},{"@type":"ListItem","position":2,"name":"Viktigt om f\u00f6retaget"}]},{"@type":"WebSite","@id":"https:\/\/newnordicinvestor.com\/#website","url":"https:\/\/newnordicinvestor.com\/","name":"New Nordic Investor","description":"New Nordic Investor","publisher":{"@id":"https:\/\/newnordicinvestor.com\/#organization"},"potentialAction":[{"@type":"SearchAction","target":{"@type":"EntryPoint","urlTemplate":"https:\/\/newnordicinvestor.com\/?s={search_term_string}"},"query-input":{"@type":"PropertyValueSpecification","valueRequired":true,"valueName":"search_term_string"}}],"inLanguage":"sv-SE"},{"@type":"Organization","@id":"https:\/\/newnordicinvestor.com\/#organization","name":"New Nordic Healthbrands","url":"https:\/\/newnordicinvestor.com\/","logo":{"@type":"ImageObject","inLanguage":"sv-SE","@id":"https:\/\/newnordicinvestor.com\/#\/schema\/logo\/image\/","url":"https:\/\/newnordicinvestor.com\/wp-content\/uploads\/2020\/04\/newnordicreg.jpg","contentUrl":"https:\/\/newnordicinvestor.com\/wp-content\/uploads\/2020\/04\/newnordicreg.jpg","width":478,"height":478,"caption":"New Nordic Healthbrands"},"image":{"@id":"https:\/\/newnordicinvestor.com\/#\/schema\/logo\/image\/"}}]}},"_links":{"self":[{"href":"https:\/\/newnordicinvestor.com\/sv\/wp-json\/wp\/v2\/pages\/992","targetHints":{"allow":["GET"]}}],"collection":[{"href":"https:\/\/newnordicinvestor.com\/sv\/wp-json\/wp\/v2\/pages"}],"about":[{"href":"https:\/\/newnordicinvestor.com\/sv\/wp-json\/wp\/v2\/types\/page"}],"author":[{"embeddable":true,"href":"https:\/\/newnordicinvestor.com\/sv\/wp-json\/wp\/v2\/users\/1"}],"replies":[{"embeddable":true,"href":"https:\/\/newnordicinvestor.com\/sv\/wp-json\/wp\/v2\/comments?post=992"}],"version-history":[{"count":0,"href":"https:\/\/newnordicinvestor.com\/sv\/wp-json\/wp\/v2\/pages\/992\/revisions"}],"wp:attachment":[{"href":"https:\/\/newnordicinvestor.com\/sv\/wp-json\/wp\/v2\/media?parent=992"}],"curies":[{"name":"wp","href":"https:\/\/api.w.org\/{rel}","templated":true}]}}