{"id":993,"date":"2020-09-01T10:54:25","date_gmt":"2020-09-01T08:54:25","guid":{"rendered":"https:\/\/newnordicinvestor.com\/vd\/"},"modified":"2024-12-11T16:13:08","modified_gmt":"2024-12-11T15:13:08","slug":"vd","status":"publish","type":"page","link":"https:\/\/newnordicinvestor.com\/sv\/vd\/","title":{"rendered":"VD"},"content":{"rendered":"<div class=\"wpb-content-wrapper\">[vc_row][vc_column]\n<h1>VD<\/h1>\n<p>Verkst\u00e4llande direkt\u00f6r utses av styrelsen och ansvarar f\u00f6r den dagliga ledningen av bolaget enligt styrelsens anvisningar.<\/p>\n<p>Detta inneb\u00e4r att VD s\u00e4rskilt m\u00e5ste fokusera p\u00e5 rekrytering av ledande befattningshavare, innovation, upphandling, priss\u00e4ttningsstrategi, f\u00f6rs\u00e4ljning och l\u00f6nsamhet, marknadsf\u00f6ring, h\u00e5llbarhet, expansion, utveckling av det internationella f\u00f6rs\u00e4ljningsbolaget och distributionsn\u00e4tet, e-handel och IT-strategi. Verkst\u00e4llande direkt\u00f6ren ansvarar ocks\u00e5 f\u00f6r fr\u00e5gor som r\u00f6r investerarrelationer.<\/p>\n<p>VD:n rapporterar till styrelsen om utvecklingen i New Nordic och tar fram beslutsunderlag f\u00f6r investeringar, expansion etc. VD:ns roll inkluderar kontakt med finansmarknaden, media och myndigheter.<\/p>\n<p><strong>Om VD<\/strong><\/p>\n<p><img loading=\"lazy\" decoding=\"async\" class=\"alignnone size-medium wp-image-2064\" src=\"https:\/\/newnordicinvestor.com\/wp-content\/uploads\/2023\/03\/karl-300x200.png\" alt=\"\" width=\"300\" height=\"200\" srcset=\"https:\/\/newnordicinvestor.com\/wp-content\/uploads\/2023\/03\/karl-300x200.png 300w, https:\/\/newnordicinvestor.com\/wp-content\/uploads\/2023\/03\/karl-768x512.png 768w, https:\/\/newnordicinvestor.com\/wp-content\/uploads\/2023\/03\/karl.png 900w\" sizes=\"auto, (max-width: 300px) 100vw, 300px\" \/><\/p>\n<p>Karl Kristian Bergman Jensen, f\u00f6dd i Frederiksberg, Danmark, 1962, \u00e4r grundaren av f\u00f6retaget 1990 och har varit verkst\u00e4llande direkt\u00f6r f\u00f6r New Nordic Healthbrands AB sedan 3 februari 2006.<\/p>\n<p>Karl Kristian, \u00e4r gift med Lena Bergman, och far till 6 barn. 1986 tog han examen som \u201dHandels Diplom\u201d (Business Administration Diploma) fr\u00e5n Copenhagen Business School i Danmark.<\/p>\n<p>Karl Kristian har l\u00e5ng internationell erfarenhet inom h\u00e4lso- och sk\u00f6nhetsbranschen, d\u00e4r han arbetat sedan 1985. Han har arbetat fr\u00e5n Danmark, London, Sverige och Schweiz med ledning av f\u00f6retag och distribut\u00f6rer i mer \u00e4n 40 l\u00e4nder i Europa; Nordamerika och Australasien. \u00c5r 2000 var han med och grundade Dansk Detail ApS, Danmark, ett litet f\u00f6retag med h\u00e4lsobutiker. 2006 grundade han Ripamonti Finanz AG i Schweiz, ett kapitalf\u00f6rvaltningsbolag.<\/p>\n[\/vc_column][\/vc_row]\n<\/div>","protected":false},"excerpt":{"rendered":"<p>[vc_row][vc_column] VD Verkst\u00e4llande direkt\u00f6r utses av styrelsen och ansvarar f\u00f6r den dagliga ledningen av&#8230;<\/p>\n","protected":false},"author":2,"featured_media":1998,"parent":0,"menu_order":0,"comment_status":"closed","ping_status":"closed","template":"","meta":{"_acf_changed":false,"footnotes":""},"class_list":["post-993","page","type-page","status-publish","has-post-thumbnail","hentry"],"acf":[],"yoast_head":"<!-- This site is optimized with the Yoast SEO plugin v27.4 - https:\/\/yoast.com\/product\/yoast-seo-wordpress\/ -->\n<title>VD - NewNordicInvestor<\/title>\n<meta name=\"robots\" content=\"index, follow, max-snippet:-1, max-image-preview:large, max-video-preview:-1\" \/>\n<link rel=\"canonical\" href=\"https:\/\/newnordicinvestor.com\/sv\/vd\/\" \/>\n<meta property=\"og:locale\" content=\"sv_SE\" \/>\n<meta property=\"og:type\" content=\"article\" \/>\n<meta property=\"og:title\" content=\"VD - NewNordicInvestor\" \/>\n<meta property=\"og:description\" content=\"[vc_row][vc_column] VD Verkst\u00e4llande direkt\u00f6r utses av styrelsen och ansvarar f\u00f6r den dagliga ledningen av...\" \/>\n<meta property=\"og:url\" content=\"https:\/\/newnordicinvestor.com\/sv\/vd\/\" \/>\n<meta property=\"og:site_name\" content=\"NewNordicInvestor\" \/>\n<meta property=\"article:modified_time\" content=\"2024-12-11T15:13:08+00:00\" \/>\n<meta property=\"og:image\" content=\"https:\/\/newnordicinvestor.com\/wp-content\/uploads\/2023\/01\/i_kk_Investor_320x200_200604.png\" \/>\n\t<meta property=\"og:image:width\" content=\"320\" \/>\n\t<meta property=\"og:image:height\" content=\"200\" \/>\n\t<meta property=\"og:image:type\" content=\"image\/png\" \/>\n<meta name=\"twitter:card\" content=\"summary_large_image\" \/>\n<meta name=\"twitter:label1\" content=\"Ber\u00e4knad l\u00e4stid\" \/>\n\t<meta name=\"twitter:data1\" content=\"2 minuter\" \/>\n<script type=\"application\/ld+json\" class=\"yoast-schema-graph\">{\"@context\":\"https:\\\/\\\/schema.org\",\"@graph\":[{\"@type\":\"WebPage\",\"@id\":\"https:\\\/\\\/newnordicinvestor.com\\\/sv\\\/vd\\\/\",\"url\":\"https:\\\/\\\/newnordicinvestor.com\\\/sv\\\/vd\\\/\",\"name\":\"VD - NewNordicInvestor\",\"isPartOf\":{\"@id\":\"https:\\\/\\\/newnordicinvestor.com\\\/#website\"},\"primaryImageOfPage\":{\"@id\":\"https:\\\/\\\/newnordicinvestor.com\\\/sv\\\/vd\\\/#primaryimage\"},\"image\":{\"@id\":\"https:\\\/\\\/newnordicinvestor.com\\\/sv\\\/vd\\\/#primaryimage\"},\"thumbnailUrl\":\"https:\\\/\\\/newnordicinvestor.com\\\/wp-content\\\/uploads\\\/2023\\\/01\\\/i_kk_Investor_320x200_200604.png\",\"datePublished\":\"2020-09-01T08:54:25+00:00\",\"dateModified\":\"2024-12-11T15:13:08+00:00\",\"breadcrumb\":{\"@id\":\"https:\\\/\\\/newnordicinvestor.com\\\/sv\\\/vd\\\/#breadcrumb\"},\"inLanguage\":\"sv-SE\",\"potentialAction\":[{\"@type\":\"ReadAction\",\"target\":[\"https:\\\/\\\/newnordicinvestor.com\\\/sv\\\/vd\\\/\"]}]},{\"@type\":\"ImageObject\",\"inLanguage\":\"sv-SE\",\"@id\":\"https:\\\/\\\/newnordicinvestor.com\\\/sv\\\/vd\\\/#primaryimage\",\"url\":\"https:\\\/\\\/newnordicinvestor.com\\\/wp-content\\\/uploads\\\/2023\\\/01\\\/i_kk_Investor_320x200_200604.png\",\"contentUrl\":\"https:\\\/\\\/newnordicinvestor.com\\\/wp-content\\\/uploads\\\/2023\\\/01\\\/i_kk_Investor_320x200_200604.png\",\"width\":320,\"height\":200},{\"@type\":\"BreadcrumbList\",\"@id\":\"https:\\\/\\\/newnordicinvestor.com\\\/sv\\\/vd\\\/#breadcrumb\",\"itemListElement\":[{\"@type\":\"ListItem\",\"position\":1,\"name\":\"Home\",\"item\":\"https:\\\/\\\/newnordicinvestor.com\\\/sv\\\/\"},{\"@type\":\"ListItem\",\"position\":2,\"name\":\"VD\"}]},{\"@type\":\"WebSite\",\"@id\":\"https:\\\/\\\/newnordicinvestor.com\\\/#website\",\"url\":\"https:\\\/\\\/newnordicinvestor.com\\\/\",\"name\":\"New Nordic Investor\",\"description\":\"New Nordic Investor\",\"publisher\":{\"@id\":\"https:\\\/\\\/newnordicinvestor.com\\\/#organization\"},\"potentialAction\":[{\"@type\":\"SearchAction\",\"target\":{\"@type\":\"EntryPoint\",\"urlTemplate\":\"https:\\\/\\\/newnordicinvestor.com\\\/?s={search_term_string}\"},\"query-input\":{\"@type\":\"PropertyValueSpecification\",\"valueRequired\":true,\"valueName\":\"search_term_string\"}}],\"inLanguage\":\"sv-SE\"},{\"@type\":\"Organization\",\"@id\":\"https:\\\/\\\/newnordicinvestor.com\\\/#organization\",\"name\":\"New Nordic Healthbrands\",\"url\":\"https:\\\/\\\/newnordicinvestor.com\\\/\",\"logo\":{\"@type\":\"ImageObject\",\"inLanguage\":\"sv-SE\",\"@id\":\"https:\\\/\\\/newnordicinvestor.com\\\/#\\\/schema\\\/logo\\\/image\\\/\",\"url\":\"https:\\\/\\\/newnordicinvestor.com\\\/wp-content\\\/uploads\\\/2020\\\/04\\\/newnordicreg.jpg\",\"contentUrl\":\"https:\\\/\\\/newnordicinvestor.com\\\/wp-content\\\/uploads\\\/2020\\\/04\\\/newnordicreg.jpg\",\"width\":478,\"height\":478,\"caption\":\"New Nordic Healthbrands\"},\"image\":{\"@id\":\"https:\\\/\\\/newnordicinvestor.com\\\/#\\\/schema\\\/logo\\\/image\\\/\"}}]}<\/script>\n<!-- \/ Yoast SEO plugin. -->","yoast_head_json":{"title":"VD - NewNordicInvestor","robots":{"index":"index","follow":"follow","max-snippet":"max-snippet:-1","max-image-preview":"max-image-preview:large","max-video-preview":"max-video-preview:-1"},"canonical":"https:\/\/newnordicinvestor.com\/sv\/vd\/","og_locale":"sv_SE","og_type":"article","og_title":"VD - NewNordicInvestor","og_description":"[vc_row][vc_column] VD Verkst\u00e4llande direkt\u00f6r utses av styrelsen och ansvarar f\u00f6r den dagliga ledningen av...","og_url":"https:\/\/newnordicinvestor.com\/sv\/vd\/","og_site_name":"NewNordicInvestor","article_modified_time":"2024-12-11T15:13:08+00:00","og_image":[{"width":320,"height":200,"url":"https:\/\/newnordicinvestor.com\/wp-content\/uploads\/2023\/01\/i_kk_Investor_320x200_200604.png","type":"image\/png"}],"twitter_card":"summary_large_image","twitter_misc":{"Ber\u00e4knad l\u00e4stid":"2 minuter"},"schema":{"@context":"https:\/\/schema.org","@graph":[{"@type":"WebPage","@id":"https:\/\/newnordicinvestor.com\/sv\/vd\/","url":"https:\/\/newnordicinvestor.com\/sv\/vd\/","name":"VD - NewNordicInvestor","isPartOf":{"@id":"https:\/\/newnordicinvestor.com\/#website"},"primaryImageOfPage":{"@id":"https:\/\/newnordicinvestor.com\/sv\/vd\/#primaryimage"},"image":{"@id":"https:\/\/newnordicinvestor.com\/sv\/vd\/#primaryimage"},"thumbnailUrl":"https:\/\/newnordicinvestor.com\/wp-content\/uploads\/2023\/01\/i_kk_Investor_320x200_200604.png","datePublished":"2020-09-01T08:54:25+00:00","dateModified":"2024-12-11T15:13:08+00:00","breadcrumb":{"@id":"https:\/\/newnordicinvestor.com\/sv\/vd\/#breadcrumb"},"inLanguage":"sv-SE","potentialAction":[{"@type":"ReadAction","target":["https:\/\/newnordicinvestor.com\/sv\/vd\/"]}]},{"@type":"ImageObject","inLanguage":"sv-SE","@id":"https:\/\/newnordicinvestor.com\/sv\/vd\/#primaryimage","url":"https:\/\/newnordicinvestor.com\/wp-content\/uploads\/2023\/01\/i_kk_Investor_320x200_200604.png","contentUrl":"https:\/\/newnordicinvestor.com\/wp-content\/uploads\/2023\/01\/i_kk_Investor_320x200_200604.png","width":320,"height":200},{"@type":"BreadcrumbList","@id":"https:\/\/newnordicinvestor.com\/sv\/vd\/#breadcrumb","itemListElement":[{"@type":"ListItem","position":1,"name":"Home","item":"https:\/\/newnordicinvestor.com\/sv\/"},{"@type":"ListItem","position":2,"name":"VD"}]},{"@type":"WebSite","@id":"https:\/\/newnordicinvestor.com\/#website","url":"https:\/\/newnordicinvestor.com\/","name":"New Nordic Investor","description":"New Nordic Investor","publisher":{"@id":"https:\/\/newnordicinvestor.com\/#organization"},"potentialAction":[{"@type":"SearchAction","target":{"@type":"EntryPoint","urlTemplate":"https:\/\/newnordicinvestor.com\/?s={search_term_string}"},"query-input":{"@type":"PropertyValueSpecification","valueRequired":true,"valueName":"search_term_string"}}],"inLanguage":"sv-SE"},{"@type":"Organization","@id":"https:\/\/newnordicinvestor.com\/#organization","name":"New Nordic Healthbrands","url":"https:\/\/newnordicinvestor.com\/","logo":{"@type":"ImageObject","inLanguage":"sv-SE","@id":"https:\/\/newnordicinvestor.com\/#\/schema\/logo\/image\/","url":"https:\/\/newnordicinvestor.com\/wp-content\/uploads\/2020\/04\/newnordicreg.jpg","contentUrl":"https:\/\/newnordicinvestor.com\/wp-content\/uploads\/2020\/04\/newnordicreg.jpg","width":478,"height":478,"caption":"New Nordic Healthbrands"},"image":{"@id":"https:\/\/newnordicinvestor.com\/#\/schema\/logo\/image\/"}}]}},"_links":{"self":[{"href":"https:\/\/newnordicinvestor.com\/sv\/wp-json\/wp\/v2\/pages\/993","targetHints":{"allow":["GET"]}}],"collection":[{"href":"https:\/\/newnordicinvestor.com\/sv\/wp-json\/wp\/v2\/pages"}],"about":[{"href":"https:\/\/newnordicinvestor.com\/sv\/wp-json\/wp\/v2\/types\/page"}],"author":[{"embeddable":true,"href":"https:\/\/newnordicinvestor.com\/sv\/wp-json\/wp\/v2\/users\/2"}],"replies":[{"embeddable":true,"href":"https:\/\/newnordicinvestor.com\/sv\/wp-json\/wp\/v2\/comments?post=993"}],"version-history":[{"count":7,"href":"https:\/\/newnordicinvestor.com\/sv\/wp-json\/wp\/v2\/pages\/993\/revisions"}],"predecessor-version":[{"id":2558,"href":"https:\/\/newnordicinvestor.com\/sv\/wp-json\/wp\/v2\/pages\/993\/revisions\/2558"}],"wp:featuredmedia":[{"embeddable":true,"href":"https:\/\/newnordicinvestor.com\/sv\/wp-json\/wp\/v2\/media\/1998"}],"wp:attachment":[{"href":"https:\/\/newnordicinvestor.com\/sv\/wp-json\/wp\/v2\/media?parent=993"}],"curies":[{"name":"wp","href":"https:\/\/api.w.org\/{rel}","templated":true}]}}