{"id":995,"date":"2020-09-01T10:54:32","date_gmt":"2020-09-01T08:54:32","guid":{"rendered":"https:\/\/newnordicinvestor.com\/certifierade-radgivare\/"},"modified":"2020-09-01T10:54:32","modified_gmt":"2020-09-01T08:54:32","slug":"certifierade-radgivare","status":"publish","type":"page","link":"https:\/\/newnordicinvestor.com\/sv\/certifierade-radgivare\/","title":{"rendered":"Certifierade r\u00e5dgivare"},"content":{"rendered":"<h1>Certifierad r\u00e5dgivare<\/h1>\n<p>Den certifierade r\u00e5dgivaren ansvarar f\u00f6r att leda och st\u00f6dja f\u00f6retaget i b\u00f6rsprocessen medan det \u00e4r noterat p\u00e5 Nasdaq First North Growth Market. Alla certifierade r\u00e5dgivare \u00e4r godk\u00e4nda av b\u00f6rsen och har deltagit i utbildningen av certifierade r\u00e5dgivare.<\/p>\n<p>New Nordics certifierade r\u00e5dgivare \u00e4r:<\/p>\n<p>Mangold Fondkommission AB<br \/>\nTel.: 08-503 015 50<br \/>\nE-post: <a href=\"mailto:info@mangold.se\">info@mangold.se<\/a><br \/>\n<a href=\"http:\/\/www.mangold.se\/\">www.mangold.se<\/a><\/p>\n","protected":false},"excerpt":{"rendered":"<p>Certifierad r\u00e5dgivare Den certifierade r\u00e5dgivaren ansvarar f\u00f6r att leda och st\u00f6dja f\u00f6retaget i b\u00f6rsprocessen&#8230;<\/p>\n","protected":false},"author":2,"featured_media":0,"parent":0,"menu_order":0,"comment_status":"closed","ping_status":"closed","template":"","meta":{"_acf_changed":false,"footnotes":""},"class_list":["post-995","page","type-page","status-publish","hentry"],"acf":[],"yoast_head":"<!-- This site is optimized with the Yoast SEO plugin v27.1.1 - https:\/\/yoast.com\/product\/yoast-seo-wordpress\/ -->\n<title>Certifierade r\u00e5dgivare - NewNordicInvestor<\/title>\n<meta name=\"robots\" content=\"index, follow, max-snippet:-1, max-image-preview:large, max-video-preview:-1\" \/>\n<link rel=\"canonical\" href=\"https:\/\/newnordicinvestor.com\/sv\/certifierade-radgivare\/\" \/>\n<meta property=\"og:locale\" content=\"sv_SE\" \/>\n<meta property=\"og:type\" content=\"article\" \/>\n<meta property=\"og:title\" content=\"Certifierade r\u00e5dgivare - NewNordicInvestor\" \/>\n<meta property=\"og:description\" content=\"Certifierad r\u00e5dgivare Den certifierade r\u00e5dgivaren ansvarar f\u00f6r att leda och st\u00f6dja f\u00f6retaget i b\u00f6rsprocessen...\" \/>\n<meta property=\"og:url\" content=\"https:\/\/newnordicinvestor.com\/sv\/certifierade-radgivare\/\" \/>\n<meta property=\"og:site_name\" content=\"NewNordicInvestor\" \/>\n<meta name=\"twitter:card\" content=\"summary_large_image\" \/>\n<script type=\"application\/ld+json\" class=\"yoast-schema-graph\">{\"@context\":\"https:\/\/schema.org\",\"@graph\":[{\"@type\":\"WebPage\",\"@id\":\"https:\/\/newnordicinvestor.com\/sv\/certifierade-radgivare\/\",\"url\":\"https:\/\/newnordicinvestor.com\/sv\/certifierade-radgivare\/\",\"name\":\"Certifierade r\u00e5dgivare - NewNordicInvestor\",\"isPartOf\":{\"@id\":\"https:\/\/newnordicinvestor.com\/#website\"},\"datePublished\":\"2020-09-01T08:54:32+00:00\",\"breadcrumb\":{\"@id\":\"https:\/\/newnordicinvestor.com\/sv\/certifierade-radgivare\/#breadcrumb\"},\"inLanguage\":\"sv-SE\",\"potentialAction\":[{\"@type\":\"ReadAction\",\"target\":[\"https:\/\/newnordicinvestor.com\/sv\/certifierade-radgivare\/\"]}]},{\"@type\":\"BreadcrumbList\",\"@id\":\"https:\/\/newnordicinvestor.com\/sv\/certifierade-radgivare\/#breadcrumb\",\"itemListElement\":[{\"@type\":\"ListItem\",\"position\":1,\"name\":\"Home\",\"item\":\"https:\/\/newnordicinvestor.com\/sv\/\"},{\"@type\":\"ListItem\",\"position\":2,\"name\":\"Certifierade r\u00e5dgivare\"}]},{\"@type\":\"WebSite\",\"@id\":\"https:\/\/newnordicinvestor.com\/#website\",\"url\":\"https:\/\/newnordicinvestor.com\/\",\"name\":\"New Nordic Investor\",\"description\":\"New Nordic Investor\",\"publisher\":{\"@id\":\"https:\/\/newnordicinvestor.com\/#organization\"},\"potentialAction\":[{\"@type\":\"SearchAction\",\"target\":{\"@type\":\"EntryPoint\",\"urlTemplate\":\"https:\/\/newnordicinvestor.com\/?s={search_term_string}\"},\"query-input\":{\"@type\":\"PropertyValueSpecification\",\"valueRequired\":true,\"valueName\":\"search_term_string\"}}],\"inLanguage\":\"sv-SE\"},{\"@type\":\"Organization\",\"@id\":\"https:\/\/newnordicinvestor.com\/#organization\",\"name\":\"New Nordic Healthbrands\",\"url\":\"https:\/\/newnordicinvestor.com\/\",\"logo\":{\"@type\":\"ImageObject\",\"inLanguage\":\"sv-SE\",\"@id\":\"https:\/\/newnordicinvestor.com\/#\/schema\/logo\/image\/\",\"url\":\"https:\/\/newnordicinvestor.com\/wp-content\/uploads\/2020\/04\/newnordicreg.jpg\",\"contentUrl\":\"https:\/\/newnordicinvestor.com\/wp-content\/uploads\/2020\/04\/newnordicreg.jpg\",\"width\":478,\"height\":478,\"caption\":\"New Nordic Healthbrands\"},\"image\":{\"@id\":\"https:\/\/newnordicinvestor.com\/#\/schema\/logo\/image\/\"}}]}<\/script>\n<!-- \/ Yoast SEO plugin. -->","yoast_head_json":{"title":"Certifierade r\u00e5dgivare - NewNordicInvestor","robots":{"index":"index","follow":"follow","max-snippet":"max-snippet:-1","max-image-preview":"max-image-preview:large","max-video-preview":"max-video-preview:-1"},"canonical":"https:\/\/newnordicinvestor.com\/sv\/certifierade-radgivare\/","og_locale":"sv_SE","og_type":"article","og_title":"Certifierade r\u00e5dgivare - NewNordicInvestor","og_description":"Certifierad r\u00e5dgivare Den certifierade r\u00e5dgivaren ansvarar f\u00f6r att leda och st\u00f6dja f\u00f6retaget i b\u00f6rsprocessen...","og_url":"https:\/\/newnordicinvestor.com\/sv\/certifierade-radgivare\/","og_site_name":"NewNordicInvestor","twitter_card":"summary_large_image","schema":{"@context":"https:\/\/schema.org","@graph":[{"@type":"WebPage","@id":"https:\/\/newnordicinvestor.com\/sv\/certifierade-radgivare\/","url":"https:\/\/newnordicinvestor.com\/sv\/certifierade-radgivare\/","name":"Certifierade r\u00e5dgivare - NewNordicInvestor","isPartOf":{"@id":"https:\/\/newnordicinvestor.com\/#website"},"datePublished":"2020-09-01T08:54:32+00:00","breadcrumb":{"@id":"https:\/\/newnordicinvestor.com\/sv\/certifierade-radgivare\/#breadcrumb"},"inLanguage":"sv-SE","potentialAction":[{"@type":"ReadAction","target":["https:\/\/newnordicinvestor.com\/sv\/certifierade-radgivare\/"]}]},{"@type":"BreadcrumbList","@id":"https:\/\/newnordicinvestor.com\/sv\/certifierade-radgivare\/#breadcrumb","itemListElement":[{"@type":"ListItem","position":1,"name":"Home","item":"https:\/\/newnordicinvestor.com\/sv\/"},{"@type":"ListItem","position":2,"name":"Certifierade r\u00e5dgivare"}]},{"@type":"WebSite","@id":"https:\/\/newnordicinvestor.com\/#website","url":"https:\/\/newnordicinvestor.com\/","name":"New Nordic Investor","description":"New Nordic Investor","publisher":{"@id":"https:\/\/newnordicinvestor.com\/#organization"},"potentialAction":[{"@type":"SearchAction","target":{"@type":"EntryPoint","urlTemplate":"https:\/\/newnordicinvestor.com\/?s={search_term_string}"},"query-input":{"@type":"PropertyValueSpecification","valueRequired":true,"valueName":"search_term_string"}}],"inLanguage":"sv-SE"},{"@type":"Organization","@id":"https:\/\/newnordicinvestor.com\/#organization","name":"New Nordic Healthbrands","url":"https:\/\/newnordicinvestor.com\/","logo":{"@type":"ImageObject","inLanguage":"sv-SE","@id":"https:\/\/newnordicinvestor.com\/#\/schema\/logo\/image\/","url":"https:\/\/newnordicinvestor.com\/wp-content\/uploads\/2020\/04\/newnordicreg.jpg","contentUrl":"https:\/\/newnordicinvestor.com\/wp-content\/uploads\/2020\/04\/newnordicreg.jpg","width":478,"height":478,"caption":"New Nordic Healthbrands"},"image":{"@id":"https:\/\/newnordicinvestor.com\/#\/schema\/logo\/image\/"}}]}},"_links":{"self":[{"href":"https:\/\/newnordicinvestor.com\/sv\/wp-json\/wp\/v2\/pages\/995","targetHints":{"allow":["GET"]}}],"collection":[{"href":"https:\/\/newnordicinvestor.com\/sv\/wp-json\/wp\/v2\/pages"}],"about":[{"href":"https:\/\/newnordicinvestor.com\/sv\/wp-json\/wp\/v2\/types\/page"}],"author":[{"embeddable":true,"href":"https:\/\/newnordicinvestor.com\/sv\/wp-json\/wp\/v2\/users\/2"}],"replies":[{"embeddable":true,"href":"https:\/\/newnordicinvestor.com\/sv\/wp-json\/wp\/v2\/comments?post=995"}],"version-history":[{"count":0,"href":"https:\/\/newnordicinvestor.com\/sv\/wp-json\/wp\/v2\/pages\/995\/revisions"}],"wp:attachment":[{"href":"https:\/\/newnordicinvestor.com\/sv\/wp-json\/wp\/v2\/media?parent=995"}],"curies":[{"name":"wp","href":"https:\/\/api.w.org\/{rel}","templated":true}]}}