{"id":996,"date":"2020-09-01T10:54:40","date_gmt":"2020-09-01T08:54:40","guid":{"rendered":"https:\/\/newnordicinvestor.com\/foretagsledning\/"},"modified":"2020-09-01T10:54:40","modified_gmt":"2020-09-01T08:54:40","slug":"foretagsledning","status":"publish","type":"page","link":"https:\/\/newnordicinvestor.com\/sv\/foretagsledning\/","title":{"rendered":"F\u00f6retagsledning"},"content":{"rendered":"<h2>Organisation och ledning<\/h2>\n<p>New Nordic har en platt ledningsstruktur. New Nordic  \u00e4r organiserat i en liten, professionell och informell internationell struktur d\u00e4r saker och ting g\u00e5r snabbt och d\u00e4r alla bidrar till att uppn\u00e5 resultat. <\/p>\n<p>New Nordic fokuserar endast p\u00e5 ett varum\u00e4rke \u2013 New Nordics varum\u00e4rke k\u00e4nnetecknas av det karakteristiska Silver-Tree-m\u00e4rket. Organisationen \u00e4r enkel utan n\u00e5gon matrisstruktur. Det finns ett huvudkontor i Malm\u00f6, ett centralt kontor i Roskilde och sedan nationella f\u00f6rs\u00e4ljnings- och marknadsf\u00f6ringskontor. Dessutom driver New Nordic ett lager f\u00f6r r\u00e5material och f\u00e4rdiga varor i Hamburg. F\u00f6retaget fokuserar p\u00e5 de tv\u00e5 mest v\u00e4rdeskapande och varum\u00e4rkesbyggande aff\u00e4rsomr\u00e5dena: Innovation och marknadsf\u00f6ring. Allt annat \u00e4r utlokaliserat. <\/p>\n<p>Huvudkontoret har s\u00e4te i Malm\u00f6. Detta \u00e4r centrum f\u00f6r finansiell konsolidering av den finansiella rapporteringen och kontrollen samt centrum f\u00f6r produktinnovation och marknadsf\u00f6ring. New Nordics kontor i Roskilde, Danmark, \u00e4r centrum f\u00f6r upphandling, kvalitetskontroll och reglering. <\/p>\n<p>Verkst\u00e4llande direkt\u00f6ren, som utses av styrelsen, ansvarar f\u00f6r den dagliga ledningen av New Nordic-koncernen och utser ledam\u00f6terna i ledningsgruppen, vilken best\u00e5r av verkst\u00e4llande direkt\u00f6ren plus huvudchef (som ska utses) och ekonomichef. F\u00f6rutom den verkst\u00e4llande ledningen best\u00e5r ledningsgruppen av huvudchefen f\u00f6r kvalitetss\u00e4kring\/riskbed\u00f6mning, chefen f\u00f6r innovation, chefen f\u00f6r upphandling, 10 landschefer och 3 omr\u00e5deschefer, som alla rapporterar till VD:n. Av de 19 personerna i ledningsgruppen \u00e4r 9 kvinnor och 10 m\u00e4n. <\/p>\n<p>Ekonomichefen och hans avdelning ansvarar f\u00f6r att omvandla New Nordics m\u00e5l till v\u00e5ra lands- och omr\u00e5deschefer. Ekonomichefen och hans team ansvarar ocks\u00e5 f\u00f6r genomf\u00f6rande, ledning, st\u00f6d och uppf\u00f6ljning av den finansiella delen av New Nordics initiativ och tillv\u00e4xt samt f\u00f6r att klarg\u00f6ra f\u00f6retagets prioriteringar. Ekonomichefen ansvarar ocks\u00e5 f\u00f6r att f\u00f6ra insiderlistor och rapportera till de svenska finansmyndigheterna, Finansinspektionen. Ekonomichefen har ett n\u00e4ra samarbete med VD:n i finansiella fr\u00e5gor, bland annat i kontrollfr\u00e5gor f\u00f6r internationella dotterf\u00f6retag, fr\u00e5gor om fastst\u00e4llande av finansiella m\u00e5l och prioriteringar samt fr\u00e5gor om investerarrelationer. Han bitr\u00e4der \u00e4ven VD:n i rapporteringen till styrelsen. <\/p>\n<p>Huvudchefen som ska utses kommer att ha ett n\u00e4ra samarbete med VD:n med ett s\u00e4rskilt ansvar f\u00f6r den dagliga driften av Roskilde-kontoret och de operativa ink\u00f6ps- och logistikfr\u00e5gorna, f\u00f6r online- och f\u00f6rs\u00e4ljningsfr\u00e5gor samt IT-utveckling. Huvudchefen kommer att ha ett n\u00e4ra samarbete med VD:n och assistera honom i fr\u00e5gor som produktutveckling och lansering av nya produkter, priss\u00e4ttningsstrategi, f\u00f6rs\u00e4ljning och l\u00f6nsamhet, marknadsf\u00f6ring, h\u00e5llbarhet, expansion, utveckling av det internationella f\u00f6rs\u00e4ljningsbolaget och distributionsn\u00e4tet. <\/p>\n<p>New Nordic uppmuntrar ett n\u00e4ra dagligt samarbete mellan den verkst\u00e4llande ledningen, det vill s\u00e4ga VD:n, ekonomichefen och huvudchefen. Ledningsgruppen har minst ett formellt ledningsm\u00f6te per m\u00e5nad. <\/p>\n<p>Ledningsgruppen har ocks\u00e5 en n\u00e4ra kontakt f\u00f6r att &#8221;eliminera det geografiska avst\u00e5ndet&#8221; och arbeta som en homogen grupp \u00f6ver gr\u00e4nser och kulturer. De internationella cheferna tr\u00e4ffas regelbundet efter behov i interna och externa fr\u00e5gor. Alla chefer tr\u00e4ffas minst tv\u00e5 g\u00e5nger om \u00e5ret vid ett m\u00f6te i Malm\u00f6 eller K\u00f6penhamn och en g\u00e5ng om \u00e5ret under n\u00e5gra dagar vid det \u00e5rliga internationella ledningsm\u00f6tet. Lands- och omr\u00e5descheferna tr\u00e4ffas ocks\u00e5 en eller tv\u00e5 g\u00e5nger om \u00e5ret f\u00f6r ett regionalt marknadsf\u00f6ringsm\u00f6te och en g\u00e5ng om \u00e5ret f\u00f6r ett internationellt marknadsf\u00f6ringsm\u00f6te. En del av ledningsgruppen kommer att tr\u00e4ffa internationella distribut\u00f6rer en g\u00e5ng om \u00e5ret vid det internationella New Nordic-m\u00f6tet (Distribut\u00f6rsm\u00f6te). <\/p>\n<div class=\"\">\n<h2><strong><span class=\"\">VERKST\u00c4LLANDE LEDNING (C-SUITE)<\/span><\/strong><\/h2>\n<div class=\"\"><span class=\"\">Verkst\u00e4llande direkt\u00f6r, VD: Karl Kristian Bergman Jensen<\/span><\/div>\n<div class=\"\"><span class=\"\">Ekonomichef: Ivan Ruscic<\/span><\/div>\n<div class=\"\"><span class=\"\">Huvudchef: NN<\/span><\/div>\n<div class=\"\"><span class=\"\">\u00a0<\/span><\/div>\n<h2><strong><span class=\"\">AFF\u00c4RSFUNKTIONER<\/span><\/strong><\/h2>\n<div class=\"\"><span class=\"\">Styrning: Styrelsen och verkst\u00e4llande ledningen<\/span><\/div>\n<div class=\"\"><span class=\"\">Strategi: Styrelsen och verkst\u00e4llande ledningen<\/span><\/div>\n<div class=\"\"><span class=\"\">Ekonomi: Styrelsen, Revisionsutskottet, VD:n, ekonomichefen, och International Financial Controller<\/span><\/div>\n<div class=\"\"><span class=\"\">Innovation (Forskning och utveckling): VD, huvudchef och chefen f\u00f6r produktutveckling, Fran\u00e7ois Gerard<\/span><\/div>\n<div class=\"\"><span class=\"\">Design och formgivning: VD och Art Director, Charlotee Decmann<\/span><\/div>\n<div class=\"\"><span class=\"\">Marknadsf\u00f6ring: VD, huvudchef, lands- och omr\u00e5descheferna Informationsteknik: Verkst\u00e4llande ledningen<\/span><\/div>\n<div class=\"\"><span class=\"\">Kundservice: Huvudchef och lands- och omr\u00e5descheferna<\/span><\/div>\n<div class=\"\"><span class=\"\">Human Resources: VD och huvudchef<\/span><\/div>\n<div class=\"\"><span class=\"\">Produktion, sourcing, distributionskedja och logistik: Huvudchef och produktions- och distributionskedjechef, Morten Olsen<\/span><\/div>\n<div class=\"\"><span class=\"\">Kvalitetss\u00e4kring\/tillsyn: VD och allm\u00e4n QA-\/RA-chef, Eva Abildgaard<\/span><\/div>\n<div class=\"\"><span class=\"\">Nationell drift, Distribution och f\u00f6rs\u00e4ljning: VD, Huvudchef samt lands- och omr\u00e5descheferna<\/span><\/div>\n<div class=\"\"><span class=\"\">\u00a0<\/span><\/div>\n<h2><strong><span class=\"\">LANDS- OCH OMR\u00c5DESCHEFER<\/span><\/strong><\/h2>\n<div class=\"\"><span class=\"\">Australien: Linn Wayne<\/span><\/div>\n<div class=\"\"><span class=\"\">Baltiska och \u00f6stmarknaderna: Tauras Masanauskas Kanada och  USA: Jan Petersen<\/span><\/div>\n<div class=\"\"><span class=\"\">Kina och Hong Kong: Fei Zhao<\/span><\/div>\n<div class=\"\"><span class=\"\">Danmark: Lena Bergman<\/span><\/div>\n<div class=\"\"><span class=\"\">Finland: Nanna Moilanen<\/span><\/div>\n<div class=\"\"><span class=\"\">Frankrike: Karl Kristian Bergman Jensen<\/span><\/div>\n<div class=\"\"><span class=\"\">Tyskland, Benelux, Schweiz och Spanien: Tatiana Petukhova<\/span><\/div>\n<div class=\"\"><span class=\"\">Italien: Andra Manicardi<\/span><\/div>\n<div class=\"\"><span class=\"\">Norge: Therese Foldvik<\/span><\/div>\n<div class=\"\"><span class=\"\">Polen: Grzegorz Gruchal<\/span><\/div>\n<div class=\"\"><span class=\"\">Rum\u00e4nien och Slovakien: Mira J\u00f8rgensen Sverige: Ylva Tamner<\/span><\/div>\n<div class=\"\"><span class=\"\">Storbritannien och Irland: Steve Skitt<\/span><\/div>\n<\/div>\n","protected":false},"excerpt":{"rendered":"<p>Organisation och ledning New Nordic har en platt ledningsstruktur. New Nordic \u00e4r organiserat i&#8230;<\/p>\n","protected":false},"author":2,"featured_media":0,"parent":0,"menu_order":0,"comment_status":"closed","ping_status":"closed","template":"","meta":{"_acf_changed":false,"footnotes":""},"class_list":["post-996","page","type-page","status-publish","hentry"],"acf":[],"yoast_head":"<!-- This site is optimized with the Yoast SEO plugin v27.1.1 - https:\/\/yoast.com\/product\/yoast-seo-wordpress\/ -->\n<title>F\u00f6retagsledning - NewNordicInvestor<\/title>\n<meta name=\"robots\" content=\"index, follow, max-snippet:-1, max-image-preview:large, max-video-preview:-1\" \/>\n<link rel=\"canonical\" href=\"https:\/\/newnordicinvestor.com\/sv\/foretagsledning\/\" \/>\n<meta property=\"og:locale\" content=\"sv_SE\" \/>\n<meta property=\"og:type\" content=\"article\" \/>\n<meta property=\"og:title\" content=\"F\u00f6retagsledning - NewNordicInvestor\" \/>\n<meta property=\"og:description\" content=\"Organisation och ledning New Nordic har en platt ledningsstruktur. New Nordic \u00e4r organiserat i...\" \/>\n<meta property=\"og:url\" content=\"https:\/\/newnordicinvestor.com\/sv\/foretagsledning\/\" \/>\n<meta property=\"og:site_name\" content=\"NewNordicInvestor\" \/>\n<meta name=\"twitter:card\" content=\"summary_large_image\" \/>\n<meta name=\"twitter:label1\" content=\"Ber\u00e4knad l\u00e4stid\" \/>\n\t<meta name=\"twitter:data1\" content=\"4 minuter\" \/>\n<script type=\"application\/ld+json\" class=\"yoast-schema-graph\">{\"@context\":\"https:\/\/schema.org\",\"@graph\":[{\"@type\":\"WebPage\",\"@id\":\"https:\/\/newnordicinvestor.com\/sv\/foretagsledning\/\",\"url\":\"https:\/\/newnordicinvestor.com\/sv\/foretagsledning\/\",\"name\":\"F\u00f6retagsledning - NewNordicInvestor\",\"isPartOf\":{\"@id\":\"https:\/\/newnordicinvestor.com\/#website\"},\"datePublished\":\"2020-09-01T08:54:40+00:00\",\"breadcrumb\":{\"@id\":\"https:\/\/newnordicinvestor.com\/sv\/foretagsledning\/#breadcrumb\"},\"inLanguage\":\"sv-SE\",\"potentialAction\":[{\"@type\":\"ReadAction\",\"target\":[\"https:\/\/newnordicinvestor.com\/sv\/foretagsledning\/\"]}]},{\"@type\":\"BreadcrumbList\",\"@id\":\"https:\/\/newnordicinvestor.com\/sv\/foretagsledning\/#breadcrumb\",\"itemListElement\":[{\"@type\":\"ListItem\",\"position\":1,\"name\":\"Home\",\"item\":\"https:\/\/newnordicinvestor.com\/sv\/\"},{\"@type\":\"ListItem\",\"position\":2,\"name\":\"F\u00f6retagsledning\"}]},{\"@type\":\"WebSite\",\"@id\":\"https:\/\/newnordicinvestor.com\/#website\",\"url\":\"https:\/\/newnordicinvestor.com\/\",\"name\":\"New Nordic Investor\",\"description\":\"New Nordic Investor\",\"publisher\":{\"@id\":\"https:\/\/newnordicinvestor.com\/#organization\"},\"potentialAction\":[{\"@type\":\"SearchAction\",\"target\":{\"@type\":\"EntryPoint\",\"urlTemplate\":\"https:\/\/newnordicinvestor.com\/?s={search_term_string}\"},\"query-input\":{\"@type\":\"PropertyValueSpecification\",\"valueRequired\":true,\"valueName\":\"search_term_string\"}}],\"inLanguage\":\"sv-SE\"},{\"@type\":\"Organization\",\"@id\":\"https:\/\/newnordicinvestor.com\/#organization\",\"name\":\"New Nordic Healthbrands\",\"url\":\"https:\/\/newnordicinvestor.com\/\",\"logo\":{\"@type\":\"ImageObject\",\"inLanguage\":\"sv-SE\",\"@id\":\"https:\/\/newnordicinvestor.com\/#\/schema\/logo\/image\/\",\"url\":\"https:\/\/newnordicinvestor.com\/wp-content\/uploads\/2020\/04\/newnordicreg.jpg\",\"contentUrl\":\"https:\/\/newnordicinvestor.com\/wp-content\/uploads\/2020\/04\/newnordicreg.jpg\",\"width\":478,\"height\":478,\"caption\":\"New Nordic Healthbrands\"},\"image\":{\"@id\":\"https:\/\/newnordicinvestor.com\/#\/schema\/logo\/image\/\"}}]}<\/script>\n<!-- \/ Yoast SEO plugin. -->","yoast_head_json":{"title":"F\u00f6retagsledning - NewNordicInvestor","robots":{"index":"index","follow":"follow","max-snippet":"max-snippet:-1","max-image-preview":"max-image-preview:large","max-video-preview":"max-video-preview:-1"},"canonical":"https:\/\/newnordicinvestor.com\/sv\/foretagsledning\/","og_locale":"sv_SE","og_type":"article","og_title":"F\u00f6retagsledning - NewNordicInvestor","og_description":"Organisation och ledning New Nordic har en platt ledningsstruktur. New Nordic \u00e4r organiserat i...","og_url":"https:\/\/newnordicinvestor.com\/sv\/foretagsledning\/","og_site_name":"NewNordicInvestor","twitter_card":"summary_large_image","twitter_misc":{"Ber\u00e4knad l\u00e4stid":"4 minuter"},"schema":{"@context":"https:\/\/schema.org","@graph":[{"@type":"WebPage","@id":"https:\/\/newnordicinvestor.com\/sv\/foretagsledning\/","url":"https:\/\/newnordicinvestor.com\/sv\/foretagsledning\/","name":"F\u00f6retagsledning - NewNordicInvestor","isPartOf":{"@id":"https:\/\/newnordicinvestor.com\/#website"},"datePublished":"2020-09-01T08:54:40+00:00","breadcrumb":{"@id":"https:\/\/newnordicinvestor.com\/sv\/foretagsledning\/#breadcrumb"},"inLanguage":"sv-SE","potentialAction":[{"@type":"ReadAction","target":["https:\/\/newnordicinvestor.com\/sv\/foretagsledning\/"]}]},{"@type":"BreadcrumbList","@id":"https:\/\/newnordicinvestor.com\/sv\/foretagsledning\/#breadcrumb","itemListElement":[{"@type":"ListItem","position":1,"name":"Home","item":"https:\/\/newnordicinvestor.com\/sv\/"},{"@type":"ListItem","position":2,"name":"F\u00f6retagsledning"}]},{"@type":"WebSite","@id":"https:\/\/newnordicinvestor.com\/#website","url":"https:\/\/newnordicinvestor.com\/","name":"New Nordic Investor","description":"New Nordic Investor","publisher":{"@id":"https:\/\/newnordicinvestor.com\/#organization"},"potentialAction":[{"@type":"SearchAction","target":{"@type":"EntryPoint","urlTemplate":"https:\/\/newnordicinvestor.com\/?s={search_term_string}"},"query-input":{"@type":"PropertyValueSpecification","valueRequired":true,"valueName":"search_term_string"}}],"inLanguage":"sv-SE"},{"@type":"Organization","@id":"https:\/\/newnordicinvestor.com\/#organization","name":"New Nordic Healthbrands","url":"https:\/\/newnordicinvestor.com\/","logo":{"@type":"ImageObject","inLanguage":"sv-SE","@id":"https:\/\/newnordicinvestor.com\/#\/schema\/logo\/image\/","url":"https:\/\/newnordicinvestor.com\/wp-content\/uploads\/2020\/04\/newnordicreg.jpg","contentUrl":"https:\/\/newnordicinvestor.com\/wp-content\/uploads\/2020\/04\/newnordicreg.jpg","width":478,"height":478,"caption":"New Nordic Healthbrands"},"image":{"@id":"https:\/\/newnordicinvestor.com\/#\/schema\/logo\/image\/"}}]}},"_links":{"self":[{"href":"https:\/\/newnordicinvestor.com\/sv\/wp-json\/wp\/v2\/pages\/996","targetHints":{"allow":["GET"]}}],"collection":[{"href":"https:\/\/newnordicinvestor.com\/sv\/wp-json\/wp\/v2\/pages"}],"about":[{"href":"https:\/\/newnordicinvestor.com\/sv\/wp-json\/wp\/v2\/types\/page"}],"author":[{"embeddable":true,"href":"https:\/\/newnordicinvestor.com\/sv\/wp-json\/wp\/v2\/users\/2"}],"replies":[{"embeddable":true,"href":"https:\/\/newnordicinvestor.com\/sv\/wp-json\/wp\/v2\/comments?post=996"}],"version-history":[{"count":0,"href":"https:\/\/newnordicinvestor.com\/sv\/wp-json\/wp\/v2\/pages\/996\/revisions"}],"wp:attachment":[{"href":"https:\/\/newnordicinvestor.com\/sv\/wp-json\/wp\/v2\/media?parent=996"}],"curies":[{"name":"wp","href":"https:\/\/api.w.org\/{rel}","templated":true}]}}